
{"id":99,"date":"2022-09-02T08:12:04","date_gmt":"2022-09-02T06:12:04","guid":{"rendered":"https:\/\/audioacademyeu.eu\/sk\/?post_type=product&#038;p=99"},"modified":"2024-06-18T06:39:25","modified_gmt":"2024-06-18T04:39:25","slug":"anglictina-slovna-zasoba-pre-mierne-pokrocilych-b1-cast-1","status":"publish","type":"product","link":"https:\/\/audioacademyeu.eu\/sk\/item\/anglictina-slovna-zasoba-pre-mierne-pokrocilych-b1-cast-1\/","title":{"rendered":"Angli\u010dtina- slovn\u00e1 z\u00e1soba pre mierne pokro\u010dil\u00fdch B1 &#8211; \u010das\u0165 1"},"content":{"rendered":"<p>\u010eakujeme za v\u00e1\u0161 z\u00e1ujem o kurz Angli\u010dtina- slovn\u00e1 z\u00e1soba pre mierne pokro\u010dil\u00fdch B1_\u010das\u0165 1. Kurz je ur\u010den\u00fd pre mierne pokro\u010dil\u00fdch \u0161tudentov, ktor\u00ed u\u017e angli\u010dtinu \u0161tudovali jeden alebo dva roky a maj\u00fa osvojen\u00e9 jej z\u00e1klady.<\/p>\n<p>Kurz je zalo\u017een\u00fd na kontextovom u\u010den\u00ed, to znamen\u00e1, \u017ee sa nau\u010d\u00edte nielen slov\u00ed\u010dka, ale aj vety, v ktor\u00fdch ich m\u00f4\u017eete pou\u017ei\u0165. Vzh\u013eadom na jeho rozsah je rozdelen\u00fd na dve \u010dasti a vy pr\u00e1ve \u010d\u00edtate \u00favod k\u00a0jeho prvej \u010dasti.\u00a0 Celkom tu n\u00e1jdete 2000 slov\u00ed\u010dok a viet na precvi\u010denie.<\/p>\n<p>Jednotliv\u00e9 lekcie s\u00fa rozdelen\u00e9 pod\u013ea t\u00e9m a ka\u017ed\u00e1 obsahuje in\u00fd po\u010det slov a viet. \u00darove\u0148 B1 je mierne pokro\u010dil\u00e1, preto je v\u00e4\u010d\u0161ina priestoru venovan\u00e1 t\u00e9mam ako <strong>pr\u00e1ca<\/strong>, <strong>vlastnosti<\/strong>, <strong>aktivity<\/strong> , zatia\u013e \u010do t\u00e9my ako <strong>cestovanie<\/strong>, <strong>vo\u013en\u00fd \u010das<\/strong>, <strong>rodina<\/strong> s\u00fa zahrnut\u00e9 v men\u0161ej miere, ke\u010f\u017ee im bol venovan\u00fd v\u00e4\u010d\u0161\u00ed priestor v predch\u00e1dzaj\u00facej \u010dasti kurzu<\/p>\n<p>Ako s\u00a0kurzom najlep\u0161ie pracova\u0165? Vyberte si lekciu, ktorou chcete za\u010da\u0165. Ka\u017ed\u00e1 lekcia obsahuje \u0161es\u0165 st\u00f4p. Najprv sa pri ka\u017edej lekcii obozn\u00e1mte so samotnou slovnou z\u00e1sobou (stopy 1 a 2). Potom nasleduje slov\u00ed\u010dko a pr\u00edkladov\u00e1 veta, op\u00e4\u0165 v oboch mo\u017enostiach prekladu (stopy 3 a 4).\u00a0 Potom prejdite na cel\u00e9 vety (stopa 5 a 6). Ke\u010f zvl\u00e1dnete preklad viet zo sloven\u010diny do angli\u010dtiny (lekcia 6) v \u010dasovej medzere pred anglick\u00fdm prekladom, m\u00e1te vyhrat\u00e9. Samotn\u00e9 slov\u00e1 v\u00e1m pom\u00f4\u017eu pochopi\u0165 v\u00fdznam, ale pou\u017e\u00edvanie zvl\u00e1dnut\u00fdch cel\u00fdch viet v\u00e1m pom\u00f4\u017ee komunikova\u0165 ove\u013ea lep\u0161ie.<\/p>\n<p>K\u00a0tomuto\u00a0kurzu m\u00e1te zdarma k\u00a0dispoz\u00edcii skript\u00e1, v\u010faka kter\u00fdm bud\u00fa va\u0161e aktivity s kurzom ove\u013ea efekt\u00edvnej\u0161ie. N\u00e1jdete v\u00a0nich sprievodcu u\u010den\u00edm s u\u017eito\u010dn\u00fdmi tipmi ako mo\u017eno urobi\u0165 u\u010denie \u00fa\u010delnej\u0161\u00edm, pl\u00e1n lekci\u00ed na zaznamen\u00e1vanie pokroku, prepis zvukov\u00fdch st\u00f4p (pre pr\u00edpad, \u017ee nie\u010domu nerozumiete) a obojstrann\u00e9 karti\u010dky, aby ste sa mohli u\u010di\u0165 a opakova\u0165, aj vtedy ke\u010f nem\u00f4\u017eete po\u010d\u00fava\u0165. Pre t\u00fdch, ktor\u00ed sa radi testuj\u00fa, je v ka\u017edej lekcii k dispoz\u00edcii prekladov\u00fd test s k\u013e\u00fa\u010dom k\u00a0spr\u00e1vnym odpovediam.<\/p>\n<ul>\n<li>Lekcia 01 &#8211; Aktivity_01<\/li>\n<li>Lekcia 02 &#8211; Aktivity_02<\/li>\n<li>Lekcia 03 &#8211; B\u00fdvanie<\/li>\n<li>Lekcia 04 &#8211; Cestovanie<\/li>\n<li>Lekcia 05 &#8211; Cestovanie_02<\/li>\n<li>Lekcia 06 &#8211; De\u0148<\/li>\n<li>Lekcia 07 &#8211; Jedlo<\/li>\n<li>Lekcia 08 &#8211; Komunik\u00e1cia_01<\/li>\n<li>Lekcia 09 &#8211; Komunik\u00e1cia_02<\/li>\n<li>Lekcia 10 &#8211; Komunik\u00e1cia_03<\/li>\n<li>Lekcia 11 &#8211; Mesto<\/li>\n<\/ul>\n","protected":false},"excerpt":{"rendered":"<p>Kurz Angli\u010dtina- slovn\u00e1 z\u00e1soba pre mierne pokro\u010dil\u00fdch B1 &#8211; \u010das\u0165 1je ur\u010den\u00fd pre mierne pokro\u010dil\u00fdch \u0161tudentov, ktor\u00ed u\u017e angli\u010dtinu \u0161tudovali jeden alebo dva roky a maj\u00fa osvojen\u00e9 jej z\u00e1klady.<\/p>\n","protected":false},"featured_media":97,"comment_status":"open","ping_status":"closed","template":"","meta":{"_acf_changed":false,"inline_featured_image":false,"_sitemap_exclude":false,"_sitemap_priority":"","_sitemap_frequency":""},"product_brand":[],"product_cat":[18,17],"product_tag":[],"class_list":{"0":"post-99","1":"product","2":"type-product","3":"status-publish","4":"has-post-thumbnail","6":"product_cat-vseobecna-anglictina","7":"product_cat-anglictina","8":"pa_dlzka-37","9":"pa_format-mp3","10":"pa_jazykova-uroven-a2-b1","11":"pa_jazykova-uroven-b1","12":"pa_jazykova-uroven-b1-b2","14":"first","15":"outofstock","16":"downloadable","17":"virtual","18":"purchasable","19":"product-type-simple"},"acf":[],"_links":{"self":[{"href":"https:\/\/audioacademyeu.eu\/sk\/wp-json\/wp\/v2\/product\/99","targetHints":{"allow":["GET"]}}],"collection":[{"href":"https:\/\/audioacademyeu.eu\/sk\/wp-json\/wp\/v2\/product"}],"about":[{"href":"https:\/\/audioacademyeu.eu\/sk\/wp-json\/wp\/v2\/types\/product"}],"replies":[{"embeddable":true,"href":"https:\/\/audioacademyeu.eu\/sk\/wp-json\/wp\/v2\/comments?post=99"}],"wp:featuredmedia":[{"embeddable":true,"href":"https:\/\/audioacademyeu.eu\/sk\/wp-json\/wp\/v2\/media\/97"}],"wp:attachment":[{"href":"https:\/\/audioacademyeu.eu\/sk\/wp-json\/wp\/v2\/media?parent=99"}],"wp:term":[{"taxonomy":"product_brand","embeddable":true,"href":"https:\/\/audioacademyeu.eu\/sk\/wp-json\/wp\/v2\/product_brand?post=99"},{"taxonomy":"product_cat","embeddable":true,"href":"https:\/\/audioacademyeu.eu\/sk\/wp-json\/wp\/v2\/product_cat?post=99"},{"taxonomy":"product_tag","embeddable":true,"href":"https:\/\/audioacademyeu.eu\/sk\/wp-json\/wp\/v2\/product_tag?post=99"}],"curies":[{"name":"wp","href":"https:\/\/api.w.org\/{rel}","templated":true}]}}