
{"id":725,"date":"2024-06-18T19:46:06","date_gmt":"2024-06-18T17:46:06","guid":{"rendered":"https:\/\/audioacademyeu.eu\/sk\/?post_type=product&#038;p=725"},"modified":"2025-06-18T20:38:35","modified_gmt":"2025-06-18T18:38:35","slug":"anglictina-balicek-pre-mierne-pokrocilych-2024","status":"publish","type":"product","link":"https:\/\/audioacademyeu.eu\/sk\/item\/anglictina-balicek-pre-mierne-pokrocilych-2024\/","title":{"rendered":"Angli\u010dtina &#8211; bal\u00ed\u010dek pre mierne pokro\u010dil\u00fdch"},"content":{"rendered":"<ul>\n<li>Angli\u010dtina- slovn\u00e1 z\u00e1soba pre mierne pokro\u010dil\u00fdch B1 &#8211; \u010das\u0165 1<\/li>\n<li>Angli\u010dtina- slovn\u00e1 z\u00e1soba pre mierne pokro\u010dil\u00fdch B1 &#8211; \u010das\u0165 2<\/li>\n<li>Technick\u00e1 angli\u010dtina A1-B1<\/li>\n<\/ul>\n","protected":false},"excerpt":{"rendered":"<p>Bal\u00ed\u010dek pre mierne pokro\u010dil\u00fdch &#8211; technick\u00e1 angli\u010dtina, angli\u010dtina pre mierne prokro\u010dil\u00fdch \u010d\u00e1s\u0165 1 a 2<\/p>\n","protected":false},"featured_media":727,"comment_status":"open","ping_status":"closed","template":"","meta":{"_acf_changed":true,"inline_featured_image":false,"_sitemap_exclude":false,"_sitemap_priority":"","_sitemap_frequency":""},"product_brand":[],"product_cat":[94,43],"product_tag":[],"class_list":{"0":"post-725","1":"product","2":"type-product","3":"status-publish","4":"has-post-thumbnail","6":"product_cat-anglictina-vyhodny-balik","7":"product_cat-vyhodny-balik","8":"pa_dlzka-148","9":"pa_format-mp3","10":"pa_jazykova-uroven-a1","11":"pa_jazykova-uroven-a1-a2","12":"pa_jazykova-uroven-a2","13":"pa_jazykova-uroven-a2-b1","14":"pa_jazykova-uroven-b1","15":"pa_jazykova-uroven-b1-b2","17":"first","18":"instock","19":"downloadable","20":"virtual","21":"purchasable","22":"product-type-simple"},"acf":[],"_links":{"self":[{"href":"https:\/\/audioacademyeu.eu\/sk\/wp-json\/wp\/v2\/product\/725","targetHints":{"allow":["GET"]}}],"collection":[{"href":"https:\/\/audioacademyeu.eu\/sk\/wp-json\/wp\/v2\/product"}],"about":[{"href":"https:\/\/audioacademyeu.eu\/sk\/wp-json\/wp\/v2\/types\/product"}],"replies":[{"embeddable":true,"href":"https:\/\/audioacademyeu.eu\/sk\/wp-json\/wp\/v2\/comments?post=725"}],"wp:featuredmedia":[{"embeddable":true,"href":"https:\/\/audioacademyeu.eu\/sk\/wp-json\/wp\/v2\/media\/727"}],"wp:attachment":[{"href":"https:\/\/audioacademyeu.eu\/sk\/wp-json\/wp\/v2\/media?parent=725"}],"wp:term":[{"taxonomy":"product_brand","embeddable":true,"href":"https:\/\/audioacademyeu.eu\/sk\/wp-json\/wp\/v2\/product_brand?post=725"},{"taxonomy":"product_cat","embeddable":true,"href":"https:\/\/audioacademyeu.eu\/sk\/wp-json\/wp\/v2\/product_cat?post=725"},{"taxonomy":"product_tag","embeddable":true,"href":"https:\/\/audioacademyeu.eu\/sk\/wp-json\/wp\/v2\/product_tag?post=725"}],"curies":[{"name":"wp","href":"https:\/\/api.w.org\/{rel}","templated":true}]}}