
{"id":721,"date":"2024-06-18T07:18:59","date_gmt":"2024-06-18T05:18:59","guid":{"rendered":"https:\/\/audioacademyeu.eu\/sk\/?post_type=product&#038;p=721"},"modified":"2025-06-18T20:39:56","modified_gmt":"2025-06-18T18:39:56","slug":"anglictina-megaslovicka-2024","status":"publish","type":"product","link":"https:\/\/audioacademyeu.eu\/sk\/item\/anglictina-megaslovicka-2024\/","title":{"rendered":"Angli\u010dtina &#8211; Megaslov\u00ed\u010dka"},"content":{"rendered":"<p>Kurz Angli\u010dtina\u00a0&#8211; slovn\u00e1 z\u00e1soba A1,A2 je ur\u010den\u00fd pre \u00fapln\u00fdch a falo\u0161n\u00fdch za\u010diato\u010dn\u00edkov, tak\u017ee ak sa u\u017e nejak\u00fd \u010das angli\u010dtinu u\u010d\u00edte a chcete si ju d\u00f4kladne zopakova\u0165, je tento kurz ur\u010den\u00fd pr\u00e1ve pre v\u00e1s.<\/p>\n<p>Kurz Angli\u010dtina &#8211; slovn\u00e1 z\u00e1soba pre mierne pokro\u010dil\u00fdch B1 &#8211; \u010das\u0165 1 je ur\u010den\u00fd pre mierne pokro\u010dil\u00fdch \u0161tudentov, ktor\u00ed u\u017e angli\u010dtinu \u0161tudovali jeden alebo dva roky a maj\u00fa osvojen\u00e9 jej z\u00e1klady.<\/p>\n<p>Kurz Angli\u010dtina &#8211; slovn\u00e1 z\u00e1soba pre mierne pokro\u010dil\u00fdch B1 &#8211; \u010das\u0165 2 je ur\u010den\u00fd pre mierne pokro\u010dil\u00fdch \u0161tudentov, ktor\u00ed u\u017e angli\u010dtinu \u0161tudovali jeden alebo dva roky a maj\u00fa osvojen\u00e9 jej z\u00e1klady.<\/p>\n<p>Kurz Angli\u010dtina \u2013 slovn\u00e1 z\u00e1soba pre pokro\u010dil\u00fdch \u00a0B2 je ur\u010den\u00fd pre pokro\u010dil\u00fdch pou\u017e\u00edvate\u013eov. Jeho pomocou si roz\u0161\u00edrite pokro\u010dilej\u0161iu slovn\u00fa z\u00e1sobu a upevn\u00edte alebo roz\u0161\u00edrite si svoje vedomosti o zlo\u017eitej\u0161ie gramatick\u00e9 t\u00e9my.<\/p>\n<p>Kurz Angli\u010dtina \u2013 slovn\u00e1 z\u00e1soba pre pokro\u010dil\u00fdch\u00a0 C1, C2 je ur\u010den\u00fd pre pokro\u010dil\u00fdch pou\u017e\u00edvate\u013eov, ktor\u00ed u\u017e \u0161tandardne v angli\u010dtine komunikuj\u00fa.<\/p>\n","protected":false},"excerpt":{"rendered":"<p>Bal\u00ed\u010dek angli\u010dtina &#8211; megaslov\u00ed\u010dka &#8211; slovn\u00e1 z\u00e1soba A1,A2, B1, B2, C1, C2<\/p>\n","protected":false},"featured_media":722,"comment_status":"open","ping_status":"closed","template":"","meta":{"_acf_changed":true,"inline_featured_image":false,"_sitemap_exclude":false,"_sitemap_priority":"","_sitemap_frequency":""},"product_brand":[],"product_cat":[94,43],"product_tag":[],"class_list":{"0":"post-721","1":"product","2":"type-product","3":"status-publish","4":"has-post-thumbnail","6":"product_cat-anglictina-vyhodny-balik","7":"product_cat-vyhodny-balik","8":"pa_dlzka-124","9":"pa_dlzka-140","10":"pa_dlzka-129","11":"pa_dlzka-141","12":"pa_dlzka-130","13":"pa_dlzka-79","14":"pa_dlzka-41","15":"pa_dlzka-123","16":"pa_dlzka-112","17":"pa_dlzka-144","18":"pa_dlzka-132","19":"pa_dlzka-38","20":"pa_dlzka-78","21":"pa_dlzka-54","22":"pa_dlzka-114","23":"pa_dlzka-88","24":"pa_dlzka-37","25":"pa_dlzka-42","26":"pa_dlzka-143","27":"pa_dlzka-53","28":"pa_dlzka-77","29":"pa_dlzka-87","30":"pa_dlzka-131","31":"pa_dlzka-67","32":"pa_dlzka-142","33":"pa_dlzka-128","34":"pa_dlzka-111","35":"pa_dlzka-110","36":"pa_dlzka-36","37":"pa_dlzka-52","38":"pa_dlzka-63","39":"pa_dlzka-145","40":"pa_dlzka-133","41":"pa_dlzka-117","42":"pa_dlzka-139","43":"pa_dlzka-44","44":"pa_dlzka-81","45":"pa_dlzka-59","46":"pa_dlzka-109","47":"pa_dlzka-122","48":"pa_dlzka-45","49":"pa_dlzka-93","50":"pa_dlzka-147","51":"pa_dlzka-47","52":"pa_dlzka-71","53":"pa_dlzka-57","54":"pa_dlzka-134","55":"pa_dlzka-68","56":"pa_dlzka-120","57":"pa_dlzka-98","58":"pa_dlzka-102","59":"pa_dlzka-100","60":"pa_dlzka-46","61":"pa_dlzka-58","62":"pa_dlzka-148","63":"pa_dlzka-83","64":"pa_dlzka-136","65":"pa_dlzka-70","66":"pa_dlzka-82","67":"pa_dlzka-149","68":"pa_dlzka-138","69":"pa_dlzka-118","70":"pa_dlzka-104","71":"pa_dlzka-115","72":"pa_dlzka-92","73":"pa_dlzka-103","74":"pa_dlzka-101","75":"pa_dlzka-40","76":"pa_dlzka-90","77":"pa_dlzka-56","78":"pa_dlzka-80","79":"pa_dlzka-137","80":"pa_dlzka-146","81":"pa_dlzka-119","82":"pa_dlzka-99","83":"pa_dlzka-65","84":"pa_dlzka-35","85":"pa_dlzka-73","86":"pa_dlzka-51","87":"pa_dlzka-113","88":"pa_dlzka-66","89":"pa_dlzka-39","90":"pa_dlzka-55","91":"pa_dlzka-89","92":"pa_dlzka-72","93":"pa_dlzka-64","94":"pa_dlzka-121","95":"pa_dlzka-108","96":"pa_format-mp3","97":"pa_jazykova-uroven-a1","98":"pa_jazykova-uroven-a1-a2","99":"pa_jazykova-uroven-a2","100":"pa_jazykova-uroven-a2-b1","101":"pa_jazykova-uroven-b1","102":"pa_jazykova-uroven-b1-b2","103":"pa_jazykova-uroven-b2","104":"pa_jazykova-uroven-b2-c1","105":"pa_jazykova-uroven-c1","106":"pa_jazykova-uroven-c1-c2","107":"pa_jazykova-uroven-c2","109":"first","110":"instock","111":"downloadable","112":"virtual","113":"purchasable","114":"product-type-simple"},"acf":[],"_links":{"self":[{"href":"https:\/\/audioacademyeu.eu\/sk\/wp-json\/wp\/v2\/product\/721","targetHints":{"allow":["GET"]}}],"collection":[{"href":"https:\/\/audioacademyeu.eu\/sk\/wp-json\/wp\/v2\/product"}],"about":[{"href":"https:\/\/audioacademyeu.eu\/sk\/wp-json\/wp\/v2\/types\/product"}],"replies":[{"embeddable":true,"href":"https:\/\/audioacademyeu.eu\/sk\/wp-json\/wp\/v2\/comments?post=721"}],"wp:featuredmedia":[{"embeddable":true,"href":"https:\/\/audioacademyeu.eu\/sk\/wp-json\/wp\/v2\/media\/722"}],"wp:attachment":[{"href":"https:\/\/audioacademyeu.eu\/sk\/wp-json\/wp\/v2\/media?parent=721"}],"wp:term":[{"taxonomy":"product_brand","embeddable":true,"href":"https:\/\/audioacademyeu.eu\/sk\/wp-json\/wp\/v2\/product_brand?post=721"},{"taxonomy":"product_cat","embeddable":true,"href":"https:\/\/audioacademyeu.eu\/sk\/wp-json\/wp\/v2\/product_cat?post=721"},{"taxonomy":"product_tag","embeddable":true,"href":"https:\/\/audioacademyeu.eu\/sk\/wp-json\/wp\/v2\/product_tag?post=721"}],"curies":[{"name":"wp","href":"https:\/\/api.w.org\/{rel}","templated":true}]}}