
{"id":674,"date":"2024-05-07T22:13:39","date_gmt":"2024-05-07T20:13:39","guid":{"rendered":"https:\/\/audioacademyeu.eu\/sk\/?post_type=product&#038;p=674"},"modified":"2025-06-18T20:40:25","modified_gmt":"2025-06-18T18:40:25","slug":"pack-francuzstina-pre-zaciatocnikov","status":"publish","type":"product","link":"https:\/\/audioacademyeu.eu\/sk\/item\/pack-francuzstina-pre-zaciatocnikov\/","title":{"rendered":"Pack &#8211; Franc\u00faz\u0161tina pre za\u010diato\u010dn\u00edkov"},"content":{"rendered":"<p><strong>Franc\u00faz\u0161tina &#8211; slovn\u00e1 z\u00e1soba A1 \/ A2<\/strong><br \/>\nKurz Franc\u00faz\u0161tina &#8211; slovn\u00e1 z\u00e1soba A1 \/ A2 je ur\u010den\u00fd pre \u00fapln\u00fdch a falo\u0161n\u00fdch za\u010diato\u010dn\u00edkov, tak\u017ee ak sa u\u017e nejak\u00fd \u010das franc\u00faz\u0161tinu \u00a0u\u010d\u00edte a chcete si ju d\u00f4kladne zopakova\u0165, je tento kurz ur\u010den\u00fd pr\u00e1ve pre v\u00e1s.<\/p>\n<p><strong>Franc\u00faz\u0161tina na dovolenku A1-A2<\/strong><br \/>\nKurz Franc\u00faz\u0161tina na dovolenku A1-A2 je ur\u010den\u00fd pre za\u010diato\u010dn\u00edkov a\u017e stredne pokro\u010dil\u00fdch a zameriava sa na slovn\u00fa z\u00e1sobu a fr\u00e1zy, ktor\u00e9 m\u00f4\u017eete pou\u017ei\u0165 pri cestovan\u00ed a najm\u00e4 na dovolenke.<\/p>\n<p><strong>Franc\u00faz\u0161tina do pr\u00e1ce A1-B1<\/strong><br \/>\nKurz Franc\u00faz\u0161tina do pr\u00e1ce A1-B1 je ur\u010den\u00fd pre za\u010diato\u010dn\u00edkov a\u017e stredne pokro\u010dil\u00fdch a zameriava sa na slovn\u00fa z\u00e1sobu, ktor\u00fa m\u00f4\u017eete vyu\u017ei\u0165 v pr\u00e1ci a pri obchodn\u00fdch kontaktoch so zahrani\u010dn\u00fdmi partnermi.<\/p>\n","protected":false},"excerpt":{"rendered":"<p>Pack &#8211; Franc\u00faz\u0161tina pre za\u010diato\u010dn\u00edkov &#8211; Franc\u00faz\u0161tina &#8211; slovn\u00e1 z\u00e1soba A1 \/ A2, Franc\u00faz\u0161tina na dovolenku, Franc\u00faz\u0161tina do pr\u00e1ce<\/p>\n","protected":false},"featured_media":669,"comment_status":"open","ping_status":"closed","template":"","meta":{"_acf_changed":true,"inline_featured_image":false,"_sitemap_exclude":false,"_sitemap_priority":"","_sitemap_frequency":""},"product_brand":[],"product_cat":[135,43],"product_tag":[],"class_list":{"0":"post-674","1":"product","2":"type-product","3":"status-publish","4":"has-post-thumbnail","6":"product_cat-francuzstina-vyhodny-balik","7":"product_cat-vyhodny-balik","8":"pa_dlzka-138","9":"pa_format-mp3","10":"pa_jazykova-uroven-a1","11":"pa_jazykova-uroven-a1-a2","12":"pa_jazykova-uroven-a2","13":"pa_jazykova-uroven-a2-b1","14":"pa_jazykova-uroven-b1","15":"pa_jazykova-uroven-b1-b2","17":"first","18":"instock","19":"downloadable","20":"virtual","21":"purchasable","22":"product-type-simple"},"acf":[],"_links":{"self":[{"href":"https:\/\/audioacademyeu.eu\/sk\/wp-json\/wp\/v2\/product\/674","targetHints":{"allow":["GET"]}}],"collection":[{"href":"https:\/\/audioacademyeu.eu\/sk\/wp-json\/wp\/v2\/product"}],"about":[{"href":"https:\/\/audioacademyeu.eu\/sk\/wp-json\/wp\/v2\/types\/product"}],"replies":[{"embeddable":true,"href":"https:\/\/audioacademyeu.eu\/sk\/wp-json\/wp\/v2\/comments?post=674"}],"wp:featuredmedia":[{"embeddable":true,"href":"https:\/\/audioacademyeu.eu\/sk\/wp-json\/wp\/v2\/media\/669"}],"wp:attachment":[{"href":"https:\/\/audioacademyeu.eu\/sk\/wp-json\/wp\/v2\/media?parent=674"}],"wp:term":[{"taxonomy":"product_brand","embeddable":true,"href":"https:\/\/audioacademyeu.eu\/sk\/wp-json\/wp\/v2\/product_brand?post=674"},{"taxonomy":"product_cat","embeddable":true,"href":"https:\/\/audioacademyeu.eu\/sk\/wp-json\/wp\/v2\/product_cat?post=674"},{"taxonomy":"product_tag","embeddable":true,"href":"https:\/\/audioacademyeu.eu\/sk\/wp-json\/wp\/v2\/product_tag?post=674"}],"curies":[{"name":"wp","href":"https:\/\/api.w.org\/{rel}","templated":true}]}}