
{"id":673,"date":"2024-05-07T22:07:48","date_gmt":"2024-05-07T20:07:48","guid":{"rendered":"https:\/\/audioacademyeu.eu\/sk\/?post_type=product&#038;p=673"},"modified":"2025-06-18T20:41:45","modified_gmt":"2025-06-18T18:41:45","slug":"pack-francuzstina-megaslovicka","status":"publish","type":"product","link":"https:\/\/audioacademyeu.eu\/sk\/item\/pack-francuzstina-megaslovicka\/","title":{"rendered":"Pack &#8211; Franc\u00faz\u0161tina megaslov\u00ed\u010dka"},"content":{"rendered":"<p>Franc\u00faz\u0161tina &#8211; slovn\u00e1 z\u00e1soba A1 \/ A2<br \/>\nKurz Franc\u00faz\u0161tina &#8211; slovn\u00e1 z\u00e1soba A1 \/ A2 je ur\u010den\u00fd pre \u00fapln\u00fdch a falo\u0161n\u00fdch za\u010diato\u010dn\u00edkov, tak\u017ee ak sa u\u017e nejak\u00fd \u010das franc\u00faz\u0161tinu \u00a0u\u010d\u00edte a chcete si ju d\u00f4kladne zopakova\u0165, je tento kurz ur\u010den\u00fd pr\u00e1ve pre v\u00e1s.<\/p>\n<p>Franc\u00faz\u0161tina &#8211; slovn\u00e1 z\u00e1soba pre mierne pokro\u010dil\u00fdch B1 &#8211; \u010das\u0165 1<br \/>\nKurz Franc\u00faz\u0161tina &#8211; slovn\u00e1 z\u00e1soba pre mierne pokro\u010dil\u00fdch B1 &#8211; \u010das\u0165 1 je ur\u010den\u00fd pre mierne pokro\u010dil\u00fdch \u0161tudentov, ktor\u00ed u\u017e franc\u00faz\u0161tinu \u0161tudovali jeden alebo dva roky a maj\u00fa osvojen\u00e9 jej z\u00e1klady.<\/p>\n<p>Franc\u00faz\u0161tina &#8211; slovn\u00e1 z\u00e1soba pre mierne pokro\u010dil\u00fdch B1 &#8211; \u010das\u0165 2<br \/>\nKurz Franc\u00faz\u0161tina &#8211; slovn\u00e1 z\u00e1soba pre mierne pokro\u010dil\u00fdch B1 &#8211; \u010das\u0165 2 je ur\u010den\u00fd pre mierne pokro\u010dil\u00fdch \u0161tudentov, ktor\u00ed u\u017e franc\u00faz\u0161tinu \u0161tudovali jeden alebo dva roky a maj\u00fa osvojen\u00e9 jej z\u00e1klady.<\/p>\n<p>Franc\u00faz\u0161tina \u2013 slovn\u00e1 z\u00e1soba pre pokro\u010dil\u00fdch \u00a0B2<br \/>\nKurz Franc\u00faz\u0161tina \u2013 slovn\u00e1 z\u00e1soba pre pokro\u010dil\u00fdch \u00a0B2 je ur\u010den\u00fd pre pokro\u010dil\u00fdch pou\u017e\u00edvate\u013eov. Jeho pomocou si roz\u0161\u00edrite pokro\u010dilej\u0161iu slovn\u00fa z\u00e1sobu a upevn\u00edte alebo roz\u0161\u00edrite si svoje vedomosti o zlo\u017eitej\u0161ie gramatick\u00e9 t\u00e9my.<\/p>\n","protected":false},"excerpt":{"rendered":"<p>Pack &#8211; Franc\u00faz\u0161tina megaslov\u00ed\u010dka &#8211; Franc\u00faz\u0161tina &#8211; slovn\u00e1 z\u00e1soba A1 \/ A2, B1 \u010das\u0165 1 a 2, B2<\/p>\n","protected":false},"featured_media":668,"comment_status":"open","ping_status":"closed","template":"","meta":{"_acf_changed":true,"inline_featured_image":false,"_sitemap_exclude":false,"_sitemap_priority":"","_sitemap_frequency":""},"product_brand":[],"product_cat":[135,43],"product_tag":[],"class_list":{"0":"post-673","1":"product","2":"type-product","3":"status-publish","4":"has-post-thumbnail","6":"product_cat-francuzstina-vyhodny-balik","7":"product_cat-vyhodny-balik","8":"pa_dlzka-137","9":"pa_format-mp3","10":"pa_jazykova-uroven-a1","11":"pa_jazykova-uroven-a1-a2","12":"pa_jazykova-uroven-a2","13":"pa_jazykova-uroven-a2-b1","14":"pa_jazykova-uroven-b1","15":"pa_jazykova-uroven-b1-b2","16":"pa_jazykova-uroven-b2","17":"pa_jazykova-uroven-b2-c1","19":"first","20":"instock","21":"downloadable","22":"virtual","23":"purchasable","24":"product-type-simple"},"acf":[],"_links":{"self":[{"href":"https:\/\/audioacademyeu.eu\/sk\/wp-json\/wp\/v2\/product\/673","targetHints":{"allow":["GET"]}}],"collection":[{"href":"https:\/\/audioacademyeu.eu\/sk\/wp-json\/wp\/v2\/product"}],"about":[{"href":"https:\/\/audioacademyeu.eu\/sk\/wp-json\/wp\/v2\/types\/product"}],"replies":[{"embeddable":true,"href":"https:\/\/audioacademyeu.eu\/sk\/wp-json\/wp\/v2\/comments?post=673"}],"wp:featuredmedia":[{"embeddable":true,"href":"https:\/\/audioacademyeu.eu\/sk\/wp-json\/wp\/v2\/media\/668"}],"wp:attachment":[{"href":"https:\/\/audioacademyeu.eu\/sk\/wp-json\/wp\/v2\/media?parent=673"}],"wp:term":[{"taxonomy":"product_brand","embeddable":true,"href":"https:\/\/audioacademyeu.eu\/sk\/wp-json\/wp\/v2\/product_brand?post=673"},{"taxonomy":"product_cat","embeddable":true,"href":"https:\/\/audioacademyeu.eu\/sk\/wp-json\/wp\/v2\/product_cat?post=673"},{"taxonomy":"product_tag","embeddable":true,"href":"https:\/\/audioacademyeu.eu\/sk\/wp-json\/wp\/v2\/product_tag?post=673"}],"curies":[{"name":"wp","href":"https:\/\/api.w.org\/{rel}","templated":true}]}}