
{"id":672,"date":"2024-05-07T22:03:56","date_gmt":"2024-05-07T20:03:56","guid":{"rendered":"https:\/\/audioacademyeu.eu\/sk\/?post_type=product&#038;p=672"},"modified":"2025-06-18T20:42:58","modified_gmt":"2025-06-18T18:42:58","slug":"pack-francuzstina-pre-mierne-pokrocilych","status":"publish","type":"product","link":"https:\/\/audioacademyeu.eu\/sk\/item\/pack-francuzstina-pre-mierne-pokrocilych\/","title":{"rendered":"Pack &#8211; Franc\u00faz\u0161tina pre mierne pokro\u010dil\u00fdch"},"content":{"rendered":"<p><strong>Franc\u00faz\u0161tina &#8211; slovn\u00e1 z\u00e1soba pre mierne pokro\u010dil\u00fdch B1 &#8211; \u010das\u0165 1<\/strong><br \/>\nKurz Franc\u00faz\u0161tina &#8211; slovn\u00e1 z\u00e1soba pre mierne pokro\u010dil\u00fdch B1 &#8211; \u010das\u0165 1 je ur\u010den\u00fd pre mierne pokro\u010dil\u00fdch \u0161tudentov, ktor\u00ed u\u017e franc\u00faz\u0161tinu \u0161tudovali jeden alebo dva roky a maj\u00fa osvojen\u00e9 jej z\u00e1klady.<\/p>\n<p><strong>Franc\u00faz\u0161tina &#8211; slovn\u00e1 z\u00e1soba pre mierne pokro\u010dil\u00fdch B1 &#8211; \u010das\u0165 2<\/strong><br \/>\nKurz Franc\u00faz\u0161tina &#8211; slovn\u00e1 z\u00e1soba pre mierne pokro\u010dil\u00fdch B1 &#8211; \u010das\u0165 2 je ur\u010den\u00fd pre mierne pokro\u010dil\u00fdch \u0161tudentov, ktor\u00ed u\u017e franc\u00faz\u0161tinu \u0161tudovali jeden alebo dva roky a maj\u00fa osvojen\u00e9 jej z\u00e1klady.<\/p>\n<p><strong>Technick\u00e1 franc\u00faz\u0161tina A1-B1<\/strong><br \/>\nKurz Technick\u00e1 franc\u00faz\u0161tina A1-B1 je ur\u010den\u00fd pre za\u010diato\u010dn\u00edkov a\u017e stredne pokro\u010dil\u00fdch a zameriava sa na slovn\u00fa z\u00e1sobu, ktor\u00fa m\u00f4\u017eete vyu\u017ei\u0165 v technickej oblasti.<\/p>\n","protected":false},"excerpt":{"rendered":"<p>Pack &#8211; Franc\u00faz\u0161tina pre mierne pokro\u010dil\u00fdch &#8211; Franc\u00faz\u0161tina &#8211; slovn\u00e1 z\u00e1soba pre mierne pokro\u010dil\u00fdch B1 \u010das\u0165 1 a 2 a Technick\u00e1 franc\u00faz\u0161tina A1-B1<\/p>\n","protected":false},"featured_media":670,"comment_status":"open","ping_status":"closed","template":"","meta":{"_acf_changed":true,"inline_featured_image":false,"_sitemap_exclude":false,"_sitemap_priority":"","_sitemap_frequency":""},"product_brand":[],"product_cat":[135,43],"product_tag":[],"class_list":{"0":"post-672","1":"product","2":"type-product","3":"status-publish","4":"has-post-thumbnail","6":"product_cat-francuzstina-vyhodny-balik","7":"product_cat-vyhodny-balik","8":"pa_dlzka-136","9":"pa_format-mp3","10":"pa_jazykova-uroven-a1","11":"pa_jazykova-uroven-a1-a2","12":"pa_jazykova-uroven-a2","13":"pa_jazykova-uroven-a2-b1","14":"pa_jazykova-uroven-b1","15":"pa_jazykova-uroven-b1-b2","17":"first","18":"instock","19":"downloadable","20":"virtual","21":"purchasable","22":"product-type-simple"},"acf":[],"_links":{"self":[{"href":"https:\/\/audioacademyeu.eu\/sk\/wp-json\/wp\/v2\/product\/672","targetHints":{"allow":["GET"]}}],"collection":[{"href":"https:\/\/audioacademyeu.eu\/sk\/wp-json\/wp\/v2\/product"}],"about":[{"href":"https:\/\/audioacademyeu.eu\/sk\/wp-json\/wp\/v2\/types\/product"}],"replies":[{"embeddable":true,"href":"https:\/\/audioacademyeu.eu\/sk\/wp-json\/wp\/v2\/comments?post=672"}],"wp:featuredmedia":[{"embeddable":true,"href":"https:\/\/audioacademyeu.eu\/sk\/wp-json\/wp\/v2\/media\/670"}],"wp:attachment":[{"href":"https:\/\/audioacademyeu.eu\/sk\/wp-json\/wp\/v2\/media?parent=672"}],"wp:term":[{"taxonomy":"product_brand","embeddable":true,"href":"https:\/\/audioacademyeu.eu\/sk\/wp-json\/wp\/v2\/product_brand?post=672"},{"taxonomy":"product_cat","embeddable":true,"href":"https:\/\/audioacademyeu.eu\/sk\/wp-json\/wp\/v2\/product_cat?post=672"},{"taxonomy":"product_tag","embeddable":true,"href":"https:\/\/audioacademyeu.eu\/sk\/wp-json\/wp\/v2\/product_tag?post=672"}],"curies":[{"name":"wp","href":"https:\/\/api.w.org\/{rel}","templated":true}]}}