
{"id":667,"date":"2024-05-07T21:59:51","date_gmt":"2024-05-07T19:59:51","guid":{"rendered":"https:\/\/audioacademyeu.eu\/sk\/?post_type=product&#038;p=667"},"modified":"2025-06-18T20:43:21","modified_gmt":"2025-06-18T18:43:21","slug":"pack-specializovana-francuzstina","status":"publish","type":"product","link":"https:\/\/audioacademyeu.eu\/sk\/item\/pack-specializovana-francuzstina\/","title":{"rendered":"Pack &#8211; \u0160pecializovan\u00e1 franc\u00faz\u0161tina"},"content":{"rendered":"<p><strong>Franc\u00faz\u0161tina na dovolenku A1-A2<\/strong><br \/>\nKurz Franc\u00faz\u0161tina na dovolenku A1-A2 je ur\u010den\u00fd pre za\u010diato\u010dn\u00edkov a\u017e stredne pokro\u010dil\u00fdch a zameriava sa na slovn\u00fa z\u00e1sobu a fr\u00e1zy, ktor\u00e9 m\u00f4\u017eete pou\u017ei\u0165 pri cestovan\u00ed a najm\u00e4 na dovolenke.<\/p>\n<p><strong>Franc\u00faz\u0161tina do pr\u00e1ce A1-B1<\/strong><br \/>\nKurz Franc\u00faz\u0161tina do pr\u00e1ce A1-B1 je ur\u010den\u00fd pre za\u010diato\u010dn\u00edkov a\u017e stredne pokro\u010dil\u00fdch a zameriava sa na slovn\u00fa z\u00e1sobu, ktor\u00fa m\u00f4\u017eete vyu\u017ei\u0165 v pr\u00e1ci a pri obchodn\u00fdch kontaktoch so zahrani\u010dn\u00fdmi partnermi.<\/p>\n<p><strong>Technick\u00e1 franc\u00faz\u0161tina A1-B1<\/strong><br \/>\nKurz Technick\u00e1 franc\u00faz\u0161tina A1-B1 je ur\u010den\u00fd pre za\u010diato\u010dn\u00edkov a\u017e stredne pokro\u010dil\u00fdch a zameriava sa na slovn\u00fa z\u00e1sobu, ktor\u00fa m\u00f4\u017eete vyu\u017ei\u0165 v technickej oblasti.<\/p>\n","protected":false},"excerpt":{"rendered":"<p>Pack &#8211; \u0160pecializovan\u00e1 franc\u00faz\u0161tina &#8211; na dovolenku, do pr\u00e1ce a technick\u00e1 franc\u00faz\u0161tina<\/p>\n","protected":false},"featured_media":671,"comment_status":"open","ping_status":"closed","template":"","meta":{"_acf_changed":true,"inline_featured_image":false,"_sitemap_exclude":false,"_sitemap_priority":"","_sitemap_frequency":""},"product_brand":[],"product_cat":[135,43],"product_tag":[],"class_list":{"0":"post-667","1":"product","2":"type-product","3":"status-publish","4":"has-post-thumbnail","6":"product_cat-francuzstina-vyhodny-balik","7":"product_cat-vyhodny-balik","8":"pa_dlzka-134","9":"pa_format-mp3","10":"pa_jazykova-uroven-a1","11":"pa_jazykova-uroven-a1-a2","12":"pa_jazykova-uroven-a2","13":"pa_jazykova-uroven-a2-b1","14":"pa_jazykova-uroven-b1","15":"pa_jazykova-uroven-b1-b2","17":"first","18":"instock","19":"downloadable","20":"virtual","21":"purchasable","22":"product-type-simple"},"acf":[],"_links":{"self":[{"href":"https:\/\/audioacademyeu.eu\/sk\/wp-json\/wp\/v2\/product\/667","targetHints":{"allow":["GET"]}}],"collection":[{"href":"https:\/\/audioacademyeu.eu\/sk\/wp-json\/wp\/v2\/product"}],"about":[{"href":"https:\/\/audioacademyeu.eu\/sk\/wp-json\/wp\/v2\/types\/product"}],"replies":[{"embeddable":true,"href":"https:\/\/audioacademyeu.eu\/sk\/wp-json\/wp\/v2\/comments?post=667"}],"wp:featuredmedia":[{"embeddable":true,"href":"https:\/\/audioacademyeu.eu\/sk\/wp-json\/wp\/v2\/media\/671"}],"wp:attachment":[{"href":"https:\/\/audioacademyeu.eu\/sk\/wp-json\/wp\/v2\/media?parent=667"}],"wp:term":[{"taxonomy":"product_brand","embeddable":true,"href":"https:\/\/audioacademyeu.eu\/sk\/wp-json\/wp\/v2\/product_brand?post=667"},{"taxonomy":"product_cat","embeddable":true,"href":"https:\/\/audioacademyeu.eu\/sk\/wp-json\/wp\/v2\/product_cat?post=667"},{"taxonomy":"product_tag","embeddable":true,"href":"https:\/\/audioacademyeu.eu\/sk\/wp-json\/wp\/v2\/product_tag?post=667"}],"curies":[{"name":"wp","href":"https:\/\/api.w.org\/{rel}","templated":true}]}}