
{"id":661,"date":"2024-05-06T22:59:27","date_gmt":"2024-05-06T20:59:27","guid":{"rendered":"https:\/\/audioacademyeu.eu\/sk\/?post_type=product&#038;p=661"},"modified":"2024-05-06T22:59:28","modified_gmt":"2024-05-06T20:59:28","slug":"francuzstina-slovna-zasoba-a1-a2","status":"publish","type":"product","link":"https:\/\/audioacademyeu.eu\/sk\/item\/francuzstina-slovna-zasoba-a1-a2\/","title":{"rendered":"Franc\u00faz\u0161tina &#8211; slovn\u00e1 z\u00e1soba A1 \/ A2"},"content":{"rendered":"<p>Kurz Franc\u00faz\u0161tina &#8211; slovn\u00e1 z\u00e1soba A1 \/ A2 je ur\u010den\u00fd pre \u00fapln\u00fdch a falo\u0161n\u00fdch za\u010diato\u010dn\u00edkov, tak\u017ee ak sa u\u017e nejak\u00fd \u010das franc\u00faz\u0161tinu \u00a0u\u010d\u00edte a chcete si ju d\u00f4kladne zopakova\u0165, je tento kurz ur\u010den\u00fd pr\u00e1ve pre v\u00e1s.<\/p>\n<p>Kurz je zalo\u017een\u00fd na kontextovom u\u010den\u00ed, to znamen\u00e1, \u017ee sa nau\u010d\u00edte nielen slov\u00ed\u010dka, ale aj vety, v ktor\u00fdch ich m\u00f4\u017eete pou\u017ei\u0165. V tomto kurze n\u00e1jdete celkom 2 600 slov\u00ed\u010dok a viet na precvi\u010dovanie.<\/p>\n<p>Jednotliv\u00e9 lekcie s\u00fa rozdelen\u00e9 pod\u013ea t\u00e9m a ka\u017ed\u00e1 obsahuje in\u00fd po\u010det slov a viet. \u00darove\u0148 A1,A2 je za\u010diato\u010dn\u00edcka, tak\u017ee v\u00e4\u010d\u0161ina priestoru je venovan\u00e1 t\u00e9mam, ako s\u00fa z\u00e1klady, cestovanie, vo\u013en\u00fd \u010das, rodina, ktor\u00fdch slovn\u00e1 z\u00e1soba a ust\u00e1len\u00e9 fr\u00e1zy v\u00e1m pom\u00f4\u017eu sa dohovori\u0165 na z\u00e1kladnej \u00farovni pri cestovan\u00ed a v\u0161eobecnej komunik\u00e1cii s nemecky hovoriacimi \u013eu\u010fmi.<\/p>\n<p>Ako s\u00a0kurzom najlep\u0161ie pracova\u0165? Vyberte si lekciu, ktorou chcete za\u010da\u0165. Ka\u017ed\u00e1 lekcia obsahuje \u0161es\u0165 st\u00f4p. Najprv sa pri ka\u017edej lekcii obozn\u00e1mte so samotnou slovnou z\u00e1sobou (stopy 1 a 2). Potom nasleduje slov\u00ed\u010dko a pr\u00edkladov\u00e1 veta, op\u00e4\u0165 v oboch mo\u017enostiach prekladu (stopy 3 a 4).\u00a0 Potom prejdite na cel\u00e9 vety (stopa 5 a 6). Ke\u010f zvl\u00e1dnete preklad viet zo sloven\u010diny do franc\u00faz\u0161tiny (lekcia 6) v \u010dasovej medzere pred taliansk\u00fdm prekladom, m\u00e1te vyhrat\u00e9. Samotn\u00e9 slov\u00e1 v\u00e1m pom\u00f4\u017eu pochopi\u0165 v\u00fdznam, ale pou\u017e\u00edvanie zvl\u00e1dnut\u00fdch cel\u00fdch viet v\u00e1m pom\u00f4\u017ee komunikova\u0165 ove\u013ea lep\u0161ie.<\/p>\n<p>K\u00a0tomuto\u00a0kurzu m\u00e1te k\u00a0dispoz\u00edcii skript\u00e1 v\u010faka kter\u00fdm bud\u00fa va\u0161e aktivity s kurzom ove\u013ea efekt\u00edvnej\u0161ie. N\u00e1jdete v\u00a0nich sprievodcu u\u010den\u00edm s u\u017eito\u010dn\u00fdmi tipmi ako mo\u017eno urobi\u0165 u\u010denie \u00fa\u010delnej\u0161\u00edm, pl\u00e1n lekci\u00ed na zaznamen\u00e1vanie pokroku, prepis zvukov\u00fdch st\u00f4p (pre pr\u00edpad, \u017ee nie\u010domu nerozumiete) a obojstrann\u00e9 karti\u010dky, aby ste sa mohli u\u010di\u0165 a opakova\u0165, aj vtedy ke\u010f nem\u00f4\u017eete po\u010d\u00fava\u0165. Pre t\u00fdch, ktor\u00ed sa radi testuj\u00fa, je v ka\u017edej lekcii k dispoz\u00edcii prekladov\u00fd test s k\u013e\u00fa\u010dom k\u00a0spr\u00e1vnym odpovediam.<\/p>\n<ul>\n<li>Lekcia 01 &#8211; B\u00fdvanie<\/li>\n<li>Lekcia 02 &#8211; Cestovanie<\/li>\n<li>Lekcia 03 &#8211; \u010cas<\/li>\n<li>Lekcia 04 &#8211; \u010c\u00edslice<\/li>\n<li>Lekcia 05 &#8211; Hotel_Re\u0161taur\u00e1cia<\/li>\n<li>Lekcia 06 &#8211; Jedlo<\/li>\n<li>Lekcia 07 &#8211; Komunik\u00e1cia 01<\/li>\n<li>Lekcia 08 &#8211; Komunik\u00e1cia 02<\/li>\n<li>Lekcia 09 &#8211; Mesto<\/li>\n<li>Lekcia 10 &#8211; Nakupovanie<\/li>\n<li>Lekcia 11 &#8211; Pozdravy<\/li>\n<li>Lekcia 12 &#8211; Pr\u00e1ca 01<\/li>\n<li>Lekcia 13 &#8211; Pr\u00e1ca 02<\/li>\n<li>Lekcia 14 &#8211; Pr\u00edroda<\/li>\n<li>Lekcia 15 &#8211; Rodina<\/li>\n<li>Lekcia 16 &#8211; Spolo\u010dnos\u0165<\/li>\n<li>Lekcia 17 &#8211; Vlastnosti<\/li>\n<li>Lekcia 18 &#8211; Voln\u00fd \u010das<\/li>\n<li>Lekcia 19 &#8211; Z\u00e1klad<\/li>\n<\/ul>\n","protected":false},"excerpt":{"rendered":"<p>Kurz Franc\u00faz\u0161tina &#8211; slovn\u00e1 z\u00e1soba A1 \/ A2 je ur\u010den\u00fd pre \u00fapln\u00fdch a falo\u0161n\u00fdch za\u010diato\u010dn\u00edkov, tak\u017ee ak sa u\u017e nejak\u00fd \u010das franc\u00faz\u0161tinu \u00a0u\u010d\u00edte a chcete si ju d\u00f4kladne zopakova\u0165, je tento kurz ur\u010den\u00fd pr\u00e1ve pre v\u00e1s.<\/p>\n","protected":false},"featured_media":624,"comment_status":"open","ping_status":"closed","template":"","meta":{"_acf_changed":false,"inline_featured_image":false,"_sitemap_exclude":false,"_sitemap_priority":"","_sitemap_frequency":""},"product_brand":[],"product_cat":[127,125],"product_tag":[],"class_list":{"0":"post-661","1":"product","2":"type-product","3":"status-publish","4":"has-post-thumbnail","6":"product_cat-vseobecna-francuzstina","7":"product_cat-francuzstina","8":"pa_dlzka-133","9":"pa_format-mp3","10":"pa_jazykova-uroven-a1","11":"pa_jazykova-uroven-a1-a2","12":"pa_jazykova-uroven-a2","13":"pa_jazykova-uroven-a2-b1","15":"first","16":"instock","17":"downloadable","18":"virtual","19":"purchasable","20":"product-type-simple"},"acf":[],"_links":{"self":[{"href":"https:\/\/audioacademyeu.eu\/sk\/wp-json\/wp\/v2\/product\/661","targetHints":{"allow":["GET"]}}],"collection":[{"href":"https:\/\/audioacademyeu.eu\/sk\/wp-json\/wp\/v2\/product"}],"about":[{"href":"https:\/\/audioacademyeu.eu\/sk\/wp-json\/wp\/v2\/types\/product"}],"replies":[{"embeddable":true,"href":"https:\/\/audioacademyeu.eu\/sk\/wp-json\/wp\/v2\/comments?post=661"}],"wp:featuredmedia":[{"embeddable":true,"href":"https:\/\/audioacademyeu.eu\/sk\/wp-json\/wp\/v2\/media\/624"}],"wp:attachment":[{"href":"https:\/\/audioacademyeu.eu\/sk\/wp-json\/wp\/v2\/media?parent=661"}],"wp:term":[{"taxonomy":"product_brand","embeddable":true,"href":"https:\/\/audioacademyeu.eu\/sk\/wp-json\/wp\/v2\/product_brand?post=661"},{"taxonomy":"product_cat","embeddable":true,"href":"https:\/\/audioacademyeu.eu\/sk\/wp-json\/wp\/v2\/product_cat?post=661"},{"taxonomy":"product_tag","embeddable":true,"href":"https:\/\/audioacademyeu.eu\/sk\/wp-json\/wp\/v2\/product_tag?post=661"}],"curies":[{"name":"wp","href":"https:\/\/api.w.org\/{rel}","templated":true}]}}