
{"id":546,"date":"2023-09-05T18:47:05","date_gmt":"2023-09-05T16:47:05","guid":{"rendered":"https:\/\/audioacademyeu.eu\/sk\/?post_type=product&#038;p=546"},"modified":"2025-06-18T20:44:59","modified_gmt":"2025-06-18T18:44:59","slug":"pack-taliancina-pre-mierne-pokrocilych","status":"publish","type":"product","link":"https:\/\/audioacademyeu.eu\/sk\/item\/pack-taliancina-pre-mierne-pokrocilych\/","title":{"rendered":"Pack &#8211; Talian\u010dina pre mierne pokro\u010dil\u00fdch"},"content":{"rendered":"<ul>\n<li>V kurze Talianska gramatika B1 pre mierne a stredne pokro\u010dil\u00fdch si m\u00f4\u017eete zopakova\u0165 z\u00e1klady, ale aj zdokonali\u0165 sa v zlo\u017eitej\u0161\u00edch t\u00e9mach, ako s\u00fa minul\u00e9 \u010dasy, spojovac\u00ed sp\u00f4sob, bud\u00faci \u010das a trpn\u00fd rod.<\/li>\n<li>Kurz Talian\u010dina &#8211; slovn\u00e1 z\u00e1soba pre mierne pokro\u010dil\u00fdch B1 &#8211; \u010das\u0165 1 je ur\u010den\u00fd pre mierne pokro\u010dil\u00fdch \u0161tudentov, ktor\u00ed u\u017e talian\u010dinu \u0161tudovali jeden alebo dva roky a maj\u00fa osvojen\u00e9 jej z\u00e1klady.<\/li>\n<li>Kurz Talian\u010dina &#8211; slovn\u00e1 z\u00e1soba pre mierne pokro\u010dil\u00fdch B1 &#8211; \u010das\u0165 2 je ur\u010den\u00fd pre mierne pokro\u010dil\u00fdch \u0161tudentov, ktor\u00ed u\u017e talian\u010dinu \u0161tudovali jeden alebo dva roky a maj\u00fa osvojen\u00e9 jej z\u00e1klady.<\/li>\n<\/ul>\n","protected":false},"excerpt":{"rendered":"<p>Pack &#8211; Talian\u010dina pre mierne pokro\u010dil\u00fdch &#8211; Talian\u010dina &#8211; gramatika pre mierne pokro\u010dil\u00fdch, Talian\u010dina &#8211; slovn\u00e1 z\u00e1soba pre mierne pokro\u010dil\u00fdch B1 &#8211; \u010das\u0165 1 a \u010das\u0165 2<\/p>\n","protected":false},"featured_media":547,"comment_status":"open","ping_status":"closed","template":"","meta":{"_acf_changed":true,"inline_featured_image":false,"_sitemap_exclude":false,"_sitemap_priority":"","_sitemap_frequency":""},"product_brand":[],"product_cat":[116,43],"product_tag":[],"class_list":{"0":"post-546","1":"product","2":"type-product","3":"status-publish","4":"has-post-thumbnail","6":"product_cat-taliancina-vyhodny-balik","7":"product_cat-vyhodny-balik","8":"pa_dlzka-118","9":"pa_format-mp3","10":"pa_jazykova-uroven-a2-b1","11":"pa_jazykova-uroven-b1","12":"pa_jazykova-uroven-b1-b2","14":"first","15":"instock","16":"downloadable","17":"virtual","18":"purchasable","19":"product-type-simple"},"acf":[],"_links":{"self":[{"href":"https:\/\/audioacademyeu.eu\/sk\/wp-json\/wp\/v2\/product\/546","targetHints":{"allow":["GET"]}}],"collection":[{"href":"https:\/\/audioacademyeu.eu\/sk\/wp-json\/wp\/v2\/product"}],"about":[{"href":"https:\/\/audioacademyeu.eu\/sk\/wp-json\/wp\/v2\/types\/product"}],"replies":[{"embeddable":true,"href":"https:\/\/audioacademyeu.eu\/sk\/wp-json\/wp\/v2\/comments?post=546"}],"wp:featuredmedia":[{"embeddable":true,"href":"https:\/\/audioacademyeu.eu\/sk\/wp-json\/wp\/v2\/media\/547"}],"wp:attachment":[{"href":"https:\/\/audioacademyeu.eu\/sk\/wp-json\/wp\/v2\/media?parent=546"}],"wp:term":[{"taxonomy":"product_brand","embeddable":true,"href":"https:\/\/audioacademyeu.eu\/sk\/wp-json\/wp\/v2\/product_brand?post=546"},{"taxonomy":"product_cat","embeddable":true,"href":"https:\/\/audioacademyeu.eu\/sk\/wp-json\/wp\/v2\/product_cat?post=546"},{"taxonomy":"product_tag","embeddable":true,"href":"https:\/\/audioacademyeu.eu\/sk\/wp-json\/wp\/v2\/product_tag?post=546"}],"curies":[{"name":"wp","href":"https:\/\/api.w.org\/{rel}","templated":true}]}}