
{"id":542,"date":"2023-09-05T18:37:22","date_gmt":"2023-09-05T16:37:22","guid":{"rendered":"https:\/\/audioacademyeu.eu\/sk\/?post_type=product&#038;p=542"},"modified":"2025-06-18T20:46:00","modified_gmt":"2025-06-18T18:46:00","slug":"pack-talianska-gramatika","status":"publish","type":"product","link":"https:\/\/audioacademyeu.eu\/sk\/item\/pack-talianska-gramatika\/","title":{"rendered":"Pack &#8211; Talianska gramatika"},"content":{"rendered":"<ul>\n<li>V kurze Talianska gramatika A1, A2 pre za\u010diato\u010dn\u00edkov a mierne pokro\u010dil\u00fdch sa nau\u010d\u00edte z\u00e1klady talian\u010diny, vr\u00e1tane v\u00fdslovnosti, \u010dlenov, naj\u010dastej\u0161ie pou\u017e\u00edvan\u00fdch slovies, spojky s p\u0159edlo\u017ekami ako aj z\u00e1kladn\u00e9 konverza\u010dn\u00e9 fr\u00e1zy a obraty.<\/li>\n<li>V kurze Talianska gramatika B1 pre mierne a stredne pokro\u010dil\u00fdch si m\u00f4\u017eete zopakova\u0165 z\u00e1klady, ale aj zdokonali\u0165 sa v zlo\u017eitej\u0161\u00edch t\u00e9mach, ako s\u00fa minul\u00e9 \u010dasy, spojovac\u00ed sp\u00f4sob, bud\u00faci \u010das a trpn\u00fd rod.<\/li>\n<\/ul>\n","protected":false},"excerpt":{"rendered":"<p>Pack &#8211; Talianska gramatika &#8211; Talianska gramatika A1, A2 a Talianska gramatika B1<\/p>\n","protected":false},"featured_media":543,"comment_status":"open","ping_status":"closed","template":"","meta":{"_acf_changed":true,"inline_featured_image":false,"_sitemap_exclude":false,"_sitemap_priority":"","_sitemap_frequency":""},"product_brand":[],"product_cat":[116,43],"product_tag":[],"class_list":{"0":"post-542","1":"product","2":"type-product","3":"status-publish","4":"has-post-thumbnail","6":"product_cat-taliancina-vyhodny-balik","7":"product_cat-vyhodny-balik","8":"pa_dlzka-117","9":"pa_format-mp3","10":"pa_jazykova-uroven-a1","11":"pa_jazykova-uroven-a1-a2","12":"pa_jazykova-uroven-a2","13":"pa_jazykova-uroven-a2-b1","14":"pa_jazykova-uroven-b1","15":"pa_jazykova-uroven-b1-b2","17":"first","18":"instock","19":"downloadable","20":"virtual","21":"purchasable","22":"product-type-simple"},"acf":[],"_links":{"self":[{"href":"https:\/\/audioacademyeu.eu\/sk\/wp-json\/wp\/v2\/product\/542","targetHints":{"allow":["GET"]}}],"collection":[{"href":"https:\/\/audioacademyeu.eu\/sk\/wp-json\/wp\/v2\/product"}],"about":[{"href":"https:\/\/audioacademyeu.eu\/sk\/wp-json\/wp\/v2\/types\/product"}],"replies":[{"embeddable":true,"href":"https:\/\/audioacademyeu.eu\/sk\/wp-json\/wp\/v2\/comments?post=542"}],"wp:featuredmedia":[{"embeddable":true,"href":"https:\/\/audioacademyeu.eu\/sk\/wp-json\/wp\/v2\/media\/543"}],"wp:attachment":[{"href":"https:\/\/audioacademyeu.eu\/sk\/wp-json\/wp\/v2\/media?parent=542"}],"wp:term":[{"taxonomy":"product_brand","embeddable":true,"href":"https:\/\/audioacademyeu.eu\/sk\/wp-json\/wp\/v2\/product_brand?post=542"},{"taxonomy":"product_cat","embeddable":true,"href":"https:\/\/audioacademyeu.eu\/sk\/wp-json\/wp\/v2\/product_cat?post=542"},{"taxonomy":"product_tag","embeddable":true,"href":"https:\/\/audioacademyeu.eu\/sk\/wp-json\/wp\/v2\/product_tag?post=542"}],"curies":[{"name":"wp","href":"https:\/\/api.w.org\/{rel}","templated":true}]}}