
{"id":537,"date":"2023-09-05T18:28:11","date_gmt":"2023-09-05T16:28:11","guid":{"rendered":"https:\/\/audioacademyeu.eu\/sk\/?post_type=product&#038;p=537"},"modified":"2025-06-18T20:46:29","modified_gmt":"2025-06-18T18:46:29","slug":"pack-taliancina-pre-zaciatocnikov","status":"publish","type":"product","link":"https:\/\/audioacademyeu.eu\/sk\/item\/pack-taliancina-pre-zaciatocnikov\/","title":{"rendered":"Pack &#8211; talian\u010dina pre za\u010diato\u010dn\u00edkov"},"content":{"rendered":"<ul>\n<li>Kurz Talian\u010dina &#8211; slovn\u00e1 z\u00e1soba A1-A2 je ur\u010den\u00fd pre \u00fapln\u00fdch a falo\u0161n\u00fdch za\u010diato\u010dn\u00edkov, tak\u017ee ak sa u\u017e nejak\u00fd \u010das talian\u010dinu \u00a0u\u010d\u00edte a chcete si ju d\u00f4kladne zopakova\u0165, je tento kurz ur\u010den\u00fd pr\u00e1ve pre v\u00e1s.<\/li>\n<li>V kurze Talianska gramatika A1, A2 pre za\u010diato\u010dn\u00edkov a mierne pokro\u010dil\u00fdch sa nau\u010d\u00edte z\u00e1klady talian\u010diny, vr\u00e1tane v\u00fdslovnosti, \u010dlenov, naj\u010dastej\u0161ie pou\u017e\u00edvan\u00fdch slovies, spojky s p\u0159edlo\u017ekami ako aj z\u00e1kladn\u00e9 konverza\u010dn\u00e9 fr\u00e1zy a obraty.<\/li>\n<li>Kurz Talian\u010dina na dovolenku A1-A2 je ur\u010den\u00fd pre za\u010diato\u010dn\u00edkov a\u017e stredne pokro\u010dil\u00fdch a zameriava sa na slovn\u00fa z\u00e1sobu a fr\u00e1zy, ktor\u00e9 m\u00f4\u017eete pou\u017ei\u0165 pri cestovan\u00ed a najm\u00e4 na dovolenke.<\/li>\n<\/ul>\n","protected":false},"excerpt":{"rendered":"<p>Pack &#8211; talian\u010dina pre za\u010diato\u010dn\u00edkov &#8211; Talian\u010dina &#8211; slovn\u00e1 z\u00e1soba A1-A2, Talianska gramatika A1, A2, Talain\u010dina na dovolenku A1-A2<\/p>\n","protected":false},"featured_media":538,"comment_status":"open","ping_status":"closed","template":"","meta":{"_acf_changed":true,"inline_featured_image":false,"_sitemap_exclude":false,"_sitemap_priority":"","_sitemap_frequency":""},"product_brand":[],"product_cat":[116,43],"product_tag":[],"class_list":{"0":"post-537","1":"product","2":"type-product","3":"status-publish","4":"has-post-thumbnail","6":"product_cat-taliancina-vyhodny-balik","7":"product_cat-vyhodny-balik","8":"pa_dlzka-115","9":"pa_format-mp3","10":"pa_jazykova-uroven-a1","11":"pa_jazykova-uroven-a1-a2","12":"pa_jazykova-uroven-a2","13":"pa_jazykova-uroven-a2-b1","14":"pa_jazykova-uroven-b1","15":"pa_jazykova-uroven-b1-b2","17":"first","18":"instock","19":"downloadable","20":"virtual","21":"purchasable","22":"product-type-simple"},"acf":[],"_links":{"self":[{"href":"https:\/\/audioacademyeu.eu\/sk\/wp-json\/wp\/v2\/product\/537","targetHints":{"allow":["GET"]}}],"collection":[{"href":"https:\/\/audioacademyeu.eu\/sk\/wp-json\/wp\/v2\/product"}],"about":[{"href":"https:\/\/audioacademyeu.eu\/sk\/wp-json\/wp\/v2\/types\/product"}],"replies":[{"embeddable":true,"href":"https:\/\/audioacademyeu.eu\/sk\/wp-json\/wp\/v2\/comments?post=537"}],"wp:featuredmedia":[{"embeddable":true,"href":"https:\/\/audioacademyeu.eu\/sk\/wp-json\/wp\/v2\/media\/538"}],"wp:attachment":[{"href":"https:\/\/audioacademyeu.eu\/sk\/wp-json\/wp\/v2\/media?parent=537"}],"wp:term":[{"taxonomy":"product_brand","embeddable":true,"href":"https:\/\/audioacademyeu.eu\/sk\/wp-json\/wp\/v2\/product_brand?post=537"},{"taxonomy":"product_cat","embeddable":true,"href":"https:\/\/audioacademyeu.eu\/sk\/wp-json\/wp\/v2\/product_cat?post=537"},{"taxonomy":"product_tag","embeddable":true,"href":"https:\/\/audioacademyeu.eu\/sk\/wp-json\/wp\/v2\/product_tag?post=537"}],"curies":[{"name":"wp","href":"https:\/\/api.w.org\/{rel}","templated":true}]}}