
{"id":485,"date":"2023-07-30T21:05:00","date_gmt":"2023-07-30T19:05:00","guid":{"rendered":"https:\/\/audioacademyeu.eu\/sk\/?post_type=product&#038;p=485"},"modified":"2023-07-30T21:05:01","modified_gmt":"2023-07-30T19:05:01","slug":"taliancina-gramatika-pre-mierne-pokrocilych","status":"publish","type":"product","link":"https:\/\/audioacademyeu.eu\/sk\/item\/taliancina-gramatika-pre-mierne-pokrocilych\/","title":{"rendered":"Talian\u010dina &#8211; gramatika pre mierne pokro\u010dil\u00fdch"},"content":{"rendered":"<p>V kurze Talianska gramatika B1 pre mierne a stredne pokro\u010dil\u00fdch si m\u00f4\u017eete zopakova\u0165 z\u00e1klady, ale aj zdokonali\u0165 sa v zlo\u017eitej\u0161\u00edch t\u00e9mach, ako s\u00fa minul\u00e9 \u010dasy, spojovac\u00ed sp\u00f4sob, bud\u00faci \u010das a trpn\u00fd rod.<\/p>\n<p>S\u00fa\u010das\u0165ou kurzu s\u00fa tie\u017e konverza\u010dn\u00e9 t\u00e9my, kde n\u00e1jdete najpou\u017e\u00edvanej\u0161ie fr\u00e1zy a obraty pre komunik\u00e1ciu v hoteli, vo meste, u lek\u00e1ra a v obchode.<\/p>\n<p>Kurz je zalo\u017een\u00fd na kontextovom u\u010den\u00ed, \u010do znamen\u00e1, \u017ee sa budete u\u010di\u0165 nielen slov\u00ed\u010dka, ale aj vety, v ktor\u00fdch m\u00f4\u017eete dan\u00e9 slov\u00ed\u010dka pou\u017ei\u0165. V tomto kurze n\u00e1jdete celkom 1 600 slov\u00ed\u010dok a kontextov\u00fdch viet.<\/p>\n<p>K tomuto kurzu si m\u00f4\u017eete bezplatne stiahnu\u0165 skript\u00e1, v\u010faka ktor\u00fdm bud\u00fa va\u0161e aktivity s kurzom ove\u013ea efekt\u00edvnej\u0161ie. V skript\u00e1ch n\u00e1jdete n\u00e1vod na u\u010denie spolu s u\u017eito\u010dn\u00fdmi tipmi, ako zefekt\u00edvni\u0165 vzdel\u00e1vanie, v\u00fdukov\u00fd pl\u00e1n, do ktor\u00e9ho si m\u00f4\u017eete zaznamen\u00e1va\u0165 svoj pokrok, zoznam stop na po\u010d\u00favanie (ak by ste n\u00e1hodou nie\u010domu nerozumeli), ako aj obojstrann\u00e9 karti\u010dky, v\u010faka ktor\u00fdm sa m\u00f4\u017eete u\u010di\u0165 a opakova\u0165 aj vtedy, ke\u010f pr\u00e1ve nem\u00f4\u017eete po\u010d\u00fava\u0165. Pre t\u00fdch, ktor\u00ed sa radi sk\u00fa\u0161aj\u00fa, je v ka\u017edej lekcii pripraven\u00fd prekladov\u00fd test s k\u013e\u00fa\u010dom obsahuj\u00facim spr\u00e1vne odpovede.<\/p>\n<p>Talian\u010dinu v tomto kurze nahrali Isabella Capalbo, Elisa Ciravegna a Matteo Bianchi, sloven\u010dinu nahral Peter Svetl\u00edk.<\/p>\n<ul>\n<li>Lekcia 11 &#8211; Opakovanie &#8211; \u010dasovanie pravideln\u00fdch a nepravideln\u00fdch slovies<\/li>\n<li>Lekcia 12 &#8211; Opakovanie \u2013 \u010dasovanie, v\u00e4zby mi piace, c\u00b4\u00e9, a ho bisogno, sp\u00f4sobov\u00e9 sloves\u00e1_pr\u00edtomn\u00fd \u010das priebehov\u00fd<\/li>\n<li>Lekcia 13 &#8211; Minul\u00fd \u010das Passato prossimo s AVERE, zvratn\u00e9 sloves\u00e1, ci vo v\u00fdzname tam<\/li>\n<li>Lekcia 14 &#8211; Minul\u00fd \u010das Passato prossimo s ESSERE, v hoteli<\/li>\n<li>Lekcia 15 &#8211; Bud\u00faci \u010das slovies, predpove\u010f po\u010dasia<\/li>\n<li>Lekcia 16 &#8211; Minul\u00fd \u010das imperfektum, z\u00e1men\u00e1 v 3. p\u00e1de, v re\u0161taur\u00e1cii<\/li>\n<li>Lekcia 17 &#8211; Z\u00e1men\u00e1 v 4. p\u00e1de, z\u00e1meno ne, nakupovanie<\/li>\n<li>Lekcia 18 &#8211; Podmie\u0148ovac\u00ed sp\u00f4sob pr\u00edtomn\u00fd a minul\u00fd, z\u00e1men\u00e1 v tre\u0165om a \u0161tvrtom p\u00e1de<\/li>\n<li>Lekcia 19 &#8211; Rozkazovac\u00ed sp\u00f4sob, pr\u00eddavn\u00e9 men\u00e1 a ich stup\u0148ovanie, n\u00e1v\u0161teva lek\u00e1ra<\/li>\n<li>Lekcia 20 &#8211; Spojovac\u00ed sp\u00f4sob, trpn\u00fd rod, n\u00e1v\u0161teva mesta<\/li>\n<\/ul>\n<p>&nbsp;<\/p>\n","protected":false},"excerpt":{"rendered":"<p>V kurze Talianska gramatika B1 pre mierne a stredne pokro\u010dil\u00fdch si m\u00f4\u017eete zopakova\u0165 z\u00e1klady, ale aj zdokonali\u0165 sa v zlo\u017eitej\u0161\u00edch t\u00e9mach, ako s\u00fa minul\u00e9 \u010dasy, spojovac\u00ed sp\u00f4sob, bud\u00faci \u010das a trpn\u00fd rod.<\/p>\n","protected":false},"featured_media":486,"comment_status":"open","ping_status":"closed","template":"","meta":{"_acf_changed":false,"inline_featured_image":false,"_sitemap_exclude":false,"_sitemap_priority":"","_sitemap_frequency":""},"product_brand":[],"product_cat":[107,105],"product_tag":[],"class_list":{"0":"post-485","1":"product","2":"type-product","3":"status-publish","4":"has-post-thumbnail","6":"product_cat-vseobecna-taliancina","7":"product_cat-taliancina","8":"pa_dlzka-38","9":"pa_format-mp3","10":"pa_jazykova-uroven-a2-b1","11":"pa_jazykova-uroven-b1","12":"pa_jazykova-uroven-b1-b2","14":"first","15":"instock","16":"downloadable","17":"virtual","18":"purchasable","19":"product-type-simple"},"acf":[],"_links":{"self":[{"href":"https:\/\/audioacademyeu.eu\/sk\/wp-json\/wp\/v2\/product\/485","targetHints":{"allow":["GET"]}}],"collection":[{"href":"https:\/\/audioacademyeu.eu\/sk\/wp-json\/wp\/v2\/product"}],"about":[{"href":"https:\/\/audioacademyeu.eu\/sk\/wp-json\/wp\/v2\/types\/product"}],"replies":[{"embeddable":true,"href":"https:\/\/audioacademyeu.eu\/sk\/wp-json\/wp\/v2\/comments?post=485"}],"wp:featuredmedia":[{"embeddable":true,"href":"https:\/\/audioacademyeu.eu\/sk\/wp-json\/wp\/v2\/media\/486"}],"wp:attachment":[{"href":"https:\/\/audioacademyeu.eu\/sk\/wp-json\/wp\/v2\/media?parent=485"}],"wp:term":[{"taxonomy":"product_brand","embeddable":true,"href":"https:\/\/audioacademyeu.eu\/sk\/wp-json\/wp\/v2\/product_brand?post=485"},{"taxonomy":"product_cat","embeddable":true,"href":"https:\/\/audioacademyeu.eu\/sk\/wp-json\/wp\/v2\/product_cat?post=485"},{"taxonomy":"product_tag","embeddable":true,"href":"https:\/\/audioacademyeu.eu\/sk\/wp-json\/wp\/v2\/product_tag?post=485"}],"curies":[{"name":"wp","href":"https:\/\/api.w.org\/{rel}","templated":true}]}}