
{"id":477,"date":"2023-07-30T20:40:17","date_gmt":"2023-07-30T18:40:17","guid":{"rendered":"https:\/\/audioacademyeu.eu\/sk\/?post_type=product&#038;p=477"},"modified":"2023-07-30T20:58:25","modified_gmt":"2023-07-30T18:58:25","slug":"talianska-gramatika-a1-a2","status":"publish","type":"product","link":"https:\/\/audioacademyeu.eu\/sk\/item\/talianska-gramatika-a1-a2\/","title":{"rendered":"Talian\u010dina &#8211; gramatika pre za\u010diato\u010dn\u00edkov"},"content":{"rendered":"<p>V kurze Talianska gramatika A1, A2 pre za\u010diato\u010dn\u00edkov a mierne pokro\u010dil\u00fdch sa nau\u010d\u00edte z\u00e1klady talian\u010diny, vr\u00e1tane v\u00fdslovnosti, \u010dlenov, naj\u010dastej\u0161ie pou\u017e\u00edvan\u00fdch slovies, spojky s p\u0159edlo\u017ekami ako aj z\u00e1kladn\u00e9 konverza\u010dn\u00e9 fr\u00e1zy a obraty.<\/p>\n<p>S\u00fa\u010das\u0165ou kurzu s\u00fa aj konverza\u010dn\u00e9 t\u00e9my, v ktor\u00fdch n\u00e1jdete najpou\u017e\u00edvanej\u0161ie fr\u00e1zy a obraty pre komunik\u00e1ciu o sebe, svojej rodine, pr\u00e1ci a vo\u013enom \u010dase. Kurz je zalo\u017een\u00fd na kontextovom u\u010den\u00ed, \u010do znamen\u00e1, \u017ee sa budete u\u010di\u0165 nielen slov\u00ed\u010dka, ale aj vety, v ktor\u00fdch m\u00f4\u017eete dan\u00e9 slov\u00ed\u010dka pou\u017ei\u0165. V tomto kurze n\u00e1jdete celkom 1 200 slov\u00ed\u010dok a vetn\u00e9 cvi\u010denia.<\/p>\n<p>K tomuto kurzu si m\u00f4\u017eete bezplatne stiahnu\u0165 skript\u00e1, v\u010faka ktor\u00fdm bud\u00fa va\u0161e aktivity s kurzom ove\u013ea efekt\u00edvnej\u0161ie. V skript\u00e1ch n\u00e1jdete n\u00e1vod na u\u010denie, spolu s u\u017eito\u010dn\u00fdmi tipmi, ako zefekt\u00edvni\u0165 vzdel\u00e1vanie, v\u00fdu\u010dbov\u00fd pl\u00e1n, do ktor\u00e9ho si m\u00f4\u017eete zaznamen\u00e1va\u0165 svoj pokrok, zoznam st\u00f4p na po\u010d\u00favanie (ak by ste n\u00e1hodou nie\u010domu nerozumeli), ako aj obojstrann\u00e9 karti\u010dky, v\u010faka ktor\u00fdm sa m\u00f4\u017eete u\u010di\u0165 a opakova\u0165 aj vtedy, ke\u010f pr\u00e1ve nem\u00f4\u017eete po\u010d\u00fava\u0165. Pre t\u00fdch, ktor\u00ed sa radi sk\u00fa\u0161aj\u00fa, je v ka\u017edej lekcii pripraven\u00fd prekladov\u00fd test s k\u013e\u00fa\u010dom obsahuj\u00facim spr\u00e1vne odpovede.<\/p>\n<p>Talian\u010dinu v tomto kurze nahrali Elisa Ciravegna a Matteo Bianchi, sloven\u010dinu nahral Peter Svetl\u00edk.<\/p>\n<ul>\n<li>\u00davodn\u00e1 lekcia_v\u00fdslovnos\u0165, z\u00e1kladn\u00e9 slov\u00ed\u010dka<\/li>\n<li>Podstatn\u00e9 men\u00e1, sloveso ESSERE &#8211; by\u0165, z\u00e1kladn\u00e9 \u010d\u00edslovky<\/li>\n<li>Sloveso AVERE, ur\u010dit\u00fd a neur\u010dit\u00fd \u010dlen, sloves\u00e1 prvej slovesnej triedy s koncovkou &#8211; ARE<\/li>\n<li>Sloves\u00e1 druhej a tretej triedy, pr\u00eddavn\u00e9 men\u00e1, z\u00e1kladn\u00e9 pozdravy<\/li>\n<li>Nepravideln\u00e9 sloves\u00e1 \u010das\u0165 01, v\u00fdrazy mi piace a ho bisogno, vyjadrovanie \u010dasu, m\u00f4j de\u0148<\/li>\n<li>Nepravideln\u00e9 sloves\u00e1 \u010das\u0165 02, ESSERE a STARE, pr\u00eddavn\u00e9 z\u00e1men\u00e1, moja rodina<\/li>\n<li>Nepravideln\u00e9 sloves\u00e1 \u010das\u0165 03, mod\u00e1lne sloves\u00e1, dni v t\u00fd\u017edni, v\u00e4zby PRIMA a DOPO DI<\/li>\n<li>Nepravideln\u00e9 sloves\u00e1 \u010das\u0165 04, \u010d\u00edsla od 20 do 1000, radov\u00e9 \u010d\u00edsla_slovn\u00e1 z\u00e1soba<\/li>\n<li>Vybran\u00e9 sloves\u00e1 2. a 3. triedy, v\u00e4zby c&#8217;\u00e8 a ci sono, z\u00e1kladn\u00e9 predlo\u017eky<\/li>\n<li>\u010eal\u0161ie sloves\u00e1 1. triedy, predlo\u017eky s ur\u010dit\u00fdm \u010dlenom, predlo\u017eky miesta, m\u00f4j byt<\/li>\n<li>Pr\u00edtomn\u00fd priebehov\u00fd \u010das, predlo\u017eky s ur\u010dit\u00fdm \u010dlenom, minul\u00fd \u010das passato prossimo, mesiace<\/li>\n<\/ul>\n","protected":false},"excerpt":{"rendered":"<p>V kurze Talianska gramatika A1, A2 pre za\u010diato\u010dn\u00edkov a mierne pokro\u010dil\u00fdch sa nau\u010d\u00edte z\u00e1klady talian\u010diny, vr\u00e1tane v\u00fdslovnosti, \u010dlenov, naj\u010dastej\u0161ie pou\u017e\u00edvan\u00fdch slovies, spojky s p\u0159edlo\u017ekami ako aj z\u00e1kladn\u00e9 konverza\u010dn\u00e9 fr\u00e1zy a obraty.<\/p>\n","protected":false},"featured_media":484,"comment_status":"open","ping_status":"closed","template":"","meta":{"_acf_changed":false,"inline_featured_image":false,"_sitemap_exclude":false,"_sitemap_priority":"","_sitemap_frequency":""},"product_brand":[],"product_cat":[107,105],"product_tag":[],"class_list":{"0":"post-477","1":"product","2":"type-product","3":"status-publish","4":"has-post-thumbnail","6":"product_cat-vseobecna-taliancina","7":"product_cat-taliancina","8":"pa_dlzka-64","9":"pa_format-mp3","10":"pa_jazykova-uroven-a1","11":"pa_jazykova-uroven-a1-a2","12":"pa_jazykova-uroven-a2","13":"pa_jazykova-uroven-a2-b1","15":"first","16":"instock","17":"downloadable","18":"virtual","19":"purchasable","20":"product-type-simple"},"acf":[],"_links":{"self":[{"href":"https:\/\/audioacademyeu.eu\/sk\/wp-json\/wp\/v2\/product\/477","targetHints":{"allow":["GET"]}}],"collection":[{"href":"https:\/\/audioacademyeu.eu\/sk\/wp-json\/wp\/v2\/product"}],"about":[{"href":"https:\/\/audioacademyeu.eu\/sk\/wp-json\/wp\/v2\/types\/product"}],"replies":[{"embeddable":true,"href":"https:\/\/audioacademyeu.eu\/sk\/wp-json\/wp\/v2\/comments?post=477"}],"wp:featuredmedia":[{"embeddable":true,"href":"https:\/\/audioacademyeu.eu\/sk\/wp-json\/wp\/v2\/media\/484"}],"wp:attachment":[{"href":"https:\/\/audioacademyeu.eu\/sk\/wp-json\/wp\/v2\/media?parent=477"}],"wp:term":[{"taxonomy":"product_brand","embeddable":true,"href":"https:\/\/audioacademyeu.eu\/sk\/wp-json\/wp\/v2\/product_brand?post=477"},{"taxonomy":"product_cat","embeddable":true,"href":"https:\/\/audioacademyeu.eu\/sk\/wp-json\/wp\/v2\/product_cat?post=477"},{"taxonomy":"product_tag","embeddable":true,"href":"https:\/\/audioacademyeu.eu\/sk\/wp-json\/wp\/v2\/product_tag?post=477"}],"curies":[{"name":"wp","href":"https:\/\/api.w.org\/{rel}","templated":true}]}}