
{"id":434,"date":"2023-02-01T21:15:34","date_gmt":"2023-02-01T20:15:34","guid":{"rendered":"https:\/\/audioacademyeu.eu\/sk\/?post_type=product&#038;p=434"},"modified":"2025-06-18T20:49:34","modified_gmt":"2025-06-18T18:49:34","slug":"spanielcina-megaslovicka","status":"publish","type":"product","link":"https:\/\/audioacademyeu.eu\/sk\/item\/spanielcina-megaslovicka\/","title":{"rendered":"\u0160paniel\u010dina &#8211; Megaslov\u00ed\u010dka"},"content":{"rendered":"<p>Kurz \u0160paniel\u010dina &#8211; slovn\u00e1 z\u00e1soba A1 A2 je ur\u010den\u00fd pre \u00fapln\u00fdch a falo\u0161n\u00fdch za\u010diato\u010dn\u00edkov, tak\u017ee ak sa u\u017e nejak\u00fd \u010das \u0161paniel\u010dinu u\u010d\u00edte a chcete si ju d\u00f4kladne zopakova\u0165, je tento kurz ur\u010den\u00fd pr\u00e1ve pre v\u00e1s.<\/p>\n<p>Kurz \u0160paniel\u010dina &#8211; slovn\u00e1 z\u00e1soba pre mierne pokro\u010dil\u00fdch B1 &#8211; \u010das\u0165 1 je ur\u010den\u00fd pre mierne pokro\u010dil\u00fdch \u0161tudentov, ktor\u00ed u\u017e \u0161paniel\u010dinu \u00a0\u0161tudovali jeden alebo dva roky a maj\u00fa osvojen\u00e9 jej z\u00e1klady.<\/p>\n<p>Kurz \u0160paniel\u010dina &#8211; slovn\u00e1 z\u00e1soba pre mierne pokro\u010dil\u00fdch B1 &#8211; \u010das\u0165 02 je ur\u010den\u00fd pre mierne pokro\u010dil\u00fdch \u0161tudentov, ktor\u00ed u\u017e \u0161paniel\u010dinu \u00a0\u0161tudovali jeden alebo dva roky a maj\u00fa osvojen\u00e9 jej z\u00e1klady.<\/p>\n<p>Kurz \u0160paniel\u010dina\u00a0 na cesty A1-A2 je ur\u010den\u00fd pre za\u010diato\u010dn\u00edkov a\u017e stredne pokro\u010dil\u00fdch a zameriava sa na slovn\u00fa z\u00e1sobu a fr\u00e1zy, ktor\u00e9 m\u00f4\u017eete pou\u017ei\u0165 pri cestovan\u00ed.<\/p>\n<p>Kurz Obchodn\u00e1 \u0161paniel\u010dina A1-B1je ur\u010den\u00fd pre za\u010diato\u010dn\u00edkov a\u017e stredne pokro\u010dil\u00fdch a zameriava sa na slovn\u00fa z\u00e1sobu, ktor\u00fa m\u00f4\u017eete vyu\u017ei\u0165 v pr\u00e1ci a pri obchodn\u00fdch kontaktoch so zahrani\u010dn\u00fdmi partnermi.<\/p>\n","protected":false},"excerpt":{"rendered":"<p>\u0160paniel\u010dina &#8211; Megaslov\u00ed\u010dka &#8211; slovn\u00e1 z\u00e1soba A1, A2, B1 \u010d\u00e1s\u0165 01 a 02, obchodna \u0161paniel\u010dina, \u0161paniel\u010dina na cesty<\/p>\n","protected":false},"featured_media":435,"comment_status":"open","ping_status":"closed","template":"","meta":{"_acf_changed":true,"inline_featured_image":false,"_sitemap_exclude":false,"_sitemap_priority":"","_sitemap_frequency":""},"product_brand":[],"product_cat":[97,43],"product_tag":[],"class_list":{"0":"post-434","1":"product","2":"type-product","3":"status-publish","4":"has-post-thumbnail","6":"product_cat-spanielcina-vyhodny-balik","7":"product_cat-vyhodny-balik","8":"pa_dlzka-103","9":"pa_format-mp3","10":"pa_jazykova-uroven-a1","11":"pa_jazykova-uroven-a1-a2","12":"pa_jazykova-uroven-a2","13":"pa_jazykova-uroven-a2-b1","14":"pa_jazykova-uroven-b1","15":"pa_jazykova-uroven-b1-b2","17":"first","18":"instock","19":"downloadable","20":"virtual","21":"purchasable","22":"product-type-simple"},"acf":[],"_links":{"self":[{"href":"https:\/\/audioacademyeu.eu\/sk\/wp-json\/wp\/v2\/product\/434","targetHints":{"allow":["GET"]}}],"collection":[{"href":"https:\/\/audioacademyeu.eu\/sk\/wp-json\/wp\/v2\/product"}],"about":[{"href":"https:\/\/audioacademyeu.eu\/sk\/wp-json\/wp\/v2\/types\/product"}],"replies":[{"embeddable":true,"href":"https:\/\/audioacademyeu.eu\/sk\/wp-json\/wp\/v2\/comments?post=434"}],"wp:featuredmedia":[{"embeddable":true,"href":"https:\/\/audioacademyeu.eu\/sk\/wp-json\/wp\/v2\/media\/435"}],"wp:attachment":[{"href":"https:\/\/audioacademyeu.eu\/sk\/wp-json\/wp\/v2\/media?parent=434"}],"wp:term":[{"taxonomy":"product_brand","embeddable":true,"href":"https:\/\/audioacademyeu.eu\/sk\/wp-json\/wp\/v2\/product_brand?post=434"},{"taxonomy":"product_cat","embeddable":true,"href":"https:\/\/audioacademyeu.eu\/sk\/wp-json\/wp\/v2\/product_cat?post=434"},{"taxonomy":"product_tag","embeddable":true,"href":"https:\/\/audioacademyeu.eu\/sk\/wp-json\/wp\/v2\/product_tag?post=434"}],"curies":[{"name":"wp","href":"https:\/\/api.w.org\/{rel}","templated":true}]}}