
{"id":421,"date":"2023-02-01T20:08:42","date_gmt":"2023-02-01T19:08:42","guid":{"rendered":"https:\/\/audioacademyeu.eu\/sk\/?post_type=product&#038;p=421"},"modified":"2025-06-18T20:53:38","modified_gmt":"2025-06-18T18:53:38","slug":"anglictina-balicek-pre-pokrocilych","status":"publish","type":"product","link":"https:\/\/audioacademyeu.eu\/sk\/item\/anglictina-balicek-pre-pokrocilych\/","title":{"rendered":"Angli\u010dtina &#8211; Bal\u00ed\u010dek pre pokro\u010dil\u00fdch"},"content":{"rendered":"<p>Kurz Angli\u010dtina \u2013 slovn\u00e1 z\u00e1soba pre pokro\u010dil\u00fdch \u00a0B2 je ur\u010den\u00fd pre pokro\u010dil\u00fdch pou\u017e\u00edvate\u013eov. Jeho pomocou si roz\u0161\u00edrite pokro\u010dilej\u0161iu slovn\u00fa z\u00e1sobu a upevn\u00edte alebo roz\u0161\u00edrite si svoje vedomosti o zlo\u017eitej\u0161ie gramatick\u00e9 t\u00e9my.<\/p>\n<p>Kurz Angli\u010dtina \u2013 slovn\u00e1 z\u00e1soba pre pokro\u010dil\u00fdch\u00a0 C1, C2 je ur\u010den\u00fd pre pokro\u010dil\u00fdch pou\u017e\u00edvate\u013eov, ktor\u00ed u\u017e \u0161tandardne v angli\u010dtine komunikuj\u00fa.<\/p>\n","protected":false},"excerpt":{"rendered":"<p>Angli\u010dtina &#8211; Bal\u00ed\u010dek pre pokro\u010dil\u00fdch &#8211; Angli\u010dtina\u00a0B2 a Angli\u010dtina C1, C2<\/p>\n","protected":false},"featured_media":422,"comment_status":"open","ping_status":"closed","template":"","meta":{"_acf_changed":true,"inline_featured_image":false,"_sitemap_exclude":false,"_sitemap_priority":"","_sitemap_frequency":""},"product_brand":[],"product_cat":[94,43],"product_tag":[],"class_list":{"0":"post-421","1":"product","2":"type-product","3":"status-publish","4":"has-post-thumbnail","6":"product_cat-anglictina-vyhodny-balik","7":"product_cat-vyhodny-balik","8":"pa_dlzka-45","9":"pa_format-mp3","10":"pa_jazykova-uroven-b1-b2","11":"pa_jazykova-uroven-b2","12":"pa_jazykova-uroven-b2-c1","13":"pa_jazykova-uroven-c1","14":"pa_jazykova-uroven-c1-c2","15":"pa_jazykova-uroven-c2","17":"first","18":"instock","19":"downloadable","20":"virtual","21":"purchasable","22":"product-type-simple"},"acf":[],"_links":{"self":[{"href":"https:\/\/audioacademyeu.eu\/sk\/wp-json\/wp\/v2\/product\/421","targetHints":{"allow":["GET"]}}],"collection":[{"href":"https:\/\/audioacademyeu.eu\/sk\/wp-json\/wp\/v2\/product"}],"about":[{"href":"https:\/\/audioacademyeu.eu\/sk\/wp-json\/wp\/v2\/types\/product"}],"replies":[{"embeddable":true,"href":"https:\/\/audioacademyeu.eu\/sk\/wp-json\/wp\/v2\/comments?post=421"}],"wp:featuredmedia":[{"embeddable":true,"href":"https:\/\/audioacademyeu.eu\/sk\/wp-json\/wp\/v2\/media\/422"}],"wp:attachment":[{"href":"https:\/\/audioacademyeu.eu\/sk\/wp-json\/wp\/v2\/media?parent=421"}],"wp:term":[{"taxonomy":"product_brand","embeddable":true,"href":"https:\/\/audioacademyeu.eu\/sk\/wp-json\/wp\/v2\/product_brand?post=421"},{"taxonomy":"product_cat","embeddable":true,"href":"https:\/\/audioacademyeu.eu\/sk\/wp-json\/wp\/v2\/product_cat?post=421"},{"taxonomy":"product_tag","embeddable":true,"href":"https:\/\/audioacademyeu.eu\/sk\/wp-json\/wp\/v2\/product_tag?post=421"}],"curies":[{"name":"wp","href":"https:\/\/api.w.org\/{rel}","templated":true}]}}