
{"id":401,"date":"2023-01-27T18:46:59","date_gmt":"2023-01-27T17:46:59","guid":{"rendered":"https:\/\/audioacademyeu.eu\/sk\/?post_type=product&#038;p=401"},"modified":"2025-06-18T20:54:25","modified_gmt":"2025-06-18T18:54:25","slug":"pack-specializovana-polstina","status":"publish","type":"product","link":"https:\/\/audioacademyeu.eu\/sk\/item\/pack-specializovana-polstina\/","title":{"rendered":"Pack &#8211; \u0160pecializovan\u00e1 po\u013e\u0161tina"},"content":{"rendered":"<ul>\n<li>Technick\u00e1 po\u013e\u0161tina A1-B1<\/li>\n<li>Po\u013e\u0161tina \u00a0na cesty A1-B1<\/li>\n<li>Obchodn\u00e1 pol\u0161tina A1-B1<\/li>\n<\/ul>\n","protected":false},"excerpt":{"rendered":"<p>V\u00fdhodn\u00fd bal\u00ed\u010dek &#8211; Technick\u00e1 po\u013e\u0161tina A1-B1, Po\u013e\u0161tina \u00a0na cesty A1-B1 a Obchodn\u00e1 pol\u0161tina A1-B1<\/p>\n","protected":false},"featured_media":402,"comment_status":"open","ping_status":"closed","template":"","meta":{"_acf_changed":true,"inline_featured_image":false,"_sitemap_exclude":false,"_sitemap_priority":"","_sitemap_frequency":""},"product_brand":[],"product_cat":[91,43],"product_tag":[],"class_list":{"0":"post-401","1":"product","2":"type-product","3":"status-publish","4":"has-post-thumbnail","6":"product_cat-polstina-vyhodny-balik","7":"product_cat-vyhodny-balik","8":"pa_dlzka-93","9":"pa_format-mp3","10":"pa_jazykova-uroven-a1","11":"pa_jazykova-uroven-a1-a2","12":"pa_jazykova-uroven-a2","13":"pa_jazykova-uroven-a2-b1","14":"pa_jazykova-uroven-b1","15":"pa_jazykova-uroven-b1-b2","17":"first","18":"instock","19":"downloadable","20":"virtual","21":"purchasable","22":"product-type-simple"},"acf":[],"_links":{"self":[{"href":"https:\/\/audioacademyeu.eu\/sk\/wp-json\/wp\/v2\/product\/401","targetHints":{"allow":["GET"]}}],"collection":[{"href":"https:\/\/audioacademyeu.eu\/sk\/wp-json\/wp\/v2\/product"}],"about":[{"href":"https:\/\/audioacademyeu.eu\/sk\/wp-json\/wp\/v2\/types\/product"}],"replies":[{"embeddable":true,"href":"https:\/\/audioacademyeu.eu\/sk\/wp-json\/wp\/v2\/comments?post=401"}],"wp:featuredmedia":[{"embeddable":true,"href":"https:\/\/audioacademyeu.eu\/sk\/wp-json\/wp\/v2\/media\/402"}],"wp:attachment":[{"href":"https:\/\/audioacademyeu.eu\/sk\/wp-json\/wp\/v2\/media?parent=401"}],"wp:term":[{"taxonomy":"product_brand","embeddable":true,"href":"https:\/\/audioacademyeu.eu\/sk\/wp-json\/wp\/v2\/product_brand?post=401"},{"taxonomy":"product_cat","embeddable":true,"href":"https:\/\/audioacademyeu.eu\/sk\/wp-json\/wp\/v2\/product_cat?post=401"},{"taxonomy":"product_tag","embeddable":true,"href":"https:\/\/audioacademyeu.eu\/sk\/wp-json\/wp\/v2\/product_tag?post=401"}],"curies":[{"name":"wp","href":"https:\/\/api.w.org\/{rel}","templated":true}]}}