
{"id":399,"date":"2023-01-27T18:40:10","date_gmt":"2023-01-27T17:40:10","guid":{"rendered":"https:\/\/audioacademyeu.eu\/sk\/?post_type=product&#038;p=399"},"modified":"2025-06-18T20:54:49","modified_gmt":"2025-06-18T18:54:49","slug":"pack-polska-slovna-zasoba","status":"publish","type":"product","link":"https:\/\/audioacademyeu.eu\/sk\/item\/pack-polska-slovna-zasoba\/","title":{"rendered":"Pack &#8211; Po\u013esk\u00e1 slovn\u00e1 z\u00e1soba"},"content":{"rendered":"<ul>\n<li>Pol\u0161tina &#8211; slovn\u00e1 z\u00e1soba pre za\u010diate\u010dn\u00edkov A1 \/ A2<\/li>\n<li>Po\u013e\u0161tina &#8211; slovn\u00e1 z\u00e1soba pre mierne pokro\u010dil\u00fdch B1 &#8211; \u010das\u0165 1<\/li>\n<li>Po\u013e\u0161tina &#8211; slovn\u00e1 z\u00e1soba pre mierne pokro\u010dil\u00fdch B1 &#8211; \u010das\u0165 2<\/li>\n<\/ul>\n","protected":false},"excerpt":{"rendered":"<p>V\u00fdhodn\u00fd packet &#8211; Pol\u0161tina &#8211; slovn\u00e1 z\u00e1soba pre za\u010diate\u010dn\u00edkov A1 \/ A2, Po\u013e\u0161tina &#8211; slovn\u00e1 z\u00e1soba pre mierne pokro\u010dil\u00fdch B1 &#8211; \u010das\u0165 1, Po\u013e\u0161tina &#8211; slovn\u00e1 z\u00e1soba pre mierne pokro\u010dil\u00fdch B1 &#8211; \u010das\u0165 2<\/p>\n","protected":false},"featured_media":400,"comment_status":"open","ping_status":"closed","template":"","meta":{"_acf_changed":true,"inline_featured_image":false,"_sitemap_exclude":false,"_sitemap_priority":"","_sitemap_frequency":""},"product_brand":[],"product_cat":[91,43],"product_tag":[],"class_list":{"0":"post-399","1":"product","2":"type-product","3":"status-publish","4":"has-post-thumbnail","6":"product_cat-polstina-vyhodny-balik","7":"product_cat-vyhodny-balik","8":"pa_dlzka-92","9":"pa_format-mp3","10":"pa_jazykova-uroven-a1","11":"pa_jazykova-uroven-a1-a2","12":"pa_jazykova-uroven-a2","13":"pa_jazykova-uroven-a2-b1","14":"pa_jazykova-uroven-b1","15":"pa_jazykova-uroven-b1-b2","17":"first","18":"instock","19":"downloadable","20":"virtual","21":"purchasable","22":"product-type-simple"},"acf":[],"_links":{"self":[{"href":"https:\/\/audioacademyeu.eu\/sk\/wp-json\/wp\/v2\/product\/399","targetHints":{"allow":["GET"]}}],"collection":[{"href":"https:\/\/audioacademyeu.eu\/sk\/wp-json\/wp\/v2\/product"}],"about":[{"href":"https:\/\/audioacademyeu.eu\/sk\/wp-json\/wp\/v2\/types\/product"}],"replies":[{"embeddable":true,"href":"https:\/\/audioacademyeu.eu\/sk\/wp-json\/wp\/v2\/comments?post=399"}],"wp:featuredmedia":[{"embeddable":true,"href":"https:\/\/audioacademyeu.eu\/sk\/wp-json\/wp\/v2\/media\/400"}],"wp:attachment":[{"href":"https:\/\/audioacademyeu.eu\/sk\/wp-json\/wp\/v2\/media?parent=399"}],"wp:term":[{"taxonomy":"product_brand","embeddable":true,"href":"https:\/\/audioacademyeu.eu\/sk\/wp-json\/wp\/v2\/product_brand?post=399"},{"taxonomy":"product_cat","embeddable":true,"href":"https:\/\/audioacademyeu.eu\/sk\/wp-json\/wp\/v2\/product_cat?post=399"},{"taxonomy":"product_tag","embeddable":true,"href":"https:\/\/audioacademyeu.eu\/sk\/wp-json\/wp\/v2\/product_tag?post=399"}],"curies":[{"name":"wp","href":"https:\/\/api.w.org\/{rel}","templated":true}]}}