
{"id":321,"date":"2022-11-15T19:50:11","date_gmt":"2022-11-15T18:50:11","guid":{"rendered":"https:\/\/audioacademyeu.eu\/sk\/?post_type=product&#038;p=321"},"modified":"2025-06-18T20:56:46","modified_gmt":"2025-06-18T18:56:46","slug":"spanielcina-pracovny-balicek","status":"publish","type":"product","link":"https:\/\/audioacademyeu.eu\/sk\/item\/spanielcina-pracovny-balicek\/","title":{"rendered":"\u0160paniel\u010dina &#8211; pracovn\u00fd bal\u00ed\u010dek"},"content":{"rendered":"<p>Kurz <strong>\u0160paniel\u010dina &#8211; slovn\u00e1 z\u00e1soba pre mierne pokro\u010dil\u00fdch B1 &#8211; \u010das\u0165 1<\/strong> je ur\u010den\u00fd pre mierne pokro\u010dil\u00fdch \u0161tudentov, ktor\u00ed u\u017e \u0161paniel\u010dinu \u00a0\u0161tudovali jeden alebo dva roky a maj\u00fa osvojen\u00e9 jej z\u00e1klady.<\/p>\n<p>Kurz <strong>Obchodn\u00e1 \u0161paniel\u010dina A1-B1<\/strong> je ur\u010den\u00fd pre za\u010diato\u010dn\u00edkov a\u017e stredne pokro\u010dil\u00fdch a zameriava sa na slovn\u00fa z\u00e1sobu, ktor\u00fa m\u00f4\u017eete vyu\u017ei\u0165 v pr\u00e1ci a pri obchodn\u00fdch kontaktoch so zahrani\u010dn\u00fdmi partnermi.<\/p>\n<p>Kurz <strong>\u0160paniel\u010dina\u00a0 na cesty A1-A2<\/strong> je ur\u010den\u00fd pre za\u010diato\u010dn\u00edkov a\u017e stredne pokro\u010dil\u00fdch a zameriava sa na slovn\u00fa z\u00e1sobu a fr\u00e1zy, ktor\u00e9 m\u00f4\u017eete pou\u017ei\u0165 pri cestovan\u00ed.<\/p>\n","protected":false},"excerpt":{"rendered":"<p>V\u00fdhodn\u00fd paket &#8211; \u0160paniel\u010dina &#8211; slovn\u00e1 z\u00e1soba pre mierne pokro\u010dil\u00fdch B1 &#8211; \u010das\u0165 1, \u0160paniel\u010dina &#8211; pracovn\u00fd bal\u00ed\u010dek, \u0160paniel\u010dina\u00a0 na cesty A1-A2<\/p>\n","protected":false},"featured_media":344,"comment_status":"open","ping_status":"closed","template":"","meta":{"_acf_changed":true,"inline_featured_image":false,"_sitemap_exclude":false,"_sitemap_priority":"","_sitemap_frequency":""},"product_brand":[],"product_cat":[97,43],"product_tag":[],"class_list":{"0":"post-321","1":"product","2":"type-product","3":"status-publish","4":"has-post-thumbnail","6":"product_cat-spanielcina-vyhodny-balik","7":"product_cat-vyhodny-balik","8":"pa_dlzka-82","9":"pa_format-mp3","10":"pa_jazykova-uroven-a1","11":"pa_jazykova-uroven-a1-a2","12":"pa_jazykova-uroven-a2","13":"pa_jazykova-uroven-a2-b1","14":"pa_jazykova-uroven-b1","15":"pa_jazykova-uroven-b1-b2","17":"first","18":"instock","19":"downloadable","20":"virtual","21":"purchasable","22":"product-type-simple"},"acf":[],"_links":{"self":[{"href":"https:\/\/audioacademyeu.eu\/sk\/wp-json\/wp\/v2\/product\/321","targetHints":{"allow":["GET"]}}],"collection":[{"href":"https:\/\/audioacademyeu.eu\/sk\/wp-json\/wp\/v2\/product"}],"about":[{"href":"https:\/\/audioacademyeu.eu\/sk\/wp-json\/wp\/v2\/types\/product"}],"replies":[{"embeddable":true,"href":"https:\/\/audioacademyeu.eu\/sk\/wp-json\/wp\/v2\/comments?post=321"}],"wp:featuredmedia":[{"embeddable":true,"href":"https:\/\/audioacademyeu.eu\/sk\/wp-json\/wp\/v2\/media\/344"}],"wp:attachment":[{"href":"https:\/\/audioacademyeu.eu\/sk\/wp-json\/wp\/v2\/media?parent=321"}],"wp:term":[{"taxonomy":"product_brand","embeddable":true,"href":"https:\/\/audioacademyeu.eu\/sk\/wp-json\/wp\/v2\/product_brand?post=321"},{"taxonomy":"product_cat","embeddable":true,"href":"https:\/\/audioacademyeu.eu\/sk\/wp-json\/wp\/v2\/product_cat?post=321"},{"taxonomy":"product_tag","embeddable":true,"href":"https:\/\/audioacademyeu.eu\/sk\/wp-json\/wp\/v2\/product_tag?post=321"}],"curies":[{"name":"wp","href":"https:\/\/api.w.org\/{rel}","templated":true}]}}