
{"id":268,"date":"2022-10-25T20:45:08","date_gmt":"2022-10-25T18:45:08","guid":{"rendered":"https:\/\/audioacademyeu.eu\/sk\/?post_type=product&#038;p=268"},"modified":"2025-06-18T20:58:00","modified_gmt":"2025-06-18T18:58:00","slug":"rustina-specializovany-balik","status":"publish","type":"product","link":"https:\/\/audioacademyeu.eu\/sk\/item\/rustina-specializovany-balik\/","title":{"rendered":"Ru\u0161tina &#8211; \u0161pecializovan\u00fd bal\u00edk"},"content":{"rendered":"<p>Kurz Ru\u0161tina na cesty A1-B1 je ur\u010den\u00fd pre za\u010diato\u010dn\u00edkov a\u017e stredne pokro\u010dil\u00fdch a zameriava sa na slovn\u00fa z\u00e1sobu a fr\u00e1zy, ktor\u00e9 m\u00f4\u017eete pou\u017ei\u0165 pri cestovan\u00ed.<\/p>\n<p>Kurz Technick\u00e1 ru\u0161tina A1-A2 je ur\u010den\u00fd pre za\u010diato\u010dn\u00edkov a\u017e stredne pokro\u010dil\u00fdch a zameriava sa na slovn\u00fa z\u00e1sobu, ktor\u00fa m\u00f4\u017eete vyu\u017ei\u0165 v technickej oblasti.<\/p>\n<p>Kurz Obchodn\u00e1 ru\u0161tina \u00a0A1-B1 je ur\u010den\u00fd pre za\u010diato\u010dn\u00edkov a\u017e stredne pokro\u010dil\u00fdch a zameriava sa na slovn\u00fa z\u00e1sobu, ktor\u00fa m\u00f4\u017eete vyu\u017ei\u0165 v pr\u00e1ci a pri obchodn\u00fdch kontaktoch so zahrani\u010dn\u00fdmi partnermi.<\/p>\n","protected":false},"excerpt":{"rendered":"<p>Kurz Ru\u0161tina na cesty A1-B1 je ur\u010den\u00fd pre za\u010diato\u010dn\u00edkov a\u017e stredne pokro\u010dil\u00fdch a zameriava sa na slovn\u00fa z\u00e1sobu a fr\u00e1zy, ktor\u00e9 m\u00f4\u017eete pou\u017ei\u0165 pri cestovan\u00ed. Kurz Technick\u00e1 ru\u0161tina A1-A2 je ur\u010den\u00fd pre za\u010diato\u010dn\u00edkov a\u017e stredne pokro\u010dil\u00fdch a zameriava sa na slovn\u00fa z\u00e1sobu, ktor\u00fa m\u00f4\u017eete vyu\u017ei\u0165 v technickej oblasti. Kurz Obchodn\u00e1 ru\u0161tina \u00a0A1-B1 je ur\u010den\u00fd pre [&hellip;]<\/p>\n","protected":false},"featured_media":264,"comment_status":"open","ping_status":"closed","template":"","meta":{"_acf_changed":true,"inline_featured_image":false,"_sitemap_exclude":false,"_sitemap_priority":"","_sitemap_frequency":""},"product_brand":[],"product_cat":[96,43],"product_tag":[69],"class_list":{"0":"post-268","1":"product","2":"type-product","3":"status-publish","4":"has-post-thumbnail","6":"product_cat-rustina-vyhodny-balik","7":"product_cat-vyhodny-balik","8":"product_tag-rustina","9":"pa_dlzka-71","10":"pa_format-mp3","11":"pa_jazykova-uroven-a1","12":"pa_jazykova-uroven-a1-a2","13":"pa_jazykova-uroven-a2","14":"pa_jazykova-uroven-a2-b1","15":"pa_jazykova-uroven-b1","16":"pa_jazykova-uroven-b1-b2","18":"first","19":"instock","20":"downloadable","21":"virtual","22":"purchasable","23":"product-type-simple"},"acf":[],"_links":{"self":[{"href":"https:\/\/audioacademyeu.eu\/sk\/wp-json\/wp\/v2\/product\/268","targetHints":{"allow":["GET"]}}],"collection":[{"href":"https:\/\/audioacademyeu.eu\/sk\/wp-json\/wp\/v2\/product"}],"about":[{"href":"https:\/\/audioacademyeu.eu\/sk\/wp-json\/wp\/v2\/types\/product"}],"replies":[{"embeddable":true,"href":"https:\/\/audioacademyeu.eu\/sk\/wp-json\/wp\/v2\/comments?post=268"}],"wp:featuredmedia":[{"embeddable":true,"href":"https:\/\/audioacademyeu.eu\/sk\/wp-json\/wp\/v2\/media\/264"}],"wp:attachment":[{"href":"https:\/\/audioacademyeu.eu\/sk\/wp-json\/wp\/v2\/media?parent=268"}],"wp:term":[{"taxonomy":"product_brand","embeddable":true,"href":"https:\/\/audioacademyeu.eu\/sk\/wp-json\/wp\/v2\/product_brand?post=268"},{"taxonomy":"product_cat","embeddable":true,"href":"https:\/\/audioacademyeu.eu\/sk\/wp-json\/wp\/v2\/product_cat?post=268"},{"taxonomy":"product_tag","embeddable":true,"href":"https:\/\/audioacademyeu.eu\/sk\/wp-json\/wp\/v2\/product_tag?post=268"}],"curies":[{"name":"wp","href":"https:\/\/api.w.org\/{rel}","templated":true}]}}