
{"id":263,"date":"2022-10-25T20:37:47","date_gmt":"2022-10-25T18:37:47","guid":{"rendered":"https:\/\/audioacademyeu.eu\/sk\/?post_type=product&#038;p=263"},"modified":"2025-06-18T20:58:33","modified_gmt":"2025-06-18T18:58:33","slug":"rustina-pracovny-balicek","status":"publish","type":"product","link":"https:\/\/audioacademyeu.eu\/sk\/item\/rustina-pracovny-balicek\/","title":{"rendered":"Ru\u0161tina &#8211; pracovn\u00fd bal\u00ed\u010dek"},"content":{"rendered":"<p>Kurz Ru\u0161tina\u00a0 pre mierne pokro\u010dil\u00fdch B1 &#8211; \u010das\u0165 1 je ur\u010den\u00fd pre mierne pokro\u010dil\u00fdch \u0161tudentov, ktor\u00ed u\u017e ru\u0161tinu \u0161tudovali jeden alebo dva roky a maj\u00fa osvojen\u00e9 jej z\u00e1klady.<\/p>\n<p>Kurz Technick\u00e1 ru\u0161tina A1-A2 je ur\u010den\u00fd pre za\u010diato\u010dn\u00edkov a\u017e stredne pokro\u010dil\u00fdch a zameriava sa na slovn\u00fa z\u00e1sobu, ktor\u00fa m\u00f4\u017eete vyu\u017ei\u0165 v technickej oblasti.<\/p>\n<p>Kurz Ru\u0161tina na cesty A1-B1 je ur\u010den\u00fd pre za\u010diato\u010dn\u00edkov a\u017e stredne pokro\u010dil\u00fdch a zameriava sa na slovn\u00fa z\u00e1sobu a fr\u00e1zy, ktor\u00e9 m\u00f4\u017eete pou\u017ei\u0165 pri cestovan\u00ed.<\/p>\n","protected":false},"excerpt":{"rendered":"<p>Zv\u00fdhodnen\u00fd bal\u00ed\u010dek &#8211; kurz Ru\u0161tina\u00a0 pre mierne pokro\u010dil\u00fdch B1 &#8211; \u010das\u0165 1, Technick\u00e1 ru\u0161tina A1-A2 a Ru\u0161tina na cesty A1-B1<\/p>\n","protected":false},"featured_media":350,"comment_status":"open","ping_status":"closed","template":"","meta":{"_acf_changed":true,"inline_featured_image":false,"_sitemap_exclude":false,"_sitemap_priority":"","_sitemap_frequency":""},"product_brand":[],"product_cat":[96,43],"product_tag":[69],"class_list":{"0":"post-263","1":"product","2":"type-product","3":"status-publish","4":"has-post-thumbnail","6":"product_cat-rustina-vyhodny-balik","7":"product_cat-vyhodny-balik","8":"product_tag-rustina","9":"pa_dlzka-70","10":"pa_format-mp3","11":"pa_jazykova-uroven-a1-a2","12":"pa_jazykova-uroven-a2","13":"pa_jazykova-uroven-a2-b1","14":"pa_jazykova-uroven-b1","15":"pa_jazykova-uroven-b1-b2","17":"first","18":"instock","19":"downloadable","20":"virtual","21":"purchasable","22":"product-type-simple"},"acf":[],"_links":{"self":[{"href":"https:\/\/audioacademyeu.eu\/sk\/wp-json\/wp\/v2\/product\/263","targetHints":{"allow":["GET"]}}],"collection":[{"href":"https:\/\/audioacademyeu.eu\/sk\/wp-json\/wp\/v2\/product"}],"about":[{"href":"https:\/\/audioacademyeu.eu\/sk\/wp-json\/wp\/v2\/types\/product"}],"replies":[{"embeddable":true,"href":"https:\/\/audioacademyeu.eu\/sk\/wp-json\/wp\/v2\/comments?post=263"}],"wp:featuredmedia":[{"embeddable":true,"href":"https:\/\/audioacademyeu.eu\/sk\/wp-json\/wp\/v2\/media\/350"}],"wp:attachment":[{"href":"https:\/\/audioacademyeu.eu\/sk\/wp-json\/wp\/v2\/media?parent=263"}],"wp:term":[{"taxonomy":"product_brand","embeddable":true,"href":"https:\/\/audioacademyeu.eu\/sk\/wp-json\/wp\/v2\/product_brand?post=263"},{"taxonomy":"product_cat","embeddable":true,"href":"https:\/\/audioacademyeu.eu\/sk\/wp-json\/wp\/v2\/product_cat?post=263"},{"taxonomy":"product_tag","embeddable":true,"href":"https:\/\/audioacademyeu.eu\/sk\/wp-json\/wp\/v2\/product_tag?post=263"}],"curies":[{"name":"wp","href":"https:\/\/api.w.org\/{rel}","templated":true}]}}