
{"id":210,"date":"2022-09-20T20:53:59","date_gmt":"2022-09-20T18:53:59","guid":{"rendered":"https:\/\/audioacademyeu.eu\/sk\/?post_type=product&#038;p=210"},"modified":"2024-05-05T09:52:57","modified_gmt":"2024-05-05T07:52:57","slug":"technicka-rustina-a1-a2","status":"publish","type":"product","link":"https:\/\/audioacademyeu.eu\/sk\/item\/technicka-rustina-a1-a2\/","title":{"rendered":"Technick\u00e1 ru\u0161tina A1-A2"},"content":{"rendered":"<p>Kurz Technick\u00e1 ru\u0161tina A1-A2 je ur\u010den\u00fd pre za\u010diato\u010dn\u00edkov a\u017e stredne pokro\u010dil\u00fdch a zameriava sa na slovn\u00fa z\u00e1sobu, ktor\u00fa m\u00f4\u017eete vyu\u017ei\u0165 v technickej oblasti.<\/p>\n<p>Kurz je zalo\u017een\u00fd na kontextovom u\u010den\u00ed, to znamen\u00e1, \u017ee sa nau\u010d\u00edte nielen slov\u00ed\u010dka, ale aj vety, v ktor\u00fdch ich m\u00f4\u017eete pou\u017ei\u0165. V tomto kurze n\u00e1jdete celkovo 900 slov\u00ed\u010dok a viet na precvi\u010dovanie.<\/p>\n<p>V\u010faka minikurzu ruskej abecedy na za\u010diatku kurzu sa m\u00f4\u017eete nau\u010di\u0165 alebo si pripomen\u00fa\u0165 rusk\u00fa cyriliku<\/p>\n<p>Jednotliv\u00e9 lekcie s\u00fa rozdelen\u00e9 pod\u013ea t\u00e9m na <strong>\u010dinnosti<\/strong>, <strong>kvalita<\/strong>, <strong>logistika<\/strong>, <strong>n\u00e1stroje<\/strong>, <strong>rozmery<\/strong> a <strong>vlastnosti<\/strong>.\u00a0 Obsahuj\u00fa slovn\u00fa z\u00e1sobu a pr\u00edkladov\u00e9 vety, ktor\u00e9 v\u00e1m pom\u00f4\u017eu lep\u0161ie komunikova\u0165 pri rie\u0161en\u00ed technick\u00fdch probl\u00e9mov. Zvl\u00e1dnut\u00edm tohto kurzu si z\u00e1rove\u0148 budete m\u00f4c\u0165 zopakova\u0165 ru\u0161tinu od za\u010diatku a\u017e po \u00farove\u0148 B1.<\/p>\n<p>.Ako s\u00a0kurzom najlep\u0161ie pracova\u0165? Vyberte si lekciu, ktorou chcete za\u010da\u0165. Ka\u017ed\u00e1 lekcia obsahuje \u0161es\u0165 st\u00f4p. Najprv sa pri ka\u017edej lekcii obozn\u00e1mte so samotnou slovnou z\u00e1sobou (stopy 1 a 2). Potom nasleduje slov\u00ed\u010dko a pr\u00edkladov\u00e1 veta, op\u00e4\u0165 v oboch mo\u017enostiach prekladu (stopy 3 a 4).\u00a0 Potom prejdite na cel\u00e9 vety (stopa 5 a 6). Ke\u010f zvl\u00e1dnete preklad viet zo sloven\u010diny do ru\u0161tiny (lekcia 6) v \u010dasovej medzere pred slovensk\u00fdm prekladom, m\u00e1te vyhrat\u00e9. Samotn\u00e9 slov\u00e1 v\u00e1m pom\u00f4\u017eu pochopi\u0165 v\u00fdznam, ale pou\u017e\u00edvanie zvl\u00e1dnut\u00fdch cel\u00fdch viet v\u00e1m pom\u00f4\u017ee komunikova\u0165 ove\u013ea lep\u0161ie.<\/p>\n<p>U ka\u017ed\u00e9ho bloku plat\u00ed: ihned jako zvl\u00e1dnete\u00a0 po\u010d\u00favanie z\u00a0 ru\u0161tiny do sloven\u010diny lekcie 1, 3, 5 \u2013 cvi\u010denie po\u010d\u00favajte ) prejdite\u00a0 na preklad zo sloven\u010diny do ru\u0161tinyy (lekcie 2, 4, 6 \u2013 cvi\u010denie prekladajte).<\/p>\n<p>K\u00a0tomuto\u00a0kurzu m\u00e1te k\u00a0dispoz\u00edcii skript\u00e1 v\u010faka kter\u00fdm bud\u00fa va\u0161e aktivity s kurzom ove\u013ea efekt\u00edvnej\u0161ie. N\u00e1jdete v\u00a0nich sprievodcu u\u010den\u00edm s u\u017eito\u010dn\u00fdmi tipmi ako mo\u017eno urobi\u0165 u\u010denie \u00fa\u010delnej\u0161\u00edm, pl\u00e1n lekci\u00ed na zaznamen\u00e1vanie pokroku, prepis zvukov\u00fdch st\u00f4p (pre pr\u00edpad, \u017ee nie\u010domu nerozumiete) a obojstrann\u00e9 karti\u010dky, aby ste sa mohli u\u010di\u0165 a opakova\u0165, aj vtedy ke\u010f nem\u00f4\u017eete po\u010d\u00fava\u0165. \u00a0Pre t\u00fdch, ktor\u00ed sa radi testuj\u00fa, je v ka\u017edej lekcii k dispoz\u00edcii prekladov\u00fd test s k\u013e\u00fa\u010dom k\u00a0spr\u00e1vnym odpovediam.<\/p>\n","protected":false},"excerpt":{"rendered":"<p>Kurz Technick\u00e1 ru\u0161tina A1-A2 je ur\u010den\u00fd pre za\u010diato\u010dn\u00edkov a\u017e stredne pokro\u010dil\u00fdch a zameriava sa na slovn\u00fa z\u00e1sobu, ktor\u00fa m\u00f4\u017eete vyu\u017ei\u0165 v technickej oblasti.<\/p>\n","protected":false},"featured_media":214,"comment_status":"open","ping_status":"closed","template":"","meta":{"_acf_changed":false,"inline_featured_image":false,"_sitemap_exclude":false,"_sitemap_priority":"","_sitemap_frequency":""},"product_brand":[],"product_cat":[61,60],"product_tag":[],"class_list":{"0":"post-210","1":"product","2":"type-product","3":"status-publish","4":"has-post-thumbnail","6":"product_cat-specializovana-rustina","7":"product_cat-rustina","8":"pa_dlzka-65","9":"pa_format-mp3","10":"pa_jazykova-uroven-a1","11":"pa_jazykova-uroven-a1-a2","12":"pa_jazykova-uroven-a2","14":"first","15":"instock","16":"downloadable","17":"virtual","18":"purchasable","19":"product-type-simple"},"acf":[],"_links":{"self":[{"href":"https:\/\/audioacademyeu.eu\/sk\/wp-json\/wp\/v2\/product\/210","targetHints":{"allow":["GET"]}}],"collection":[{"href":"https:\/\/audioacademyeu.eu\/sk\/wp-json\/wp\/v2\/product"}],"about":[{"href":"https:\/\/audioacademyeu.eu\/sk\/wp-json\/wp\/v2\/types\/product"}],"replies":[{"embeddable":true,"href":"https:\/\/audioacademyeu.eu\/sk\/wp-json\/wp\/v2\/comments?post=210"}],"wp:featuredmedia":[{"embeddable":true,"href":"https:\/\/audioacademyeu.eu\/sk\/wp-json\/wp\/v2\/media\/214"}],"wp:attachment":[{"href":"https:\/\/audioacademyeu.eu\/sk\/wp-json\/wp\/v2\/media?parent=210"}],"wp:term":[{"taxonomy":"product_brand","embeddable":true,"href":"https:\/\/audioacademyeu.eu\/sk\/wp-json\/wp\/v2\/product_brand?post=210"},{"taxonomy":"product_cat","embeddable":true,"href":"https:\/\/audioacademyeu.eu\/sk\/wp-json\/wp\/v2\/product_cat?post=210"},{"taxonomy":"product_tag","embeddable":true,"href":"https:\/\/audioacademyeu.eu\/sk\/wp-json\/wp\/v2\/product_tag?post=210"}],"curies":[{"name":"wp","href":"https:\/\/api.w.org\/{rel}","templated":true}]}}