
{"id":190,"date":"2022-09-06T14:14:20","date_gmt":"2022-09-06T12:14:20","guid":{"rendered":"https:\/\/audioacademyeu.eu\/sk\/?post_type=product&#038;p=190"},"modified":"2025-06-18T21:00:41","modified_gmt":"2025-06-18T19:00:41","slug":"nemcina-pracovny-balicek","status":"publish","type":"product","link":"https:\/\/audioacademyeu.eu\/sk\/item\/nemcina-pracovny-balicek\/","title":{"rendered":"Nem\u010dina &#8211; pracovn\u00fd bal\u00ed\u010dek"},"content":{"rendered":"<p>Kurz <strong>Nem\u010dina do pr\u00e1ce A1-B1<\/strong> je ur\u010den\u00fd pre za\u010diato\u010dn\u00edkov a\u017e stredne pokro\u010dil\u00fdch a zameriava sa na slovn\u00fa z\u00e1sobu, ktor\u00fa m\u00f4\u017eete vyu\u017ei\u0165 v pr\u00e1ci a pri obchodn\u00fdch kontaktoch so zahrani\u010dn\u00fdmi partnermi.<\/p>\n<p>Kurz <strong>Nem\u010dina &#8211; slovn\u00e1 z\u00e1soba pre mierne pokro\u010dil\u00fdch B1 &#8211; \u010das\u0165 1<\/strong> je ur\u010den\u00fd pre mierne pokro\u010dil\u00fdch \u0161tudentov, ktor\u00ed u\u017e angli\u010dtinu \u0161tudovali jeden alebo dva roky a maj\u00fa osvojen\u00e9 jej z\u00e1klady.<\/p>\n<p>Kurz <strong>Technick\u00e1 nem\u010dina A1 &#8211; B1<\/strong> je ur\u010den\u00fd pre za\u010diato\u010dn\u00edkov a\u017e stredne pokro\u010dil\u00fdch a zameriava sa na slovn\u00fa z\u00e1sobu, ktor\u00fa m\u00f4\u017eete vyu\u017ei\u0165 v technickej oblasti.<\/p>\n<p>&nbsp;<\/p>\n","protected":false},"excerpt":{"rendered":"<p>Pracovn\u00fd bal\u00ed\u010dek &#8211; Nem\u010dina do pr\u00e1ce A1-B1, Nem\u010dina &#8211; slovn\u00e1 z\u00e1soba pre mierne pokro\u010dil\u00fdch B1 &#8211; \u010das\u0165 1 a Technick\u00e1 nem\u010dina A1 &#8211; B1<\/p>\n","protected":false},"featured_media":347,"comment_status":"open","ping_status":"closed","template":"","meta":{"_acf_changed":true,"inline_featured_image":false,"_sitemap_exclude":false,"_sitemap_priority":"","_sitemap_frequency":""},"product_brand":[],"product_cat":[95,43],"product_tag":[],"class_list":{"0":"post-190","1":"product","2":"type-product","3":"status-publish","4":"has-post-thumbnail","6":"product_cat-nemcina-vyhodny-balik","7":"product_cat-vyhodny-balik","8":"pa_dlzka-58","9":"pa_format-mp3","10":"pa_jazykova-uroven-a2","11":"pa_jazykova-uroven-a2-b1","12":"pa_jazykova-uroven-b1","13":"pa_jazykova-uroven-b1-b2","15":"first","16":"instock","17":"downloadable","18":"virtual","19":"purchasable","20":"product-type-simple"},"acf":[],"_links":{"self":[{"href":"https:\/\/audioacademyeu.eu\/sk\/wp-json\/wp\/v2\/product\/190","targetHints":{"allow":["GET"]}}],"collection":[{"href":"https:\/\/audioacademyeu.eu\/sk\/wp-json\/wp\/v2\/product"}],"about":[{"href":"https:\/\/audioacademyeu.eu\/sk\/wp-json\/wp\/v2\/types\/product"}],"replies":[{"embeddable":true,"href":"https:\/\/audioacademyeu.eu\/sk\/wp-json\/wp\/v2\/comments?post=190"}],"wp:featuredmedia":[{"embeddable":true,"href":"https:\/\/audioacademyeu.eu\/sk\/wp-json\/wp\/v2\/media\/347"}],"wp:attachment":[{"href":"https:\/\/audioacademyeu.eu\/sk\/wp-json\/wp\/v2\/media?parent=190"}],"wp:term":[{"taxonomy":"product_brand","embeddable":true,"href":"https:\/\/audioacademyeu.eu\/sk\/wp-json\/wp\/v2\/product_brand?post=190"},{"taxonomy":"product_cat","embeddable":true,"href":"https:\/\/audioacademyeu.eu\/sk\/wp-json\/wp\/v2\/product_cat?post=190"},{"taxonomy":"product_tag","embeddable":true,"href":"https:\/\/audioacademyeu.eu\/sk\/wp-json\/wp\/v2\/product_tag?post=190"}],"curies":[{"name":"wp","href":"https:\/\/api.w.org\/{rel}","templated":true}]}}