
{"id":179,"date":"2022-09-06T13:27:03","date_gmt":"2022-09-06T11:27:03","guid":{"rendered":"https:\/\/audioacademyeu.eu\/sk\/?post_type=product&#038;p=179"},"modified":"2024-05-05T09:53:45","modified_gmt":"2024-05-05T07:53:45","slug":"nemcina-na-dovolenku-a1-a2","status":"publish","type":"product","link":"https:\/\/audioacademyeu.eu\/sk\/item\/nemcina-na-dovolenku-a1-a2\/","title":{"rendered":"Nem\u010dina na dovolenku A1 &#8211; A2"},"content":{"rendered":"<p>Kurz Nem\u010dina na dovolenku A1 &#8211; A2 je ur\u010den\u00fd pre za\u010diato\u010dn\u00edkov a\u017e stredne pokro\u010dil\u00fdch a zameriava sa na slovn\u00fa z\u00e1sobu a fr\u00e1zy, ktor\u00e9 m\u00f4\u017eete pou\u017ei\u0165 pri cestovan\u00ed a najm\u00e4 na dovolenke.<\/p>\n<p>Kurz je zalo\u017een\u00fd na kontextovom u\u010den\u00ed, to znamen\u00e1, \u017ee sa nau\u010d\u00edte nielen slov\u00ed\u010dka, ale aj vety, v ktor\u00fdch ich m\u00f4\u017eete pou\u017ei\u0165. V tomto kurze n\u00e1jdete celkovo 600 slov\u00ed\u010dok a viet na precvi\u010dovanie.<\/p>\n<p>Jednotliv\u00e9 lekcie s\u00fa rozdelen\u00e9 pod\u013ea t\u00e9m: cestovanie autom, cestovanie lietadlom, destin\u00e1cie, v hoteli, v re\u0161taur\u00e1cii, nakupovanie a komunik\u00e1cia.<\/p>\n<p>Pri po\u010d\u00favan\u00ed tohto kurzu sa d\u00e1 spoji\u0165 pr\u00edjemn\u00e9 s u\u017eito\u010dn\u00fdm &#8211; osvie\u017eite si slovn\u00fa z\u00e1sobu t\u00fdkaj\u00facu sa dovolenky a z\u00e1rove\u0148 si zopakujete nem\u010dinu na \u00farovni A1 &#8211; B1.<\/p>\n<p>Ako s\u00a0kurzom najlep\u0161ie pracova\u0165? Vyberte si lekciu, ktorou chcete za\u010da\u0165. Ka\u017ed\u00e1 lekcia obsahuje \u0161es\u0165 st\u00f4p. Najprv sa pri ka\u017edej lekcii obozn\u00e1mte so samotnou slovnou z\u00e1sobou (stopy 1 a 2). Potom nasleduje slov\u00ed\u010dko a pr\u00edkladov\u00e1 veta, op\u00e4\u0165 v oboch mo\u017enostiach prekladu (stopy 3 a 4).\u00a0 Potom prejdite na cel\u00e9 vety (stopa 5 a 6). Ke\u010f zvl\u00e1dnete preklad viet zo sloven\u010diny do nem\u010diny (lekcia 6) v \u010dasovej medzere pred nemeck\u00fdm prekladom, m\u00e1te vyhrat\u00e9. Samotn\u00e9 slov\u00e1 v\u00e1m pom\u00f4\u017eu pochopi\u0165 v\u00fdznam, ale pou\u017e\u00edvanie zvl\u00e1dnut\u00fdch cel\u00fdch viet v\u00e1m pom\u00f4\u017ee komunikova\u0165 ove\u013ea lep\u0161ie.<\/p>\n<p>U ka\u017ed\u00e9ho bloku plat\u00ed:\u00a0 ihned jako zvl\u00e1dnete\u00a0 po\u010d\u00favanie z nem\u010diny do sloven\u010diny lekcie 1, 3, 5 \u2013 cvi\u010denie po\u010d\u00favajte ) prejdite\u00a0 na preklad zo sloven\u010diny do nem\u010diny (lekcie 2, 4, 6 \u2013 cvi\u010denie prekladajte).<\/p>\n<p>V\u010faka t\u00fdmto skript\u00e1m, ktor\u00e9 ste si stiahli a pr\u00e1ve ich \u010d\u00edtate, bud\u00fa va\u0161e aktivity s kurzom ove\u013ea efekt\u00edvnej\u0161ie. N\u00e1jdete v nich sprievodcu u\u010den\u00edm s u\u017eito\u010dn\u00fdmi tipmi ako mo\u017eno urobi\u0165 u\u010denie \u00fa\u010delnej\u0161\u00edm, pl\u00e1n lekci\u00ed na zaznamen\u00e1vanie pokroku, prepis zvukov\u00fdch st\u00f4p (pre pr\u00edpad, \u017ee nie\u010domu nerozumiete) a obojstrann\u00e9 karti\u010dky, aby ste sa mohli u\u010di\u0165 a opakova\u0165, aj vtedy ke\u010f nem\u00f4\u017eete po\u010d\u00fava\u0165. Pre t\u00fdch, ktor\u00ed sa radi testuj\u00fa, je v ka\u017edej lekcii k dispoz\u00edcii prekladov\u00fd test s k\u013e\u00fa\u010dom k spr\u00e1vnym odpovediam.<\/p>\n<ul>\n<li>Lekcia 01 &#8211; Cestujeme autom a vlakom<\/li>\n<li>Lekcia 02 &#8211; Cestujem lietadlom<\/li>\n<li>Lekcia 03 &#8211; Cestujeme po svete<\/li>\n<li>Lekcia 04 &#8211; Sme v hoteli<\/li>\n<li>Lekcia 05 &#8211; Sme v re\u0161taur\u00e1cii<\/li>\n<li>Lekcia 06 &#8211; Sme na v\u00fdlete<\/li>\n<li>Lekcia 07 &#8211; Nakupujeme<\/li>\n<li>Lekcia 08 &#8211; Rozpr\u00e1vame si<\/li>\n<\/ul>\n","protected":false},"excerpt":{"rendered":"<p>Kurz Nem\u010dina na dovolenku A1 &#8211; A2 je ur\u010den\u00fd pre za\u010diato\u010dn\u00edkov a\u017e stredne pokro\u010dil\u00fdch a zameriava sa na slovn\u00fa z\u00e1sobu a fr\u00e1zy, ktor\u00e9 m\u00f4\u017eete pou\u017ei\u0165 pri cestovan\u00ed a najm\u00e4 na dovolenke.<\/p>\n","protected":false},"featured_media":182,"comment_status":"open","ping_status":"closed","template":"","meta":{"_acf_changed":false,"inline_featured_image":false,"_sitemap_exclude":false,"_sitemap_priority":"","_sitemap_frequency":""},"product_brand":[],"product_cat":[49,21],"product_tag":[],"class_list":{"0":"post-179","1":"product","2":"type-product","3":"status-publish","4":"has-post-thumbnail","6":"product_cat-specializovana-nemcina","7":"product_cat-nemcina","8":"pa_dlzka-55","9":"pa_format-mp3","10":"pa_jazykova-uroven-a1","11":"pa_jazykova-uroven-a1-a2","12":"pa_jazykova-uroven-a2","13":"pa_jazykova-uroven-a2-b1","15":"first","16":"instock","17":"downloadable","18":"virtual","19":"purchasable","20":"product-type-simple"},"acf":[],"_links":{"self":[{"href":"https:\/\/audioacademyeu.eu\/sk\/wp-json\/wp\/v2\/product\/179","targetHints":{"allow":["GET"]}}],"collection":[{"href":"https:\/\/audioacademyeu.eu\/sk\/wp-json\/wp\/v2\/product"}],"about":[{"href":"https:\/\/audioacademyeu.eu\/sk\/wp-json\/wp\/v2\/types\/product"}],"replies":[{"embeddable":true,"href":"https:\/\/audioacademyeu.eu\/sk\/wp-json\/wp\/v2\/comments?post=179"}],"wp:featuredmedia":[{"embeddable":true,"href":"https:\/\/audioacademyeu.eu\/sk\/wp-json\/wp\/v2\/media\/182"}],"wp:attachment":[{"href":"https:\/\/audioacademyeu.eu\/sk\/wp-json\/wp\/v2\/media?parent=179"}],"wp:term":[{"taxonomy":"product_brand","embeddable":true,"href":"https:\/\/audioacademyeu.eu\/sk\/wp-json\/wp\/v2\/product_brand?post=179"},{"taxonomy":"product_cat","embeddable":true,"href":"https:\/\/audioacademyeu.eu\/sk\/wp-json\/wp\/v2\/product_cat?post=179"},{"taxonomy":"product_tag","embeddable":true,"href":"https:\/\/audioacademyeu.eu\/sk\/wp-json\/wp\/v2\/product_tag?post=179"}],"curies":[{"name":"wp","href":"https:\/\/api.w.org\/{rel}","templated":true}]}}