
{"id":119,"date":"2022-09-02T09:11:59","date_gmt":"2022-09-02T07:11:59","guid":{"rendered":"https:\/\/audioacademyeu.eu\/sk\/?post_type=product&#038;p=119"},"modified":"2023-02-02T06:53:12","modified_gmt":"2023-02-02T05:53:12","slug":"anglictina-slovna-zasoba-pre-pokrocilych-c1-c2","status":"publish","type":"product","link":"https:\/\/audioacademyeu.eu\/sk\/item\/anglictina-slovna-zasoba-pre-pokrocilych-c1-c2\/","title":{"rendered":"Angli\u010dtina \u2013 slovn\u00e1 z\u00e1soba pre pokro\u010dil\u00fdch\u00a0 C1, C2"},"content":{"rendered":"<p>Kurz Angli\u010dtina \u2013 slovn\u00e1 z\u00e1soba pre pokro\u010dil\u00fdch\u00a0 C1, C2 je ur\u010den\u00fd pre pokro\u010dil\u00fdch pou\u017e\u00edvate\u013eov, ktor\u00ed u\u017e \u0161tandardne v angli\u010dtine komunikuj\u00fa.<\/p>\n<p>Kurz je zalo\u017een\u00fd na kontextovom u\u010den\u00ed, to znamen\u00e1, \u017ee sa budete u\u010di\u0165 a opakova\u0165 nielen slov\u00ed\u010dka, ale aj vety, v ktor\u00fdch m\u00f4\u017eete slov\u00ed\u010dka pou\u017ei\u0165. V tomto kurze n\u00e1jdete celkom 1 800 slov\u00ed\u010dok a viet na precvi\u010dovanie.<\/p>\n<p>Jednotliv\u00e9 lekcie s\u00fa rozdelen\u00e9 pod\u013ea t\u00e9m a ka\u017ed\u00e1 obsahuje in\u00fd po\u010det slov a viet. \u00darove\u0148 C1, C2 je najpokro\u010dilej\u0161ia mo\u017en\u00e1 \u00farove\u0148. Preto slovn\u00e1 z\u00e1soba obsiahnut\u00e1 v kurze patr\u00ed k najpokro\u010dilej\u0161ej \u00farovni a je rozdelen\u00e1 do kateg\u00f3ri\u00ed \u010dinnosti, pr\u00edslovia, podstatn\u00e9 a pr\u00eddavn\u00e9 men\u00e1. Preto sa po ich osvojen\u00ed budete m\u00f4c\u0165 nielen ove\u013ea lep\u0161ie vyjadrova\u0165, ale aj lep\u0161ie porozumie\u0165 nezjednodu\u0161en\u00e9mu p\u00edsan\u00e9mu a hovoren\u00e9mu slovu.<\/p>\n<p>Ako s\u00a0kurzom najlep\u0161ie pracova\u0165? Vyberte si lekciu, ktorou chcete za\u010da\u0165. Ka\u017ed\u00e1 lekcia obsahuje \u0161es\u0165 st\u00f4p. Najprv sa pri ka\u017edej lekcii obozn\u00e1mte so samotnou slovnou z\u00e1sobou (stopy 1 a 2). Potom nasleduje slov\u00ed\u010dko a pr\u00edkladov\u00e1 veta, op\u00e4\u0165 v oboch mo\u017enostiach prekladu (stopy 3 a 4).\u00a0 Potom prejdite na cel\u00e9 vety (stopa 5 a 6). Ke\u010f zvl\u00e1dnete preklad viet zo sloven\u010diny do angli\u010dtiny (lekcia 6) v \u010dasovej medzere pred anglick\u00fdm prekladom, m\u00e1te vyhrat\u00e9. Samotn\u00e9 slov\u00e1 v\u00e1m pom\u00f4\u017eu pochopi\u0165 v\u00fdznam, ale pou\u017e\u00edvanie zvl\u00e1dnut\u00fdch cel\u00fdch viet v\u00e1m pom\u00f4\u017ee komunikova\u0165 ove\u013ea lep\u0161ie.<\/p>\n<p>K\u00a0tomuto\u00a0kurzu m\u00e1te k\u00a0dispoz\u00edcii skript\u00e1 v\u010faka kter\u00fdm bud\u00fa va\u0161e aktivity s kurzom ove\u013ea efekt\u00edvnej\u0161ie. N\u00e1jdete v\u00a0nich sprievodcu u\u010den\u00edm s u\u017eito\u010dn\u00fdmi tipmi ako mo\u017eno urobi\u0165 u\u010denie \u00fa\u010delnej\u0161\u00edm, pl\u00e1n lekci\u00ed na zaznamen\u00e1vanie pokroku, prepis zvukov\u00fdch st\u00f4p (pre pr\u00edpad, \u017ee nie\u010domu nerozumiete) a obojstrann\u00e9 karti\u010dky, aby ste sa mohli u\u010di\u0165 a opakova\u0165, aj vtedy ke\u010f nem\u00f4\u017eete po\u010d\u00fava\u0165. Pre t\u00fdch, ktor\u00ed sa radi testuj\u00fa, je v ka\u017edej lekcii k dispoz\u00edcii prekladov\u00fd test s k\u013e\u00fa\u010dom k\u00a0spr\u00e1vnym odpovediam.<\/p>\n<ul>\n<li>Lekcia 01 &#8211; Aktivity 01<\/li>\n<li>Lekcia 02 &#8211; Aktivity 02<\/li>\n<li>Lekcia 03 &#8211; Aktivity 03<\/li>\n<li>Lekcia 04 &#8211; Aktivity 04<\/li>\n<li>Lekcia 05 &#8211; Aktivity 05<\/li>\n<li>Lekcia 06 &#8211; Aktivity 06<\/li>\n<li>Lekcia 07 &#8211; Aktivity 07<\/li>\n<li>Lekcia 08 &#8211; Pr\u00edslovia 01<\/li>\n<li>Lekcia 09 &#8211; Pr\u00edslovia 02<\/li>\n<li>Lekcia 10 &#8211; Podstatn\u00e9 men\u00e1 01<\/li>\n<li>Lekcia 11 &#8211; Podstatn\u00e9 men\u00e1 02<\/li>\n<li>Lekcia 12 &#8211; Podstatn\u00e9 men\u00e1 03<\/li>\n<li>Lekcia 13 &#8211; Podstatn\u00e9 men\u00e1 04<\/li>\n<li>Lekcia 14 &#8211; Vlastnosti 01<\/li>\n<li>Lekcia 15 &#8211; Vlastnosti 02<\/li>\n<li>Lekcia 16 &#8211; Vlastnosti 03<\/li>\n<li>Lekcia 17 &#8211; Vlastnosti 04<\/li>\n<\/ul>\n","protected":false},"excerpt":{"rendered":"<p>Kurz Angli\u010dtina \u2013 slovn\u00e1 z\u00e1soba pre pokro\u010dil\u00fdch\u00a0 C1, C2 je ur\u010den\u00fd pre pokro\u010dil\u00fdch pou\u017e\u00edvate\u013eov, ktor\u00ed u\u017e \u0161tandardne v angli\u010dtine komunikuj\u00fa.<\/p>\n","protected":false},"featured_media":121,"comment_status":"open","ping_status":"closed","template":"","meta":{"_acf_changed":false,"inline_featured_image":false,"_sitemap_exclude":false,"_sitemap_priority":"","_sitemap_frequency":""},"product_brand":[],"product_cat":[18,17],"product_tag":[],"class_list":{"0":"post-119","1":"product","2":"type-product","3":"status-publish","4":"has-post-thumbnail","6":"product_cat-vseobecna-anglictina","7":"product_cat-anglictina","8":"pa_dlzka-42","9":"pa_format-mp3","10":"pa_jazykova-uroven-b2-c1","11":"pa_jazykova-uroven-c1","12":"pa_jazykova-uroven-c1-c2","13":"pa_jazykova-uroven-c2","15":"first","16":"instock","17":"downloadable","18":"virtual","19":"purchasable","20":"product-type-simple"},"acf":[],"_links":{"self":[{"href":"https:\/\/audioacademyeu.eu\/sk\/wp-json\/wp\/v2\/product\/119","targetHints":{"allow":["GET"]}}],"collection":[{"href":"https:\/\/audioacademyeu.eu\/sk\/wp-json\/wp\/v2\/product"}],"about":[{"href":"https:\/\/audioacademyeu.eu\/sk\/wp-json\/wp\/v2\/types\/product"}],"replies":[{"embeddable":true,"href":"https:\/\/audioacademyeu.eu\/sk\/wp-json\/wp\/v2\/comments?post=119"}],"wp:featuredmedia":[{"embeddable":true,"href":"https:\/\/audioacademyeu.eu\/sk\/wp-json\/wp\/v2\/media\/121"}],"wp:attachment":[{"href":"https:\/\/audioacademyeu.eu\/sk\/wp-json\/wp\/v2\/media?parent=119"}],"wp:term":[{"taxonomy":"product_brand","embeddable":true,"href":"https:\/\/audioacademyeu.eu\/sk\/wp-json\/wp\/v2\/product_brand?post=119"},{"taxonomy":"product_cat","embeddable":true,"href":"https:\/\/audioacademyeu.eu\/sk\/wp-json\/wp\/v2\/product_cat?post=119"},{"taxonomy":"product_tag","embeddable":true,"href":"https:\/\/audioacademyeu.eu\/sk\/wp-json\/wp\/v2\/product_tag?post=119"}],"curies":[{"name":"wp","href":"https:\/\/api.w.org\/{rel}","templated":true}]}}