
{"id":1187,"date":"2025-08-22T15:56:00","date_gmt":"2025-08-22T13:56:00","guid":{"rendered":"https:\/\/audioacademyeu.eu\/sk\/?post_type=product&#038;p=1187"},"modified":"2025-11-15T19:53:15","modified_gmt":"2025-11-15T18:53:15","slug":"__trashed","status":"publish","type":"product","link":"https:\/\/audioacademyeu.eu\/sk\/item\/__trashed\/","title":{"rendered":"\u0160panielska Gramatika A2-B1"},"content":{"rendered":"\n<p>V tomto kurze \u0160panielska gramatika A2-B1 pre mierne a stredne pokro\u010dil\u00fdch si m\u00f4\u017eete zopakova\u0165 z\u00e1klady, ale aj zdokonali\u0165 sa v zlo\u017eitej\u0161\u00edch t\u00e9mach, ako s\u00fa minul\u00e9 \u010dasy, spojovac\u00ed sp\u00f4sob, bud\u00faci \u010das a trpn\u00fd rod.<\/p>\n\n\n\n<p>Kurz je zalo\u017een\u00fd na kontextovom u\u010den\u00ed, \u010do znamen\u00e1, \u017ee sa budete u\u010di\u0165 nielen slov\u00ed\u010dka, ale aj vety, v ktor\u00fdch m\u00f4\u017eete dan\u00e9 slov\u00ed\u010dka pou\u017ei\u0165. V tomto kurze n\u00e1jdete celkom 1 800 slov\u00ed\u010dok a kontextov\u00fdch viet.<\/p>\n\n\n\n<p>K tomuto kurzu si m\u00f4\u017eete bezplatne stiahnu\u0165 skript\u00e1, v\u010faka ktor\u00fdm bud\u00fa va\u0161e aktivity s kurzom ove\u013ea efekt\u00edvnej\u0161ie. V skript\u00e1ch n\u00e1jdete n\u00e1vod na u\u010denie spolu s u\u017eito\u010dn\u00fdmi tipmi, ako zefekt\u00edvni\u0165 vzdel\u00e1vanie, v\u00fdukov\u00fd pl\u00e1n, do ktor\u00e9ho si m\u00f4\u017eete zaznamen\u00e1va\u0165 svoj pokrok, zoznam stop na po\u010d\u00favanie (ak by ste n\u00e1hodou nie\u010domu nerozumeli), ako aj obojstrann\u00e9 karti\u010dky, v\u010faka ktor\u00fdm sa m\u00f4\u017eete u\u010di\u0165 a opakova\u0165 aj vtedy, ke\u010f pr\u00e1ve nem\u00f4\u017eete po\u010d\u00fava\u0165. Pre t\u00fdch, ktor\u00ed sa radi sk\u00fa\u0161aj\u00fa, je v ka\u017edej lekcii pripraven\u00fd prekladov\u00fd test s k\u013e\u00fa\u010dom obsahuj\u00facim spr\u00e1vne odpovede.<\/p>\n\n\n\n<p>\u0160paniel\u010dinu v tomto kurze nahrali Pedro Garc\u00eda-Guirrao, Lilyam Gonz\u00e1les a Begona Garc\u00eda Ferreira, sloven\u010dinu nahral Peter Svetl\u00edk.<\/p>\n\n\n\n<ul class=\"wp-block-list\">\n<li>Lekcia 11 &#8211; zvratn\u00e9 sloves\u00e1<\/li>\n\n\n\n<li>Lekcia 12 &#8211; sloveso ESTAR<\/li>\n\n\n\n<li>Lekcia 13 &#8211; sloveso HABER<\/li>\n\n\n\n<li>Lekcia 14 &#8211; sloveso GUSTAR<\/li>\n\n\n\n<li>Lekcia 15 &#8211; gerundium<\/li>\n\n\n\n<li>Lekcia 16 &#8211; kladn\u00fd rozkaz<\/li>\n\n\n\n<li>Lekcia 17 &#8211; z\u00e1porn\u00fd rozkaz<\/li>\n\n\n\n<li>Lekcia 18 &#8211; Minul\u00fd \u010das_perfektum<\/li>\n\n\n\n<li>Lekcia 19 &#8211; Minul\u00fd \u010das_pr\u00e9teritum<\/li>\n\n\n\n<li>Lekcia 20 &#8211; bud\u00faci_\u010das<\/li>\n<\/ul>\n","protected":false},"excerpt":{"rendered":"<p>V tomto kurze \u0160panielska gramatika A2-B1 pre mierne a stredne pokro\u010dil\u00fdch si m\u00f4\u017eete zopakova\u0165 z\u00e1klady, ale aj zdokonali\u0165 sa v zlo\u017eitej\u0161\u00edch t\u00e9mach, ako s\u00fa minul\u00e9 \u010dasy, spojovac\u00ed sp\u00f4sob, bud\u00faci \u010das a trpn\u00fd rod.<\/p>\n","protected":false},"featured_media":1263,"comment_status":"open","ping_status":"closed","template":"","meta":{"_acf_changed":false,"inline_featured_image":false,"_sitemap_exclude":false,"_sitemap_priority":"","_sitemap_frequency":""},"product_brand":[],"product_cat":[74,76],"product_tag":[],"class_list":{"0":"post-1187","1":"product","2":"type-product","3":"status-publish","4":"has-post-thumbnail","6":"product_cat-spanielcina","7":"product_cat-vseobecna-spanielcina","8":"pa_dlzka-317","9":"pa_format-mp3","10":"pa_jazykova-uroven-a1-a2","11":"pa_jazykova-uroven-a2","12":"pa_jazykova-uroven-a2-b1","13":"pa_jazykova-uroven-b1","15":"first","16":"instock","17":"downloadable","18":"virtual","19":"purchasable","20":"product-type-simple"},"acf":[],"_links":{"self":[{"href":"https:\/\/audioacademyeu.eu\/sk\/wp-json\/wp\/v2\/product\/1187","targetHints":{"allow":["GET"]}}],"collection":[{"href":"https:\/\/audioacademyeu.eu\/sk\/wp-json\/wp\/v2\/product"}],"about":[{"href":"https:\/\/audioacademyeu.eu\/sk\/wp-json\/wp\/v2\/types\/product"}],"replies":[{"embeddable":true,"href":"https:\/\/audioacademyeu.eu\/sk\/wp-json\/wp\/v2\/comments?post=1187"}],"wp:featuredmedia":[{"embeddable":true,"href":"https:\/\/audioacademyeu.eu\/sk\/wp-json\/wp\/v2\/media\/1263"}],"wp:attachment":[{"href":"https:\/\/audioacademyeu.eu\/sk\/wp-json\/wp\/v2\/media?parent=1187"}],"wp:term":[{"taxonomy":"product_brand","embeddable":true,"href":"https:\/\/audioacademyeu.eu\/sk\/wp-json\/wp\/v2\/product_brand?post=1187"},{"taxonomy":"product_cat","embeddable":true,"href":"https:\/\/audioacademyeu.eu\/sk\/wp-json\/wp\/v2\/product_cat?post=1187"},{"taxonomy":"product_tag","embeddable":true,"href":"https:\/\/audioacademyeu.eu\/sk\/wp-json\/wp\/v2\/product_tag?post=1187"}],"curies":[{"name":"wp","href":"https:\/\/api.w.org\/{rel}","templated":true}]}}