
{"id":1186,"date":"2025-11-11T15:57:42","date_gmt":"2025-11-11T14:57:42","guid":{"rendered":"https:\/\/audioacademyeu.eu\/sk\/?post_type=product&#038;p=1186"},"modified":"2025-11-15T19:52:49","modified_gmt":"2025-11-15T18:52:49","slug":"spanielska-gramatika-a1","status":"publish","type":"product","link":"https:\/\/audioacademyeu.eu\/sk\/item\/spanielska-gramatika-a1\/","title":{"rendered":"\u0160panielska Gramatika A1"},"content":{"rendered":"\n<p>V tomto kurze \u0160panielska gramatika A1 pre za\u010diato\u010dn\u00edkov a mierne pokro\u010dil\u00fdch sa nau\u010d\u00edte z\u00e1klady talian\u010diny, vr\u00e1tane v\u00fdslovnosti, \u010dlenov, naj\u010dastej\u0161ie pou\u017e\u00edvan\u00fdch slovies, spojky s\u00a0p\u0159edlo\u017ekami ako aj z\u00e1kladn\u00e9 konverza\u010dn\u00e9 fr\u00e1zy a obraty.<\/p>\n\n\n\n<p>Kurz je zalo\u017een\u00fd na kontextovom u\u010den\u00ed, \u010do znamen\u00e1, \u017ee sa budete u\u010di\u0165 nielen slov\u00ed\u010dka, ale aj vety, v ktor\u00fdch m\u00f4\u017eete dan\u00e9 slov\u00ed\u010dka pou\u017ei\u0165. V tomto kurze n\u00e1jdete celkom 1 700 slov\u00ed\u010dok a precvi\u010dovac\u00edch viet.<\/p>\n\n\n\n<p>K tomuto kurzu si m\u00f4\u017eete bezplatne stiahnu\u0165 skript\u00e1, v\u010faka ktor\u00fdm bud\u00fa va\u0161e aktivity s kurzom ove\u013ea efekt\u00edvnej\u0161ie. V skript\u00e1ch n\u00e1jdete n\u00e1vod na u\u010denie, spolu s u\u017eito\u010dn\u00fdmi tipmi, ako zefekt\u00edvni\u0165 vzdel\u00e1vanie, v\u00fdu\u010dbov\u00fd pl\u00e1n, do ktor\u00e9ho si m\u00f4\u017eete zaznamen\u00e1va\u0165 svoj pokrok, zoznam st\u00f4p na po\u010d\u00favanie (ak by ste n\u00e1hodou nie\u010domu nerozumeli), ako aj obojstrann\u00e9 karti\u010dky, v\u010faka ktor\u00fdm sa m\u00f4\u017eete u\u010di\u0165 a opakova\u0165 aj vtedy, ke\u010f pr\u00e1ve nem\u00f4\u017eete po\u010d\u00fava\u0165. Pre t\u00fdch, ktor\u00ed sa radi sk\u00fa\u0161aj\u00fa, je v ka\u017edej lekcii pripraven\u00fd prekladov\u00fd test s k\u013e\u00fa\u010dom obsahuj\u00facim spr\u00e1vne odpovede.<\/p>\n\n\n\n<p>\u0160paniel\u010dinu v tomto kurze nahrali Pedro Garc\u00eda-Guirrao, Lilyam Gonz\u00e1les a Begona Garc\u00eda Ferreira, sloven\u010dinu nahral Peter Svetl\u00edk.<\/p>\n\n\n\n<h1 class=\"wp-block-heading\">&nbsp;<\/h1>\n\n\n\n<ul class=\"wp-block-list\">\n<li>Lekcia 01 &#8211; sloves SER_by\u0165_\u010dlen ur\u010dit\u00fd a neur\u010dit\u00fd<\/li>\n\n\n\n<li>Lekcia 02 &#8211; pr\u00eddavn\u00e9 men\u00e1 _sloveso TENER<\/li>\n\n\n\n<li>Lekcia 03 &#8211; Ukazovacie z\u00e1men\u00e1<\/li>\n\n\n\n<li>Lekcia 04 &#8211; slova kon\u010diace v\u00a0infinit\u00edve na -ar<\/li>\n\n\n\n<li>Lekcia 05 &#8211; slovesa\u00a0 kon\u010diace v\u00a0infinit\u00edve na -er, -ir<\/li>\n\n\n\n<li>Lekcia 06 &#8211; nepravideln\u00e9 sloves\u00e1<\/li>\n\n\n\n<li>Lekcia 07 &#8211; sloves\u00e1 so zmenou zc_-ue<\/li>\n\n\n\n<li>Lekcia 08 &#8211; sloves\u00e1 so zmenou -ie<\/li>\n\n\n\n<li>Lekcia 09 &#8211; Mod\u00e1lne sloves\u00e1<\/li>\n\n\n\n<li>Lekcia 10 &#8211; Z\u00e1men\u00e1 v tre\u0165om a \u0161tvrtom p\u00e1de<\/li>\n<\/ul>\n","protected":false},"excerpt":{"rendered":"<p>V tomto kurze \u0160panielska gramatika A1 pre za\u010diato\u010dn\u00edkov a mierne pokro\u010dil\u00fdch sa nau\u010d\u00edte z\u00e1klady talian\u010diny, vr\u00e1tane v\u00fdslovnosti, \u010dlenov, naj\u010dastej\u0161ie pou\u017e\u00edvan\u00fdch slovies, spojky s\u00a0p\u0159edlo\u017ekami ako aj z\u00e1kladn\u00e9 konverza\u010dn\u00e9 fr\u00e1zy a obraty.<\/p>\n","protected":false},"featured_media":1267,"comment_status":"open","ping_status":"closed","template":"","meta":{"_acf_changed":false,"inline_featured_image":false,"_sitemap_exclude":false,"_sitemap_priority":"","_sitemap_frequency":""},"product_brand":[],"product_cat":[74,76],"product_tag":[],"class_list":{"0":"post-1186","1":"product","2":"type-product","3":"status-publish","4":"has-post-thumbnail","6":"product_cat-spanielcina","7":"product_cat-vseobecna-spanielcina","8":"pa_dlzka-318","9":"pa_format-mp3","10":"pa_jazykova-uroven-a1","11":"pa_jazykova-uroven-a1-a2","13":"first","14":"instock","15":"downloadable","16":"virtual","17":"purchasable","18":"product-type-simple"},"acf":[],"_links":{"self":[{"href":"https:\/\/audioacademyeu.eu\/sk\/wp-json\/wp\/v2\/product\/1186","targetHints":{"allow":["GET"]}}],"collection":[{"href":"https:\/\/audioacademyeu.eu\/sk\/wp-json\/wp\/v2\/product"}],"about":[{"href":"https:\/\/audioacademyeu.eu\/sk\/wp-json\/wp\/v2\/types\/product"}],"replies":[{"embeddable":true,"href":"https:\/\/audioacademyeu.eu\/sk\/wp-json\/wp\/v2\/comments?post=1186"}],"wp:featuredmedia":[{"embeddable":true,"href":"https:\/\/audioacademyeu.eu\/sk\/wp-json\/wp\/v2\/media\/1267"}],"wp:attachment":[{"href":"https:\/\/audioacademyeu.eu\/sk\/wp-json\/wp\/v2\/media?parent=1186"}],"wp:term":[{"taxonomy":"product_brand","embeddable":true,"href":"https:\/\/audioacademyeu.eu\/sk\/wp-json\/wp\/v2\/product_brand?post=1186"},{"taxonomy":"product_cat","embeddable":true,"href":"https:\/\/audioacademyeu.eu\/sk\/wp-json\/wp\/v2\/product_cat?post=1186"},{"taxonomy":"product_tag","embeddable":true,"href":"https:\/\/audioacademyeu.eu\/sk\/wp-json\/wp\/v2\/product_tag?post=1186"}],"curies":[{"name":"wp","href":"https:\/\/api.w.org\/{rel}","templated":true}]}}