
{"id":81,"date":"2022-08-23T20:50:46","date_gmt":"2022-08-23T18:50:46","guid":{"rendered":"https:\/\/audioacademyeu.eu\/sk\/?page_id=81"},"modified":"2026-02-10T16:32:34","modified_gmt":"2026-02-10T15:32:34","slug":"how-to-study","status":"publish","type":"page","link":"https:\/\/audioacademyeu.eu\/sk\/how-to-study\/","title":{"rendered":"Ako sa u\u010di\u0165"},"content":{"rendered":"\n<p>Ke\u010f si k\u00fapite kurz, vytvorte si \u00fa\u010det na str\u00e1nke audioacademy.eu, na ktorej sa V\u00e1m, ihned po k\u00fapen\u00ed<br>kurzu, zobrazia zvukov\u00e9 stopy vo form\u00e1te mp3. Stiahnite si ich do mobiln\u00e9ho telef\u00f3nu alebo in\u00e9ho<br>zariadenia, kde ich m\u00f4\u017eete po\u010d\u00fava\u0165, skript\u00e1 ku kurzu si stiahnite na str\u00e1nke<br>www.audioacademyeu.eu v \u010dasti Skript\u00e1 na stiahnutie..<\/p>\n\n\n\n<p>Vyberte si lekciu, ktor\u00fa si chcete osvoji\u0165 &#8211; mo\u017eno v najbli\u017e\u0161\u00edch d\u0148och o\u010dak\u00e1vate n\u00e1v\u0161tevu a<br>chceli by ste poveda\u0165 nieko\u013eko zvorilostn\u00fdch viet. Za\u010dnite teda sk\u00f4r pozdravmi ako<br>cestovan\u00edm.<\/p>\n\n\n\n<p>Vystrihnite si obojstrann\u00e9 karti\u010dky a rozde\u013ete ich na slov\u00e1 a vety &#8211; slov\u00e1 dajte na jednu k\u00f4pku<br>a vety na druh\u00fa.<\/p>\n\n\n\n<p>Nieko\u013ekokr\u00e1t si vypo\u010dujte stopu 1 a stopu 2 a potom si prech\u00e1dzajte karti\u010dky so slov\u00ed\u010dkami,<br>k\u00fdm si ich neosvoj\u00edte. Ak ste \u00fapln\u00fd za\u010diato\u010dn\u00edk, vypo\u010dujte si skladby 1 a 2 s textom zo skr\u00edpt a<br>nap\u00ed\u0161te si v\u00fdslovnos\u0165 na karti\u010dky. Po\u010d\u00favajte raz alebo dvakr\u00e1t denne a dvakr\u00e1t denne si<br>precvi\u010dujte slov\u00e1 na karti\u010dk\u00e1ch.<\/p>\n\n\n\n<p>Vypo\u010dujte si aspo\u0148 raz stopy 3 a 4, na ktor\u00fdch po\u010dujete slovo, za ktor\u00fdm nasleduje veta, ktor\u00e1<br>obsahuje toto slovo v kontexte. Za\u010dnite op\u00e4\u0165 s verziou z&nbsp;cudzieho jazyka do sloven\u010diny a ke\u010f<br>porozumiete v\u0161etk\u00fdm slov\u00e1m a vet\u00e1m, prejdite na verziu zo sloven\u010diny do cudzieho jazyka.<\/p>\n\n\n\n<p>Najviac \u010dasu venujte samotn\u00fdm vet\u00e1m. Precvi\u010dte si vety aj pomocou karti\u010diek. Rozumiete<br>anglickej vete ak\u00f4r ako zaznie slovensk\u00fd preklad? Dok\u00e1\u017eete prelo\u017ei\u0165 slovensk\u00fa vetu prv ne\u017e<br>zaznie anglick\u00fd preklad? Ak ste na tieto ot\u00e1zky odpovedali kladne, gratulujeme v\u00e1m, m\u00e1te<br>otvoren\u00fa cestu k \u010fal\u0161ej lekcii..<\/p>\n\n\n\n<p>Zaznamenajte si ukon\u010denie ka\u017ed\u00e9ho cvi\u010denia a u\u010diva do pl\u00e1nu v\u00fdu\u010dby. Kedy ste konkr\u00e9tnu<br>lekciu zvl\u00e1dli? Vtedy, ke\u010f prelo\u017e\u00edte vety v&nbsp;stope 6 zo sloven\u010diny do angli\u010dtiny, bez p\u0159\u00edli\u0161n\u00e9ho<br>prem\u00fd\u0161\u013eania<\/p>\n\n\n\n<p>Nezab\u00fadajme, \u017ee opakovanie je matkou m\u00fadrosti. Preto si napr\u00edklad raz za mesiac zopakujte<br>u\u010divo, ktor\u00e9 ste sa u\u017e nau\u010dili, bu\u010f na karti\u010dk\u00e1ch, alebo si ho znovu vypo\u010dujte. Najlep\u0161ie v\u0161ak<br>je, ak tieto slov\u00e1 a vety pou\u017eijete v priamej komunik\u00e1cii, bu\u010f p\u00edsomnej, alebo najlep\u0161ie<br>\u00fastnej. Tak sa pam\u00e4taj\u00fa najlep\u0161ie!<\/p>\n","protected":false},"excerpt":{"rendered":"<p>Ke\u010f si k\u00fapite kurz, vytvorte si \u00fa\u010det na str\u00e1nke audioacademy.eu, na ktorej sa V\u00e1m, ihned po k\u00fapen\u00edkurzu, zobrazia zvukov\u00e9 stopy vo form\u00e1te mp3. Stiahnite si ich do mobiln\u00e9ho telef\u00f3nu alebo in\u00e9hozariadenia, kde ich m\u00f4\u017eete po\u010d\u00fava\u0165, skript\u00e1 ku kurzu si stiahnite na str\u00e1nkewww.audioacademyeu.eu v \u010dasti Skript\u00e1 na stiahnutie.. Vyberte si lekciu, ktor\u00fa si chcete osvoji\u0165 &#8211; [&hellip;]<\/p>\n","protected":false},"author":1,"featured_media":56,"parent":0,"menu_order":0,"comment_status":"closed","ping_status":"closed","template":"","meta":{"_acf_changed":false,"inline_featured_image":false,"_sitemap_exclude":false,"_sitemap_priority":"","_sitemap_frequency":"","footnotes":""},"class_list":["post-81","page","type-page","status-publish","has-post-thumbnail","hentry"],"acf":[],"_links":{"self":[{"href":"https:\/\/audioacademyeu.eu\/sk\/wp-json\/wp\/v2\/pages\/81","targetHints":{"allow":["GET"]}}],"collection":[{"href":"https:\/\/audioacademyeu.eu\/sk\/wp-json\/wp\/v2\/pages"}],"about":[{"href":"https:\/\/audioacademyeu.eu\/sk\/wp-json\/wp\/v2\/types\/page"}],"author":[{"embeddable":true,"href":"https:\/\/audioacademyeu.eu\/sk\/wp-json\/wp\/v2\/users\/1"}],"replies":[{"embeddable":true,"href":"https:\/\/audioacademyeu.eu\/sk\/wp-json\/wp\/v2\/comments?post=81"}],"version-history":[{"count":1,"href":"https:\/\/audioacademyeu.eu\/sk\/wp-json\/wp\/v2\/pages\/81\/revisions"}],"predecessor-version":[{"id":82,"href":"https:\/\/audioacademyeu.eu\/sk\/wp-json\/wp\/v2\/pages\/81\/revisions\/82"}],"wp:featuredmedia":[{"embeddable":true,"href":"https:\/\/audioacademyeu.eu\/sk\/wp-json\/wp\/v2\/media\/56"}],"wp:attachment":[{"href":"https:\/\/audioacademyeu.eu\/sk\/wp-json\/wp\/v2\/media?parent=81"}],"curies":[{"name":"wp","href":"https:\/\/api.w.org\/{rel}","templated":true}]}}