
{"id":79,"date":"2022-08-23T20:49:43","date_gmt":"2022-08-23T18:49:43","guid":{"rendered":"https:\/\/audioacademyeu.eu\/sk\/?page_id=79"},"modified":"2026-02-10T16:30:27","modified_gmt":"2026-02-10T15:30:27","slug":"about-courses","status":"publish","type":"page","link":"https:\/\/audioacademyeu.eu\/sk\/about-courses\/","title":{"rendered":"O kurzoch"},"content":{"rendered":"\n<p>Kurz je zalo\u017een\u00fd na kontextovom u\u010den\u00ed, to znamen\u00e1, \u017ee sa nau\u010d\u00edte nielen slov\u00ed\u010dka, ale aj vety, v ktor\u00fdch ich m\u00f4\u017eete pou\u017ei\u0165. V tomto kurze n\u00e1jdete celkovo 1 000 slov\u00ed\u010dok a viet na precvi\u010dovanie. Jednotliv\u00e9 lekcie s\u00fa rozdelen\u00e9 pod\u013ea t\u00e9m a ka\u017ed\u00e1 obsahuje in\u00fd po\u010det slov a viet. V ka\u017edom jazyku s\u00fa kurzy od za\u010diato\u010dn\u00edckej \u00farovne (A1,A2) a\u017e po ve\u013emi pokro\u010dil\u00fa \u00farove\u0148 (C1, C2).<\/p>\n\n\n\n<p>Ako s\u00a0kurzom najlep\u0161ie pracova\u0165? Vyberte si lekciu, ktorou chcete za\u010da\u0165. Ka\u017ed\u00e1 lekcia obsahuje \u0161es\u0165 st\u00f4p. Najprv sa pri ka\u017edej lekcii obozn\u00e1mte so samotnou slovnou z\u00e1sobou (stopy 1 a 2). Potom nasleduje slov\u00ed\u010dko a pr\u00edkladov\u00e1 veta, op\u00e4\u0165 v oboch mo\u017enostiach prekladu (stopy 3 a 4). Potom prejdite na cel\u00e9 vety (stopa 5 a 6). Ke\u010f zvl\u00e1dnete preklad viet zo sloven\u010diny do cudzieho jazyka (lekcia 6) v \u010dasovej medzere pred anglick\u00fdm prekladom, m\u00e1te vyhrat\u00e9. Samotn\u00e9 slov\u00e1 v\u00e1m pom\u00f4\u017eu pochopi\u0165 v\u00fdznam, ale pou\u017e\u00edvanie zvl\u00e1dnut\u00fdch cel\u00fdch viet v\u00e1m pom\u00f4\u017ee komunikova\u0165 ove\u013ea lep\u0161ie. <\/p>\n\n\n\n<p>U ka\u017ed\u00e9ho bloku plat\u00ed: ihned jako zvl\u00e1dnete po\u010d\u00favanie z cudzieho jazyka do sloven\u010diny lekcie 1, 3, 5<br>\u2013 cvi\u010denie po\u010d\u00favajte ) prejdite na preklad zo sloven\u010diny do cudzieho jazyka (lekcie 2, 4, 6 \u2013 cvi\u010denie<br>prekladajte). <\/p>\n\n\n\n<p>Nemus\u00edte pracova\u0165 so v\u0161etk\u00fdmi stopami v jednej lekcii, m\u00f4\u017eete sa viac zamera\u0165 na po\u010d\u00favanie, ktor\u00e9 v\u00e1m najviac vyhovuje. Odpor\u00fa\u010dam v\u0161ak vypo\u010du\u0165 si v\u0161etky stopy danej lekcie aspo\u0148 raz. V\u010faka skript\u00e1m, ktor\u00e9 s\u00fa k dispoz\u00edcii pre ka\u017ed\u00fd kurz, bud\u00fa va\u0161e aktivity s kurzom ove\u013ea efekt\u00edvnej\u0161ie. N\u00e1jdete v\u00a0nich sprievodcu u\u010den\u00edm s u\u017eito\u010dn\u00fdmi tipmi ako mo\u017eno urobi\u0165 u\u010denie \u00fa\u010delnej\u0161\u00edm, pl\u00e1n lekci\u00ed na zaznamen\u00e1vanie pokroku, prepis zvukov\u00fdch st\u00f4p (pre pr\u00edpad, \u017ee nie\u010domu nerozumiete) a obojstrann\u00e9 karti\u010dky, aby ste sa mohli u\u010di\u0165 a opakova\u0165, aj vtedy ke\u010f nem\u00f4\u017eete po\u010d\u00fava\u0165. Pre t\u00fdch, ktor\u00ed sa radi testuj\u00fa, je v ka\u017edej lekcii k dispoz\u00edcii prekladov\u00fd test s k\u013e\u00fa\u010dom k\u00a0spr\u00e1vnym odpovediam. <\/p>\n\n\n\n<p>Hlasy,ktor\u00e9 budete po\u010du\u0165 patria <strong>Jeffrymu Shortovi, Alexandre Rozborilovej a Petrovi Svetl\u00edkovi<\/strong> .<\/p>\n","protected":false},"excerpt":{"rendered":"<p>Kurz je zalo\u017een\u00fd na kontextovom u\u010den\u00ed, to znamen\u00e1, \u017ee sa nau\u010d\u00edte nielen slov\u00ed\u010dka, ale aj vety, v ktor\u00fdch ich m\u00f4\u017eete pou\u017ei\u0165. V tomto kurze n\u00e1jdete celkovo 1 000 slov\u00ed\u010dok a viet na precvi\u010dovanie. Jednotliv\u00e9 lekcie s\u00fa rozdelen\u00e9 pod\u013ea t\u00e9m a ka\u017ed\u00e1 obsahuje in\u00fd po\u010det slov a viet. V ka\u017edom jazyku s\u00fa kurzy od za\u010diato\u010dn\u00edckej \u00farovne [&hellip;]<\/p>\n","protected":false},"author":1,"featured_media":50,"parent":0,"menu_order":0,"comment_status":"closed","ping_status":"closed","template":"","meta":{"_acf_changed":false,"inline_featured_image":false,"_sitemap_exclude":false,"_sitemap_priority":"","_sitemap_frequency":"","footnotes":""},"class_list":["post-79","page","type-page","status-publish","has-post-thumbnail","hentry"],"acf":[],"_links":{"self":[{"href":"https:\/\/audioacademyeu.eu\/sk\/wp-json\/wp\/v2\/pages\/79","targetHints":{"allow":["GET"]}}],"collection":[{"href":"https:\/\/audioacademyeu.eu\/sk\/wp-json\/wp\/v2\/pages"}],"about":[{"href":"https:\/\/audioacademyeu.eu\/sk\/wp-json\/wp\/v2\/types\/page"}],"author":[{"embeddable":true,"href":"https:\/\/audioacademyeu.eu\/sk\/wp-json\/wp\/v2\/users\/1"}],"replies":[{"embeddable":true,"href":"https:\/\/audioacademyeu.eu\/sk\/wp-json\/wp\/v2\/comments?post=79"}],"version-history":[{"count":1,"href":"https:\/\/audioacademyeu.eu\/sk\/wp-json\/wp\/v2\/pages\/79\/revisions"}],"predecessor-version":[{"id":80,"href":"https:\/\/audioacademyeu.eu\/sk\/wp-json\/wp\/v2\/pages\/79\/revisions\/80"}],"wp:featuredmedia":[{"embeddable":true,"href":"https:\/\/audioacademyeu.eu\/sk\/wp-json\/wp\/v2\/media\/50"}],"wp:attachment":[{"href":"https:\/\/audioacademyeu.eu\/sk\/wp-json\/wp\/v2\/media?parent=79"}],"curies":[{"name":"wp","href":"https:\/\/api.w.org\/{rel}","templated":true}]}}