
{"id":782,"date":"2024-08-29T14:27:12","date_gmt":"2024-08-29T12:27:12","guid":{"rendered":"https:\/\/audioacademyeu.eu\/sk\/o-kurzech\/"},"modified":"2024-08-29T14:29:11","modified_gmt":"2024-08-29T12:29:11","slug":"o-kurzech","status":"publish","type":"page","link":"https:\/\/audioacademyeu.eu\/sk\/o-kurzech\/","title":{"rendered":"O  kurzech"},"content":{"rendered":"\t\t<div data-elementor-type=\"wp-page\" data-elementor-id=\"782\" class=\"elementor elementor-782\" data-elementor-post-type=\"page\">\n\t\t\t\t<div class=\"elementor-element elementor-element-60139acc e-flex e-con-boxed e-con e-parent\" data-id=\"60139acc\" data-element_type=\"container\" data-e-type=\"container\">\n\t\t\t\t\t<div class=\"e-con-inner\">\n\t\t\t\t<div class=\"elementor-element elementor-element-46b3a81d elementor-widget elementor-widget-text-editor\" data-id=\"46b3a81d\" data-element_type=\"widget\" data-e-type=\"widget\" data-widget_type=\"text-editor.default\">\n\t\t\t\t<div class=\"elementor-widget-container\">\n\t\t\t\t\t\t\t\t\t\n<p>Na\u0161e jazykov\u00e9 kurzy jsou zalo\u017eeny na <strong>kontextov\u00e9m u\u010den\u00ed,<\/strong> to znamen\u00e1, m\u00e1te k\u00a0v\u00fduce nebo opakov\u00e1n\u00ed p\u0159ipraveny nejen samotn\u00e1 slov\u00ed\u010dka, ale i v\u011bty, ve kter\u00fdch dan\u00e1 slov\u00ed\u010dka pou\u017e\u00edv\u00e1te.<\/p>\n\n<figure class=\"wp-block-image alignright size-large is-resized\">\n<p><a href=\"https:\/\/poslechovaanglictina.cz\/wp-content\/uploads\/2022\/10\/AdobeStock_103708906-scaled.jpeg\" target=\"_blank\" rel=\"noopener\"><img fetchpriority=\"high\" decoding=\"async\" class=\"wp-image-7122 size-medium\" src=\"https:\/\/poslechovaanglictina.cz\/wp-content\/uploads\/2022\/10\/AdobeStock_103708906-scaled-277x300.jpeg\" alt=\"\" width=\"277\" height=\"300\" \/><\/a><\/p>\n<\/figure>\n\n<p>Pro praktickou komunikaci je lep\u0161\u00ed m\u00edt osvojeny cel\u00e9 v\u011bty, reagujete pak pohotov\u011bji a rozum\u00edte v\u00edce. Na v\u00fdb\u011br m\u00e1te r\u016fzn\u00e9 \u00farovn\u011b pokro\u010dilosti s\u00a0r\u016fzn\u00fdm zam\u011b\u0159en\u00edm.<\/p>\n\n<p>Jednotliv\u00e9 lekce jsou rozd\u011bleny podle t\u00e9mat, p\u0159i\u010dem\u017e ka\u017ed\u00e9 obsahuje jin\u00fd po\u010det slov\u00ed\u010dek a v\u011bt.<\/p>\n\n<h2 class=\"wp-block-heading\">Jak s\u00a0kurzem nejl\u00e9pe pracovat?<\/h2>\n\n<p>Vyberte si kurz, kter\u00fd pot\u0159ebujete. Chcete zlep\u0161it gramatiku nebo jen roz\u0161\u00ed\u0159it slovn\u00ed z\u00e1sobu? Pot\u0159ebujete n\u011bjak\u00e9 specializovan\u00e9 t\u00e9ma? Pot\u00e9 za\u010dn\u011bte s poslechem. Kdekoli &#8211; v aut\u011b, v tramvaji, v \u010dek\u00e1rn\u011b, p\u0159i \u017eehlen\u00ed \u2013 \u010d\u00edm v\u00edce, t\u00edm l\u00e9pe. Ka\u017ed\u00fd kurz je rozd\u011blen do tematick\u00fdch lekc\u00ed.<\/p>\n\n<p>Ka\u017ed\u00e1 lekce obsahuje \u0161est stop. Nejprve se u ka\u017ed\u00e9 lekce seznamte se samotn\u00fdmi slov\u00ed\u010dky (stopa 1 a 2). D\u00e1le m\u00e1te k\u00a0dispozici slov\u00ed\u010dko n\u00e1sledovan\u00e9 p\u0159\u00edkladovou v\u011btou, op\u011bt v\u00a0obou variant\u00e1ch p\u0159ekladu (stopa\u00a0 3 a 4).\u00a0 Pot\u00e9 p\u0159ech\u00e1z\u00edte na cel\u00e9 v\u011bty (stopa 5 a 6).<\/p>\n\n<p>Jakmile budete zvl\u00e1dat p\u0159ekl\u00e1dat v\u011bty z\u00a0\u010de\u0161tiny do ciz\u00edho jazyka (lekce 6) v\u00a0\u010dasov\u00e9 pauze p\u0159ed p\u0159ekladem, tak jste vyhr\u00e1li. Samotn\u00e1 slov\u00ed\u010dka V\u00e1m pomohou p\u0159i pochopen\u00ed smyslu, ale pomoc\u00ed osvojen\u00fdch cel\u00fdch v\u011bt budete komunikovat mnohem l\u00e9pe<\/p>\n\n<p>U ka\u017ed\u00e9ho bloku plat\u00ed, \u017ee jakmile zvl\u00e1dnete poslech z\u00a0ciz\u00edho jazyka do \u010de\u0161tiny (lekce 1, 3, 5 \u2013 cvi\u010den\u00ed poslouchejte) p\u0159ech\u00e1z\u00edte na p\u0159eklad z\u00a0\u010de\u0161tiny do ciz\u00edho jazyka (lekce 2,4,6 \u2013 cvi\u010den\u00ed p\u0159elo\u017ete).<\/p>\n\n<p>V\u00a0r\u00e1mci jedn\u00e9 lekce nemus\u00edte pracovat se v\u0161emi stopami, m\u016f\u017eete se v\u00edce v\u011bnovat takov\u00e9mu poslechu, kter\u00fd v\u00e1m nejv\u00edce vyhovuje. Doporu\u010duji ale poslechnout si v\u0161echny stopy dan\u00e9 lekce minim\u00e1ln\u011b jednou.<\/p>\n\n<h2 class=\"wp-block-heading\">Skripta<\/h2>\n\n<figure class=\"wp-block-image alignleft size-large is-resized\">\n<p><a href=\"https:\/\/poslechovaanglictina.cz\/wp-content\/uploads\/2022\/10\/AdobeStock_464127414-scaled.jpeg\" target=\"_blank\" rel=\"noopener\"><img decoding=\"async\" class=\"wp-image-7123 size-medium\" src=\"https:\/\/poslechovaanglictina.cz\/wp-content\/uploads\/2022\/10\/AdobeStock_464127414-scaled-300x276.jpeg\" alt=\"\" width=\"300\" height=\"276\" \/><\/a><\/p>\n<\/figure>\n\n<p>D\u00edky skript\u016fm, kter\u00e9 jste si ke kurzu m\u016f\u017eete st\u00e1hnout, z\u00edsk\u00e1te mnohem \u0161ir\u0161\u00ed vyu\u017eit\u00ed cel\u00e9ho kurzu. Ve skriptech toti\u017e najdete n\u00e1vod k\u00a0u\u010den\u00ed spolu s\u00a0u\u017eite\u010dn\u00fdmi tipy, jak v\u00fduku zefektivnit, v\u00fdukov\u00fd pl\u00e1n, do n\u011bj\u017e si m\u016f\u017eete zaznamen\u00e1vat sv\u00e9 pokroky, seznam stop k\u00a0poslechu (kdybyste n\u00e1hodou n\u011b\u010demu nerozum\u011bli), ale i oboustrann\u00e9 karti\u010dky, d\u00edky nim\u017e se m\u016f\u017eete u\u010dit a opakovat i tehdy, kdy\u017e pr\u00e1v\u011b nem\u016f\u017eete poslouchat.<\/p>\n\n<p>Pro ty, kte\u0159\u00ed se r\u00e1di zkou\u0161\u00ed, je v\u00a0ka\u017ed\u00e9 lekci p\u0159ipraven p\u0159ekladov\u00fd test s\u00a0kl\u00ed\u010dem obsahuj\u00edc\u00edm spr\u00e1vn\u00e9 odpov\u011bdi.<\/p>\n\n<p>Jsem p\u0159esv\u011bd\u010den o tom, \u017ee pravideln\u00fd poslech V\u00e1m a vyu\u017eit\u00ed skript v\u00e1m p\u0159inese to, pro\u010d tady jste \u2013 zlep\u0161\u00edte sv\u00e9 komunika\u010dn\u00ed schopnosti v\u00a0ciz\u00edm jazyce, kter\u00fd se aktu\u00e1ln\u011b u\u010d\u00edte nebo kter\u00fd opakujete.<\/p>\n\n<h2 class=\"has-text-align-center wp-block-heading\">Hodn\u011b \u0161t\u011bst\u00ed!<\/h2>\n\t\t\t\t\t\t\t\t<\/div>\n\t\t\t\t<\/div>\n\t\t\t\t\t<\/div>\n\t\t\t\t<\/div>\n\t\t\t\t<\/div>\n\t\t","protected":false},"excerpt":{"rendered":"<p>Na\u0161e jazykov\u00e9 kurzy jsou zalo\u017eeny na kontextov\u00e9m u\u010den\u00ed, to znamen\u00e1, m\u00e1te k\u00a0v\u00fduce nebo opakov\u00e1n\u00ed p\u0159ipraveny nejen samotn\u00e1 slov\u00ed\u010dka, ale i v\u011bty, ve kter\u00fdch dan\u00e1 slov\u00ed\u010dka pou\u017e\u00edv\u00e1te. Pro praktickou komunikaci je lep\u0161\u00ed m\u00edt osvojeny cel\u00e9 v\u011bty, reagujete pak pohotov\u011bji a rozum\u00edte v\u00edce. Na v\u00fdb\u011br m\u00e1te r\u016fzn\u00e9 \u00farovn\u011b pokro\u010dilosti s\u00a0r\u016fzn\u00fdm zam\u011b\u0159en\u00edm. Jednotliv\u00e9 lekce jsou rozd\u011bleny podle t\u00e9mat, [&hellip;]<\/p>\n","protected":false},"author":1,"featured_media":785,"parent":0,"menu_order":0,"comment_status":"closed","ping_status":"closed","template":"template-fullwidth.php","meta":{"_acf_changed":false,"inline_featured_image":false,"_sitemap_exclude":false,"_sitemap_priority":"","_sitemap_frequency":"","footnotes":""},"class_list":["post-782","page","type-page","status-publish","has-post-thumbnail","hentry"],"acf":[],"_links":{"self":[{"href":"https:\/\/audioacademyeu.eu\/sk\/wp-json\/wp\/v2\/pages\/782","targetHints":{"allow":["GET"]}}],"collection":[{"href":"https:\/\/audioacademyeu.eu\/sk\/wp-json\/wp\/v2\/pages"}],"about":[{"href":"https:\/\/audioacademyeu.eu\/sk\/wp-json\/wp\/v2\/types\/page"}],"author":[{"embeddable":true,"href":"https:\/\/audioacademyeu.eu\/sk\/wp-json\/wp\/v2\/users\/1"}],"replies":[{"embeddable":true,"href":"https:\/\/audioacademyeu.eu\/sk\/wp-json\/wp\/v2\/comments?post=782"}],"version-history":[{"count":4,"href":"https:\/\/audioacademyeu.eu\/sk\/wp-json\/wp\/v2\/pages\/782\/revisions"}],"predecessor-version":[{"id":917,"href":"https:\/\/audioacademyeu.eu\/sk\/wp-json\/wp\/v2\/pages\/782\/revisions\/917"}],"wp:featuredmedia":[{"embeddable":true,"href":"https:\/\/audioacademyeu.eu\/sk\/wp-json\/wp\/v2\/media\/785"}],"wp:attachment":[{"href":"https:\/\/audioacademyeu.eu\/sk\/wp-json\/wp\/v2\/media?parent=782"}],"curies":[{"name":"wp","href":"https:\/\/api.w.org\/{rel}","templated":true}]}}