
{"id":64,"date":"2022-08-23T20:18:44","date_gmt":"2022-08-23T18:18:44","guid":{"rendered":"https:\/\/audioacademyeu.eu\/sk\/?page_id=64"},"modified":"2026-02-10T16:31:06","modified_gmt":"2026-02-10T15:31:06","slug":"terms","status":"publish","type":"page","link":"https:\/\/audioacademyeu.eu\/sk\/terms\/","title":{"rendered":"Podmienky predaja a licencie"},"content":{"rendered":"\n<h2 class=\"wp-block-heading\"><strong>Dod\u00e1vate\u013e<\/strong><\/h2>\n\n\n\n<ul class=\"wp-block-list\"><li>Ing. Tom\u00e1\u0161 Dvo\u0159\u00e1\u010dek<\/li><li>Dru\u017eebn\u00ed 255\/72, 725 26 Kr\u00e1sne Pole<\/li><li>e-mail: eshop@audioacademyeu.eu<\/li><li>tel.: +420 773 789 940 <\/li><li>I\u010cO: 61951404<\/li><\/ul>\n\n\n\n<p>Podnikate\u013e je zap\u00edsan\u00fd v obchodnom registri.<\/p>\n\n\n\n<h2 class=\"wp-block-heading\">Z\u00e1kladn\u00e9 ustanovenia<\/h2>\n\n\n\n<ul class=\"wp-block-list\"><li>Predmetom tejto webovej str\u00e1nky je ponuka internetov\u00fdch slu\u017eieb s\u00favisiacich s elektronickou distrib\u00faciou m\u00e9di\u00ed mp3.<\/li><li>Odberate\u013e je informovan\u00fd o z\u00e1kladn\u00fdch alebo dodato\u010dn\u00fdch inform\u00e1ci\u00e1ch prostredn\u00edctvom webovej str\u00e1nky audioacademyeu.eu alebo prostredn\u00edctvom individu\u00e1lnej e-mailovej alebo telefonickej komunik\u00e1cie. Odberate\u013e t\u00fdmto s\u00fahlas\u00ed so z\u00edskan\u00fdmi inform\u00e1ciami alebo podmienkami.<\/li><li>Dod\u00e1vate\u013e je opr\u00e1vnen\u00fd kedyko\u013evek zmeni\u0165 ponuku, parametre a cenu svojich v\u00fdrobkov.<\/li><li>Ceny v\u00fdrobkov nezah\u0155\u0148aj\u00fa \u017eiadne individu\u00e1lne \u00fapravy.<\/li><li>E-mail s platobn\u00fdmi inform\u00e1ciami a na komunik\u00e1ciu: objednavka@audioacademyeu.eu<\/li><\/ul>\n\n\n\n<h2 class=\"wp-block-heading\"><strong>Ochrana \u00fadajov<\/strong><\/h2>\n\n\n\n<ul class=\"wp-block-list\"><li>S osobn\u00fdmi \u00fadajmi z\u00e1kazn\u00edka sa zaobch\u00e1dza v plnom s\u00falade s ustanoveniami z\u00e1kona \u010d. 101\/2000 Z. z. o ochrane osobn\u00fdch \u00fadajov.<\/li><li>Odberate\u013e vyhlasuje, \u017ee v s\u00falade so z\u00e1konom \u010d. 480\/2004 Z. z. o niektor\u00fdch slu\u017eb\u00e1ch informa\u010dnej spolo\u010dnosti a o zmene a doplnen\u00ed niektor\u00fdch z\u00e1konov s\u00fahlas\u00ed so zasielan\u00edm obchodn\u00fdch ozn\u00e1men\u00ed.<\/li><li>Osobn\u00e9 alebo prihlasovacie \u00fadaje \u00fa\u010dastn\u00edka sa neposkytuj\u00fa tret\u00edm stran\u00e1m.<\/li><\/ul>\n\n\n\n<h2 class=\"wp-block-heading\"><strong>Pr\u00e1va a povinnosti dod\u00e1vate\u013ea<\/strong><\/h2>\n\n\n\n<ul class=\"wp-block-list\"><li>Dod\u00e1vate\u013e nenesie zodpovednos\u0165 za ak\u00e9ko\u013evek zneu\u017eitie prihlasovac\u00edch \u00fadajov z\u00e1kazn\u00edka, pokia\u013e toto zneu\u017eitie preuk\u00e1zate\u013ene nesp\u00f4sobil dod\u00e1vate\u013e.<\/li><li>Dod\u00e1vate\u013e nezodpoved\u00e1 za \u017eiadne chyby alebo \u0161kody sp\u00f4soben\u00e9 \u00fapravami zvukov\u00fdch vysiela\u010dov z\u00e1kazn\u00edkom po predaji.<\/li><li>Dod\u00e1vate\u013e nezodpoved\u00e1 za bezprobl\u00e9mov\u00fa funk\u010dnos\u0165 pripojenia dodan\u00e9ho produktu k softv\u00e9ru tretej strany.<\/li><li>Dod\u00e1vate\u013e m\u00e1 pr\u00e1vo zru\u0161i\u0165 objedn\u00e1vku, ak nie je mo\u017en\u00e9 doda\u0165 objednan\u00fd v\u00fdrobok. V pr\u00edpade, \u017ee kupuj\u00faci zaplatil za objednan\u00fd v\u00fdrobok vopred, dod\u00e1vate\u013e vr\u00e1ti kupuj\u00facemu cel\u00fa sumu do 7 dn\u00ed od zistenia tejto skuto\u010dnosti.<\/li><li>Dod\u00e1vate\u013e je opr\u00e1vnen\u00fd poskytova\u0165 alebo pred\u00e1va\u0165 slu\u017eby, \u00fapravy a moduly tret\u00edm stran\u00e1m, ak nie je individu\u00e1lne dohodnut\u00e9 alebo zmluvne stanoven\u00e9 inak.<\/li><\/ul>\n\n\n\n<h2 class=\"wp-block-heading\">Pr\u00e1va a povinnosti z\u00e1kazn\u00edka<\/h2>\n\n\n\n<ul class=\"wp-block-list\"><li>Odberate\u013e je povinn\u00fd poskytova\u0165 len pravdiv\u00e9 a aktu\u00e1lne osobn\u00e9 \u00fadaje.<\/li><li>Z\u00e1kazn\u00edk je povinn\u00fd zabezpe\u010di\u0165 prihlasovacie \u00fadaje, ktor\u00e9 mu zaslal dod\u00e1vate\u013e, tak, aby nedo\u0161lo k ich zneu\u017eitiu.<\/li><li>Odberate\u013e je plne zodpovedn\u00fd za v\u0161etky \u010dinnosti, zmeny a \u00fapravy vykonan\u00e9 pomocou prihlasovac\u00edch \u00fadajov pridelen\u00fdch dod\u00e1vate\u013eom.<\/li><li>Odberate\u013e je opr\u00e1vnen\u00fd zmeni\u0165 prihlasovacie \u00fadaje.<\/li><li>Z\u00e1kazn\u00edk je informovan\u00fd o celkovej cene objedn\u00e1vky pred jej potvrden\u00edm.<\/li><\/ul>\n\n\n\n<h2 class=\"wp-block-heading\">Uzavretie zmluvy<\/h2>\n\n\n\n<ul class=\"wp-block-list\"><li>Zmluva medzi dod\u00e1vate\u013eom a z\u00e1kazn\u00edkom nadob\u00fada platnos\u0165 po zaplaten\u00ed objedn\u00e1vky prostredn\u00edctvom syst\u00e9mu GoPay.<\/li><li>Z\u00e1kazn\u00edk zaplaten\u00edm potvrdzuje, \u017ee s\u00fahlas\u00ed s t\u00fdmito podmienkami, ktor\u00e9 s\u00fa pre obe strany z\u00e1v\u00e4zn\u00e9 a obe strany s\u00fa povinn\u00e9 ich dodr\u017eiava\u0165.<\/li><li>Distrib\u00facia produktu objednan\u00e9ho na audioacademyeu.eu sa realizuje elektronicky zaslan\u00edm na e-mail, ktor\u00fd dod\u00e1vate\u013e uviedol v objedn\u00e1vkovom formul\u00e1ri.<\/li><\/ul>\n\n\n\n<h2 class=\"wp-block-heading\">S\u0165a\u017enosti<\/h2>\n\n\n\n<ul class=\"wp-block-list\"><li>Reklam\u00e1cie vr\u00e1tane odstr\u00e1nenia v\u00e1d sa musia vybavi\u0165 bez zbyto\u010dn\u00e9ho odkladu, najnesk\u00f4r do 30 dn\u00ed odo d\u0148a uplatnenia reklam\u00e1cie, ak sa pred\u00e1vaj\u00faci a spotrebite\u013e nedohodn\u00fa na dlh\u0161ej lehote.<\/li><li>V pr\u00edpade, \u017ee z\u00e1kazn\u00edk zmen\u00ed alebo inak zasiahne do zdrojov\u00e9ho k\u00f3du, n\u00e1rok sa neuplat\u0148uje.<\/li><li>V pr\u00edpade neopr\u00e1vnenej reklam\u00e1cie (ak ozn\u00e1men\u00e1 chyba nebola zisten\u00e1 alebo ak ide o chybu, na ktor\u00fa sa nevz\u0165ahuje z\u00e1ruka) m\u00f4\u017ee dod\u00e1vate\u013e po\u017eadova\u0165 \u00fahradu n\u00e1kladov vynalo\u017een\u00fdch na testovanie a opravu.<\/li><\/ul>\n\n\n\n<h2 class=\"wp-block-heading\">S\u00falad a rozpor s k\u00fapnou zmluvou<\/h2>\n\n\n\n<ul class=\"wp-block-list\"><li>Dod\u00e1vate\u013e zodpoved\u00e1 z\u00e1kazn\u00edkovi za to, \u017ee predan\u00fd v\u00fdrobok alebo poskytnut\u00e1 slu\u017eba je pri prevzat\u00ed z\u00e1kazn\u00edkom v s\u00falade s k\u00fapnou zmluvou.<\/li><li>S\u00falad s k\u00fapnou zmluvou znamen\u00e1, \u017ee predan\u00fd v\u00fdrobok alebo poskytnut\u00e1 slu\u017eba m\u00e1 \u00fa\u017eitkov\u00e9 vlastnosti po\u017eadovan\u00e9 v zmluve, op\u00edsan\u00e9 dod\u00e1vate\u013eom alebo o\u010dak\u00e1van\u00e9 na z\u00e1klade jeho reklamy, alebo \u00fa\u017eitkov\u00e9 vlastnosti softv\u00e9ru alebo slu\u017eby tak\u00e9ho druhu, \u017ee zodpoved\u00e1 po\u017eiadavk\u00e1m pr\u00e1vnych predpisov a zodpoved\u00e1 \u00fa\u010delu, ktor\u00fd dod\u00e1vate\u013e uv\u00e1dza pre pou\u017eitie v\u00fdrobku alebo slu\u017eby alebo na ktor\u00fd sa v\u00fdrobok alebo slu\u017eba obvykle pou\u017e\u00edva.<\/li><li>V pr\u00edpade, \u017ee v\u00fdrobok alebo slu\u017eba pri prevzat\u00ed z\u00e1kazn\u00edkom nie s\u00fa v s\u00falade s k\u00fapnou zmluvou, z\u00e1kazn\u00edk m\u00e1 pr\u00e1vo na to, aby dod\u00e1vate\u013e bezplatne a bez zbyto\u010dn\u00e9ho odkladu uviedol dodan\u00fd v\u00fdrobok alebo slu\u017ebu do stavu zodpovedaj\u00faceho k\u00fapnej zmluve. Ak tak\u00fdto postup nie je mo\u017en\u00fd, z\u00e1kazn\u00edk m\u00f4\u017ee po\u017eadova\u0165 primeran\u00fa z\u013eavu z ceny poskytnut\u00e9ho v\u00fdrobku alebo slu\u017eby. To neplat\u00ed, ak z\u00e1kazn\u00edk vedel o nes\u00falade s k\u00fapnou zmluvou pred prevzat\u00edm v\u00fdrobku alebo slu\u017eby alebo ak nes\u00falad s k\u00fapnou zmluvou sp\u00f4sobil.<\/li><\/ul>\n\n\n\n<h2 class=\"wp-block-heading\">Odst\u00fapenie od zmluvy<\/h2>\n\n\n\n<ul class=\"wp-block-list\"><li>Na elektronicky distribuovan\u00fd produkt sa nevz\u0165ahuj\u00fa ustanovenia \u00a7 1837 ods. l) Ob\u010dianskeho z\u00e1konn\u00edka o mo\u017enosti odst\u00fapenia od zmluvy do 14 dn\u00ed od prevzatia tovaru.<\/li><li>Produkt distribuovan\u00fd elektronicky alebo prisp\u00f4soben\u00fd pre konkr\u00e9tneho koncov\u00e9ho z\u00e1kazn\u00edka nie je mo\u017en\u00e9 vr\u00e1ti\u0165.<\/li><li>Pr\u00e1vo z\u00e1kazn\u00edka na odst\u00fapenie od zmluvy zanik\u00e1 v pr\u00edpade a) neodborn\u00e9ho pou\u017e\u00edvania v\u00fdrobku, modulu alebo \u00fapravy b) pr\u00edtomnosti jednotliv\u00fdch funk\u010dn\u00fdch \u00faprav.<\/li><li>Odst\u00fapen\u00edm od zmluvy sa z\u00e1kazn\u00edk zav\u00e4zuje uhradi\u0165 dod\u00e1vate\u013eovi predch\u00e1dzaj\u00face n\u00e1klady na vykonan\u00e9 pr\u00e1ce, ak tak\u00e9to n\u00e1klady vznikli.<\/li><\/ul>\n\n\n\n<h2 class=\"wp-block-heading\">Licen\u010dn\u00e1 zmluva<\/h2>\n\n\n\n<ul class=\"wp-block-list\"><li>Licencia na pou\u017e\u00edvanie dodan\u00e9ho produktu sa riadi autorsk\u00fdm pr\u00e1vom<\/li><\/ul>\n\n\n\n<h2 class=\"wp-block-heading\">Z\u00e1vere\u010dn\u00e9 ustanovenia<\/h2>\n\n\n\n<ul class=\"wp-block-list\"><li>Tieto obchodn\u00e9 podmienky sa riadia ustanoveniami z\u00e1kona \u010d. 513\/1991 Zb. Obchodn\u00e9ho z\u00e1konn\u00edka v znen\u00ed neskor\u0161\u00edch predpisov, z\u00e1kona \u010d. 89\/2012 Z. z. Ob\u010dianskeho z\u00e1konn\u00edka v znen\u00ed neskor\u0161\u00edch predpisov, z\u00e1kona \u010d. 121\/2000 Z. z. Autorsk\u00e9ho z\u00e1kona.<\/li><li>Zmluvou a t\u00fdmito podmienkami nie s\u00fa dotknut\u00e9 pr\u00edslu\u0161n\u00e9 ustanovenia Autorsk\u00e9ho z\u00e1kona a in\u00fdch pr\u00e1vnych predpisov upravuj\u00facich pou\u017e\u00edvanie po\u010d\u00edta\u010dov\u00fdch programov a datab\u00e1z a sankcie za ich nez\u00e1konn\u00e9 pou\u017e\u00edvanie.<\/li><li>Dod\u00e1vate\u013e si vyhradzuje pr\u00e1vo zmeni\u0165 tieto podmienky.<\/li><li>Tieto podmienky s\u00fa platn\u00e9 a \u00fa\u010dinn\u00e9 od 20.10.2017.<\/li><\/ul>\n","protected":false},"excerpt":{"rendered":"<p>Dod\u00e1vate\u013e Ing. Tom\u00e1\u0161 Dvo\u0159\u00e1\u010dek Dru\u017eebn\u00ed 255\/72, 725 26 Kr\u00e1sne Pole e-mail: eshop@audioacademyeu.eu tel.: +420 773 789 940 I\u010cO: 61951404 Podnikate\u013e je zap\u00edsan\u00fd v obchodnom registri. Z\u00e1kladn\u00e9 ustanovenia Predmetom tejto webovej str\u00e1nky je ponuka internetov\u00fdch slu\u017eieb s\u00favisiacich s elektronickou distrib\u00faciou m\u00e9di\u00ed mp3. Odberate\u013e je informovan\u00fd o z\u00e1kladn\u00fdch alebo dodato\u010dn\u00fdch inform\u00e1ci\u00e1ch prostredn\u00edctvom webovej str\u00e1nky audioacademyeu.eu alebo prostredn\u00edctvom [&hellip;]<\/p>\n","protected":false},"author":1,"featured_media":56,"parent":0,"menu_order":0,"comment_status":"closed","ping_status":"closed","template":"","meta":{"_acf_changed":false,"inline_featured_image":false,"_sitemap_exclude":false,"_sitemap_priority":"","_sitemap_frequency":"","footnotes":""},"class_list":["post-64","page","type-page","status-publish","has-post-thumbnail","hentry"],"acf":[],"_links":{"self":[{"href":"https:\/\/audioacademyeu.eu\/sk\/wp-json\/wp\/v2\/pages\/64","targetHints":{"allow":["GET"]}}],"collection":[{"href":"https:\/\/audioacademyeu.eu\/sk\/wp-json\/wp\/v2\/pages"}],"about":[{"href":"https:\/\/audioacademyeu.eu\/sk\/wp-json\/wp\/v2\/types\/page"}],"author":[{"embeddable":true,"href":"https:\/\/audioacademyeu.eu\/sk\/wp-json\/wp\/v2\/users\/1"}],"replies":[{"embeddable":true,"href":"https:\/\/audioacademyeu.eu\/sk\/wp-json\/wp\/v2\/comments?post=64"}],"version-history":[{"count":3,"href":"https:\/\/audioacademyeu.eu\/sk\/wp-json\/wp\/v2\/pages\/64\/revisions"}],"predecessor-version":[{"id":69,"href":"https:\/\/audioacademyeu.eu\/sk\/wp-json\/wp\/v2\/pages\/64\/revisions\/69"}],"wp:featuredmedia":[{"embeddable":true,"href":"https:\/\/audioacademyeu.eu\/sk\/wp-json\/wp\/v2\/media\/56"}],"wp:attachment":[{"href":"https:\/\/audioacademyeu.eu\/sk\/wp-json\/wp\/v2\/media?parent=64"}],"curies":[{"name":"wp","href":"https:\/\/api.w.org\/{rel}","templated":true}]}}