
{"id":54,"date":"2022-08-19T12:42:21","date_gmt":"2022-08-19T10:42:21","guid":{"rendered":"https:\/\/audioacademyeu.eu\/sk\/?page_id=54"},"modified":"2026-02-10T16:32:11","modified_gmt":"2026-02-10T15:32:11","slug":"contact","status":"publish","type":"page","link":"https:\/\/audioacademyeu.eu\/sk\/contact\/","title":{"rendered":"Kontakt"},"content":{"rendered":"\n<figure class=\"wp-block-image alignright size-full\"><img fetchpriority=\"high\" decoding=\"async\" width=\"270\" height=\"361\" src=\"https:\/\/audioacademyeu.eu\/sk\/wp-content\/uploads\/sites\/6\/2022\/09\/tomas_dvoracek-270x361-1.jpg\" alt=\"\" class=\"wp-image-144\" srcset=\"https:\/\/audioacademyeu.eu\/sk\/wp-content\/uploads\/sites\/6\/2022\/09\/tomas_dvoracek-270x361-1.jpg 270w, https:\/\/audioacademyeu.eu\/sk\/wp-content\/uploads\/sites\/6\/2022\/09\/tomas_dvoracek-270x361-1-224x300.jpg 224w, https:\/\/audioacademyeu.eu\/sk\/wp-content\/uploads\/sites\/6\/2022\/09\/tomas_dvoracek-270x361-1-250x334.jpg 250w\" sizes=\"(max-width: 270px) 100vw, 270px\" \/><\/figure>\n\n\n\n<p>Dobr\u00fd de\u0148, vol\u00e1m sa Tom\u00e1\u0161, m\u00e1m 42 rokov a \u017eijem ne\u010faleko Ostravy. Cel\u00fd \u017eivot sa venujem v\u00fdu\u010dbe cudz\u00edch jazykov profesion\u00e1lne a odborne, 15 rokov som pracoval v jazykovej \u0161kole ako lektor. Hovor\u00edm anglicky, nemecky, franc\u00fazsky, \u0161panielsky a taliansky. Okrem m\u00f4jho prv\u00e9ho cudzieho jazyka &#8211; angli\u010dtiny &#8211; som sa v\u0161etky ostatn\u00e9 jazyky nau\u010dil po\u010d\u00favan\u00edm a n\u00e1slednou pr\u00e1cou s obojstrann\u00fdmi kartami, t. j. pomocou syst\u00e9mu, ktor\u00fd n\u00e1jdete na tejto webovej str\u00e1nke.<\/p>\n\n\n\n<p>Budem r\u00e1d, ak mi nap\u00ed\u0161ete nielen ak m\u00e1te ot\u00e1zku k niektor\u00e9mu z kurzov, ale aj ak v\u00e1s zauj\u00edma \u010doko\u013evek, \u010do sa t\u00fdka \u0161t\u00fadia cudz\u00edch jazykov, r\u00e1d sa podel\u00edm nielen o svoje sk\u00fasenosti, ale ve\u013emi r\u00e1d priv\u00edtam aj va\u0161e tipy a n\u00e1vrhy na zlep\u0161enie. Te\u0161\u00edm sa na va\u0161e spr\u00e1vy.<\/p>\n\n\n\n<p>Prajem pekn\u00fd de\u0148, Tom\u00e1\u0161<\/p>\n\n\n\n<hr class=\"wp-block-separator has-alpha-channel-opacity\"\/>\n\n\n\n<p>Ing. Tom\u00e1\u0161 Dvo\u0159\u00e1\u010dek<br>Mal\u00e1 strana 86,<br>74285 V\u0159esina<\/p>\n\n\n\n<p>email: <a href=\"mailto:eshop@audioacademyeu.eu\">eshop@audioacademyeu.eu<\/a><br>tel.:&nbsp;<a href=\"tel:+420603591994\">+420 603 591 994<\/a><br>I\u010cO: 61951404<\/p>\n\n\n\n<hr class=\"wp-block-separator has-alpha-channel-opacity\"\/>\n\n\n\n<div class=\"wp-block-contact-form-7-contact-form-selector\">\n<div class=\"wpcf7 no-js\" id=\"wpcf7-f146-o1\" lang=\"sk-SK\" dir=\"ltr\" data-wpcf7-id=\"146\">\n<div class=\"screen-reader-response\"><p role=\"status\" aria-live=\"polite\" aria-atomic=\"true\"><\/p> <ul><\/ul><\/div>\n<form action=\"\/sk\/wp-json\/wp\/v2\/pages\/54#wpcf7-f146-o1\" method=\"post\" class=\"wpcf7-form init\" aria-label=\"Kontaktn\u00fd formul\u00e1r\" novalidate=\"novalidate\" data-status=\"init\">\n<fieldset class=\"hidden-fields-container\"><input type=\"hidden\" name=\"_wpcf7\" value=\"146\" \/><input type=\"hidden\" name=\"_wpcf7_version\" value=\"6.1.5\" \/><input type=\"hidden\" name=\"_wpcf7_locale\" value=\"sk_SK\" \/><input type=\"hidden\" name=\"_wpcf7_unit_tag\" value=\"wpcf7-f146-o1\" \/><input type=\"hidden\" name=\"_wpcf7_container_post\" value=\"0\" \/><input type=\"hidden\" name=\"_wpcf7_posted_data_hash\" value=\"\" \/><input type=\"hidden\" name=\"_wpcf7_recaptcha_response\" value=\"\" \/>\n<\/fieldset>\n<p><label> Va\u0161e meno<br \/>\n<span class=\"wpcf7-form-control-wrap\" data-name=\"your-name\"><input size=\"40\" maxlength=\"400\" class=\"wpcf7-form-control wpcf7-text wpcf7-validates-as-required\" aria-required=\"true\" aria-invalid=\"false\" value=\"\" type=\"text\" name=\"your-name\" \/><\/span> <\/label>\n<\/p>\n<p><label> V\u00e1\u0161 email<br \/>\n<span class=\"wpcf7-form-control-wrap\" data-name=\"your-email\"><input size=\"40\" maxlength=\"400\" class=\"wpcf7-form-control wpcf7-email wpcf7-validates-as-required wpcf7-text wpcf7-validates-as-email\" aria-required=\"true\" aria-invalid=\"false\" value=\"\" type=\"email\" name=\"your-email\" \/><\/span> <\/label>\n<\/p>\n<p><label> Predmet<br \/>\n<span class=\"wpcf7-form-control-wrap\" data-name=\"your-subject\"><input size=\"40\" maxlength=\"400\" class=\"wpcf7-form-control wpcf7-text wpcf7-validates-as-required\" aria-required=\"true\" aria-invalid=\"false\" value=\"\" type=\"text\" name=\"your-subject\" \/><\/span> <\/label>\n<\/p>\n<p><label> Va\u0161a spr\u00e1va (volite\u013en\u00e9)<br \/>\n<span class=\"wpcf7-form-control-wrap\" data-name=\"your-message\"><textarea cols=\"40\" rows=\"10\" maxlength=\"2000\" class=\"wpcf7-form-control wpcf7-textarea\" aria-invalid=\"false\" name=\"your-message\"><\/textarea><\/span> <\/label>\n<\/p>\n<p><input class=\"wpcf7-form-control wpcf7-submit has-spinner\" type=\"submit\" value=\"Odosla\u0165\" \/>\n<\/p><div class=\"wpcf7-response-output\" aria-hidden=\"true\"><\/div>\n<\/form>\n<\/div>\n<\/div>\n","protected":false},"excerpt":{"rendered":"<p>Dobr\u00fd de\u0148, vol\u00e1m sa Tom\u00e1\u0161, m\u00e1m 42 rokov a \u017eijem ne\u010faleko Ostravy. Cel\u00fd \u017eivot sa venujem v\u00fdu\u010dbe cudz\u00edch jazykov profesion\u00e1lne a odborne, 15 rokov som pracoval v jazykovej \u0161kole ako lektor. Hovor\u00edm anglicky, nemecky, franc\u00fazsky, \u0161panielsky a taliansky. Okrem m\u00f4jho prv\u00e9ho cudzieho jazyka &#8211; angli\u010dtiny &#8211; som sa v\u0161etky ostatn\u00e9 jazyky nau\u010dil po\u010d\u00favan\u00edm a n\u00e1slednou [&hellip;]<\/p>\n","protected":false},"author":1,"featured_media":20,"parent":0,"menu_order":0,"comment_status":"closed","ping_status":"closed","template":"","meta":{"_acf_changed":false,"inline_featured_image":false,"_sitemap_exclude":false,"_sitemap_priority":"","_sitemap_frequency":"","footnotes":""},"class_list":["post-54","page","type-page","status-publish","has-post-thumbnail","hentry"],"acf":[],"_links":{"self":[{"href":"https:\/\/audioacademyeu.eu\/sk\/wp-json\/wp\/v2\/pages\/54","targetHints":{"allow":["GET"]}}],"collection":[{"href":"https:\/\/audioacademyeu.eu\/sk\/wp-json\/wp\/v2\/pages"}],"about":[{"href":"https:\/\/audioacademyeu.eu\/sk\/wp-json\/wp\/v2\/types\/page"}],"author":[{"embeddable":true,"href":"https:\/\/audioacademyeu.eu\/sk\/wp-json\/wp\/v2\/users\/1"}],"replies":[{"embeddable":true,"href":"https:\/\/audioacademyeu.eu\/sk\/wp-json\/wp\/v2\/comments?post=54"}],"version-history":[{"count":5,"href":"https:\/\/audioacademyeu.eu\/sk\/wp-json\/wp\/v2\/pages\/54\/revisions"}],"predecessor-version":[{"id":147,"href":"https:\/\/audioacademyeu.eu\/sk\/wp-json\/wp\/v2\/pages\/54\/revisions\/147"}],"wp:featuredmedia":[{"embeddable":true,"href":"https:\/\/audioacademyeu.eu\/sk\/wp-json\/wp\/v2\/media\/20"}],"wp:attachment":[{"href":"https:\/\/audioacademyeu.eu\/sk\/wp-json\/wp\/v2\/media?parent=54"}],"curies":[{"name":"wp","href":"https:\/\/api.w.org\/{rel}","templated":true}]}}