
{"id":52,"date":"2022-08-19T12:42:04","date_gmt":"2022-08-19T10:42:04","guid":{"rendered":"https:\/\/audioacademyeu.eu\/sk\/?page_id=52"},"modified":"2026-02-10T16:31:22","modified_gmt":"2026-02-10T15:31:22","slug":"privacy-policy","status":"publish","type":"page","link":"https:\/\/audioacademyeu.eu\/sk\/privacy-policy\/","title":{"rendered":"Ochrana osobn\u00fdch \u00fadajov"},"content":{"rendered":"\n<h2 class=\"wp-block-heading\">Stru\u010dne povedan\u00e9&#8230;<\/h2>\n\n\n\n<p>Oce\u0148ujeme va\u0161u vstr\u00edcnos\u0165 a s\u00fakromie. S osobn\u00fdmi \u00fadajmi, ktor\u00e9 od v\u00e1s z\u00edskame, neobchodujeme. Osobn\u00e9 \u00fadaje potrebujeme len na plnenie zmluvy &#8211; inform\u00e1cie o priebehu objedn\u00e1vky a komunik\u00e1ciu medzi nami.&nbsp;<\/p>\n\n\n\n<p>So spamom sa nepriatel\u00edme &#8211; naozaj by ste ho od n\u00e1s nemali o\u010dak\u00e1va\u0165. Nanajv\u00fd\u0161 sa v\u00e1s op\u00fdtame na va\u0161u spokojnos\u0165 s na\u0161imi slu\u017ebami, pr\u00edpadne si v\u00e1m ob\u010das dovol\u00edme posla\u0165 ponuku na na\u0161e nov\u00e9 produkty (ak v\u00e1s to ob\u0165a\u017euje, m\u00f4\u017eete sa z odberu po\u0161ty samozrejme odhl\u00e1si\u0165). A to je v\u0161etko..&nbsp;<\/p>\n\n\n\n<h2 class=\"wp-block-heading\">Osobn\u00e9 \u00fadaje potrebn\u00e9 na dokon\u010denie objedn\u00e1vky<\/h2>\n\n\n\n<ul class=\"wp-block-list\"><li>Meno a priezvisko &#8211; Dajte n\u00e1m vedie\u0165, ako v\u00e1s oslov\u00edme\u00a0<\/li><li>\u00dapln\u00e1 po\u0161tov\u00e1 adresa &#8211; v pr\u00edpade, \u017ee chcete, aby v\u00e1m boli kurzy zaslan\u00e9 na niektorom z m\u00e9di\u00ed.<\/li><li>Telef\u00f3nne \u010d\u00edslo &#8211; pre pr\u00edpad nezrovnalost\u00ed a r\u00fdchleho kontaktu\u00a0<\/li><li>E-mailov\u00e1 adresa &#8211; potrebn\u00e1 na prihl\u00e1senie do administr\u00e1cie a na stiahnutie zak\u00fapen\u00fdch kurzov<\/li><\/ul>\n\n\n\n<h3 class=\"wp-block-heading\"><strong><em>Ak ste fyzick\u00e1 alebo pr\u00e1vnick\u00e1 osoba, s\u00fa potrebn\u00e9 tieto inform\u00e1cie:<\/em><\/strong><\/h3>\n\n\n\n<ul class=\"wp-block-list\"><li>N\u00e1zev Firmy<\/li><li>\u00dapln\u00e1 po\u0161tov\u00e1 adresa<\/li><li>I\u010cO<\/li><li>Telefon<\/li><li>E-mail<\/li><\/ul>\n\n\n\n<p>A to je v\u0161etko. To je v\u0161etko, \u010do potrebujeme na objednanie a komunik\u00e1ciu s vami. Ak chcete pozna\u0165 \u00fapln\u00fd rozsah svojich osobn\u00fdch \u00fadajov, prihl\u00e1ste sa do administra\u010dn\u00e9ho rozhrania (prihlasovacie \u00fadaje ste dostali pri registr\u00e1cii alebo pri dokon\u010den\u00ed prvej objedn\u00e1vky.&nbsp;<\/p>\n\n\n\n<p><strong>Osobn\u00e9 \u00fadaje sprac\u00favame v r\u00e1mci nariadenia Eur\u00f3pskeho parlamentu a Rady (E\u00da) 2016\/679 o ochrane fyzick\u00fdch os\u00f4b pri sprac\u00favan\u00ed osobn\u00fdch \u00fadajov a o vo\u013enom pohybe tak\u00fdchto \u00fadajov. (GDPR)<\/strong><\/p>\n\n\n\n<h2 class=\"wp-block-heading\">Kto spracov\u00e1va va\u0161e osobn\u00e9 \u00fadaje:<\/h2>\n\n\n\n<p>Spr\u00e1vcom va\u0161ich osobn\u00fdch \u00fadajov je spolo\u010dnos\u0165 I\u010cO 61951404 so s\u00eddlom Mal\u00e1 strana 86, 74285 V\u0159esina<\/p>\n\n\n\n<h2 class=\"wp-block-heading\">Kontaktn\u00ed \u00fadaje na spr\u00e1vce:<\/h2>\n\n\n\n<ul class=\"wp-block-list\"><li>Adresa. Tom\u00e1\u0161 Dvo\u0159\u00e1\u010dek, Mal\u00e1 strana 86, 74285 V\u0159esina<\/li><li>E-mail: eshop@audioacademyeu.eu<\/li><li>Telef\u00f3n: +420 603 591\u00a0994<\/li><\/ul>\n\n\n\n<h2 class=\"wp-block-heading\">Z\u00e1konn\u00fd d\u00f4vod spracovania osobn\u00fdch \u00fadajov:<\/h2>\n\n\n\n<p>Va\u0161e \u00fadaje sprac\u00favame na \u00fa\u010dely plnenia zmluvy, t. j. poskytnutia a doru\u010denia objednan\u00e9ho tovaru, konzult\u00e1ci\u00ed a poradenstva. Osobn\u00e9 \u00fadaje, ktor\u00e9 po\u017eadujeme, s\u00fa potrebn\u00e9 na plnenie zmluvy medzi vami a prev\u00e1dzkovate\u013eom.<\/p>\n\n\n\n<p>Va\u0161e osobn\u00e9 \u00fadaje pou\u017eijeme aj na vyhodnotenie va\u0161ej spokojnosti s na\u0161imi slu\u017ebami na z\u00e1klade pr\u00e1vneho titulu opr\u00e1vnen\u00e9ho z\u00e1ujmu prev\u00e1dzkovate\u013ea.<\/p>\n\n\n\n<p>Z na\u0161ej strany nedoch\u00e1dza k automatizovan\u00e9mu individu\u00e1lnemu rozhodovaniu vr\u00e1tane profilovania pod\u013ea \u010dl\u00e1nku 22 nariadenia.\u00a0<\/p>\n\n\n\n<h2 class=\"wp-block-heading\">Doba uchov\u00e1vania \/ spracovanie osobn\u00fdch \u00fadajov:<\/h2>\n\n\n\n<p>Va\u0161e osobn\u00e9 \u00fadaje bud\u00fa sprac\u00favan\u00e9 po dobu trvania \u00fa\u010dinkov pr\u00e1v a povinnost\u00ed vypl\u00fdvaj\u00facich zo zmluvy a po dobu nevyhnutn\u00fa na \u00fa\u010dely archiv\u00e1cie v s\u00falade s pr\u00edslu\u0161n\u00fdmi v\u0161eobecne z\u00e1v\u00e4zn\u00fdmi pr\u00e1vnymi predpismi, najdlh\u0161ie v\u0161ak po dobu stanoven\u00fa v\u0161eobecne z\u00e1v\u00e4zn\u00fdmi pr\u00e1vnymi predpismi..<\/p>\n\n\n\n<h2 class=\"wp-block-heading\">Rozsah spracovania osobn\u00fdch \u00fadajov:<\/h2>\n\n\n\n<p>Sprac\u00favame len \u00fadaje, ktor\u00e9 s\u00fa nevyhnutne potrebn\u00e9 na plnenie zmluvy &#8211; meno, priezvisko, adresu, e-mail a telef\u00f3nne \u010d\u00edslo.<\/p>\n\n\n\n<p>V pr\u00edpade potreby v\u00e1s po\u017eiadame o \u010d\u00edslo \u00fa\u010dtu, na ktor\u00fd v\u00e1m vr\u00e1time finan\u010dn\u00e9 prostriedky.<\/p>\n\n\n\n<h2 class=\"wp-block-heading\">\u010eal\u0161\u00ed pr\u00edjemcovia osobn\u00fdch \u00fadajov:&nbsp;<\/h2>\n\n\n\n<p>Va\u0161e osobn\u00e9 \u00fadaje m\u00f4\u017eu sprac\u00fava\u0165 aj tretie strany. Teda spolo\u010dnosti, ktor\u00e9 n\u00e1m poskytuj\u00fa dopravn\u00e9, finan\u010dn\u00e9 alebo softv\u00e9rov\u00e9 slu\u017eby. V\u0161etko na z\u00e1klade zmluvy medzi nami a vami.<\/p>\n\n\n\n<p><strong>Tieto spolo\u010dnosti s\u00fa:<\/strong><\/p>\n\n\n\n<ul class=\"wp-block-list\"><li>GoPay s.r.o. (finan\u010dn\u00e9 slu\u017eby) ID 26046768<\/li><li>Smartsupp.com s.r.o. (on-line komunik\u00e1cia &#8211; chat) I\u010cO 03668681\u00a0<\/li><li>Heur\u00e9ka Shopping s.r.o. (slu\u017eba Overen\u00e9 z\u00e1kazn\u00edkmi) &#8211; I\u010cO 02387727<\/li><li>Seznam.cz, a. s. (hodnotenie pou\u017e\u00edvate\u013eov obchodov) &#8211; ID 26168685<em>\u00a0<\/em><\/li><\/ul>\n\n\n\n<p><em>&#8222;<\/em><em>Va\u0161u spokojnos\u0165 s n\u00e1kupom zis\u0165ujeme prostredn\u00edctvom e-mailov\u00fdch dotazn\u00edkov v r\u00e1mci programu Overen\u00e9 z\u00e1kazn\u00edkmi (Heur\u00e9ka.cz) a Recenzie (Zbo\u017e\u00ed.cz), do ktor\u00e9ho je n\u00e1\u0161 e-shop zapojen\u00fd. Tie s\u00fa v\u00e1m zasielan\u00e9 pri ka\u017edom n\u00e1kupe u n\u00e1s, pokia\u013e ich neodmietnete dost\u00e1va\u0165 v s\u00falade s \u00a7 7 ods. 3 z\u00e1kona \u010d. 480\/2004 Z. z. o niektor\u00fdch slu\u017eb\u00e1ch informa\u010dnej spolo\u010dnosti. Spracovanie osobn\u00fdch \u00fadajov na \u00fa\u010dely zasielania dotazn\u00edkov v r\u00e1mci programu Overen\u00e9 z\u00e1kazn\u00edkmi sa vykon\u00e1va na z\u00e1klade n\u00e1\u0161ho opr\u00e1vnen\u00e9ho z\u00e1ujmu, ktor\u00fd spo\u010d\u00edva v zis\u0165ovan\u00ed va\u0161ej spokojnosti s n\u00e1kupom u n\u00e1s. Na zasielanie dotazn\u00edkov, vyhodnocovanie va\u0161ej sp\u00e4tnej v\u00e4zby a anal\u00fdzu n\u00e1\u0161ho postavenia na trhu vyu\u017e\u00edvame spracovate\u013ea, ktor\u00fd je prev\u00e1dzkovate\u013eom port\u00e1lov Heureka.cz a Zbo\u017e\u00ed.cz; na tieto \u00fa\u010dely mu m\u00f4\u017eeme odovzda\u0165 inform\u00e1cie o vami zak\u00fapenom tovare a va\u0161u e-mailov\u00fa adresu. Pri zasielan\u00ed e-mailov\u00fdch dotazn\u00edkov sa va\u0161e osobn\u00e9 \u00fadaje neposkytuj\u00fa \u017eiadnej tretej strane na jej vlastn\u00e9 \u00fa\u010dely. Proti zasielaniu e-mailov\u00fdch dotazn\u00edkov v r\u00e1mci programu Overen\u00e9 z\u00e1kazn\u00edkmi a Hodnotenie m\u00f4\u017eete kedyko\u013evek namieta\u0165 tak, \u017ee v poslednom kroku objedn\u00e1vky odmietnete zaslanie dotazn\u00edka a tie\u017e pomocou odkazu v e-maile s dotazn\u00edkom. Ak m\u00e1te n\u00e1mietky, dotazn\u00edk v\u00e1m u\u017e nepo\u0161leme<\/em><em>.&#8220;<\/em><\/p>\n\n\n\n<p>Va\u0161e osobn\u00e9 \u00fadaje nie s\u00fa a nebud\u00fa pren\u00e1\u0161an\u00e9 do tretej krajiny (do krajiny mimo E\u00da) alebo inej medzin\u00e1rodnej organiz\u00e1ci.<\/p>\n\n\n\n<p>S\u00fabory cookie pou\u017e\u00edvame na zlep\u0161enie kvality na\u0161ich slu\u017eieb, prisp\u00f4sobenie na\u0161ej ponuky, zhroma\u017e\u010fovanie anonymn\u00fdch \u00fadajov a na analytick\u00e9 \u00fa\u010dely. Spracovanie s\u00faborov cookie mo\u017eno pova\u017eova\u0165 za spracovanie osobn\u00fdch \u00fadajov. Tak\u00e9to sprac\u00favanie je mo\u017en\u00e9 na z\u00e1klade legit\u00edmneho d\u00f4vodu &#8211; opr\u00e1vnen\u00e9ho z\u00e1ujmu Prev\u00e1dzkovate\u013ea a je povolen\u00e9 \u010dl\u00e1nkom 6 ods. 1 p\u00edsm. f) nariadenia Eur\u00f3pskeho parlamentu a Rady (E\u00da) 2016\/679 o ochrane fyzick\u00fdch os\u00f4b pri sprac\u00favan\u00ed osobn\u00fdch \u00fadajov a o vo\u013enom pohybe tak\u00fdchto \u00fadajov, ktor\u00fdm sa zru\u0161uje smernica 95\/46\/ES (v\u0161eobecn\u00e9 nariadenie o ochrane \u00fadajov) (predt\u00fdm ozna\u010dovan\u00e9 aj ako &#8222;Nariadenie&#8220;).<\/p>\n\n\n\n<p>Pou\u017e\u00edvan\u00edm n\u00e1\u0161ho e-shopu s\u00fahlas\u00edte s pou\u017e\u00edvan\u00edm tejto technol\u00f3gie..<\/p>\n\n\n\n<h2 class=\"wp-block-heading\">Pr\u00e1va dotknutej osoby &#8211; va\u0161e pr\u00e1va:<\/h2>\n\n\n\n<p>Pod\u013ea z\u00e1kona m\u00e1te pr\u00e1vo na pr\u00edstup k svojim osobn\u00fdm \u00fadajom, pr\u00e1vo na opravu alebo vymazanie &#8211; alebo obmedzenie spracovania, pr\u00e1vo namieta\u0165 proti spracovaniu va\u0161ich osobn\u00fdch \u00fadajov a pr\u00e1vo na prenosnos\u0165 \u00fadajov..<\/p>\n\n\n\n<h2 class=\"wp-block-heading\">Pr\u00e1vo na pr\u00edstup k osobn\u00fdm \u00fadajom<\/h2>\n\n\n\n<p>M\u00e1te pr\u00e1vo po\u017eadova\u0165 od prev\u00e1dzkovate\u013ea inform\u00e1cie o \u00fa\u010dele sprac\u00favania osobn\u00fdch \u00fadajov, kateg\u00f3rii, rozsahu a v\u0161etky dostupn\u00e9 inform\u00e1cie o zdroji a pl\u00e1novanom trvan\u00ed sprac\u00favania.<\/p>\n\n\n\n<p>Pr\u00e1vo na opravu alebo vymazanie<\/p>\n\n\n\n<p>Prev\u00e1dzkovate\u013e je povinn\u00fd bez zbyto\u010dn\u00e9ho odkladu opravi\u0165 nepresn\u00e9 osobn\u00e9 \u00fadaje; m\u00e1te pr\u00e1vo na doplnenie ne\u00fapln\u00fdch osobn\u00fdch \u00fadajov. M\u00e1te pr\u00e1vo po\u017eiada\u0165 o vymazanie osobn\u00fdch \u00fadajov, ak je dan\u00fd jeden z nasleduj\u00facich d\u00f4vodov:<\/p>\n\n\n\n<ul class=\"wp-block-list\"><li>osobn\u00e9 \u00fadaje u\u017e nie s\u00fa potrebn\u00e9 na \u00fa\u010dely, na ktor\u00e9 boli zhroma\u017eden\u00e9 alebo inak spracovan\u00e9;<\/li><li>dotknut\u00e1 osoba odvol\u00e1 s\u00fahlas, na z\u00e1klade ktor\u00e9ho boli osobn\u00e9 \u00fadaje sprac\u00favan\u00e9, a neexistuje \u017eiadny \u010fal\u0161\u00ed pr\u00e1vny z\u00e1klad pre sprac\u00favanie;<\/li><li>dotknut\u00e1 osoba namieta proti sprac\u00favaniu osobn\u00fdch \u00fadajov na \u00fa\u010dely priameho marketingu;<\/li><li>osobn\u00e9 \u00fadaje boli spracovan\u00e9 nez\u00e1konne;<\/li><li>osobn\u00e9 \u00fadaje musia by\u0165 vymazan\u00e9, aby sa splnila pr\u00e1vna povinnos\u0165 pod\u013ea pr\u00e1vnych predpisov Eur\u00f3pskej \u00fanie alebo \u010ceskej republiky;<\/li><li>osobn\u00e9 \u00fadaje boli zhroma\u017eden\u00e9 v s\u00favislosti s ponukou slu\u017eieb informa\u010dnej spolo\u010dnosti na z\u00e1klade s\u00fahlasu die\u0165a\u0165a..<\/li><\/ul>\n\n\n\n<h2 class=\"wp-block-heading\">Pr\u00e1vo na obmedzenie spracovania<\/h2>\n\n\n\n<p>M\u00e1te pr\u00e1vo po\u017eiada\u0165 spr\u00e1vcu o obmedzenie spracovania v nasleduj\u00facich pr\u00edpadoch:<\/p>\n\n\n\n<ul class=\"wp-block-list\"><li>dotknut\u00e1 osoba popiera presnos\u0165 osobn\u00fdch \u00fadajov na dobu potrebn\u00fa na overenie presnosti osobn\u00fdch \u00fadajov zo strany prev\u00e1dzkovate\u013ea;<\/li><li>sprac\u00favanie je nez\u00e1konn\u00e9 a dotknut\u00e1 osoba odmietne vymazanie osobn\u00fdch \u00fadajov a namiesto toho po\u017eiada o obmedzenie ich pou\u017e\u00edvania;<\/li><li>Prev\u00e1dzkovate\u013e u\u017e nepotrebuje osobn\u00e9 \u00fadaje na \u00fa\u010dely spracovania, ale dotknut\u00e1 osoba ich potrebuje na preukazovanie, uplat\u0148ovanie alebo obhajovanie pr\u00e1vnych n\u00e1rokov..<\/li><\/ul>\n\n\n\n<h2 class=\"wp-block-heading\">Pr\u00e1vo vznies\u0165 n\u00e1mietku<\/h2>\n\n\n\n<p>Toto pr\u00e1vo sa vz\u0165ahuje na va\u0161e osobn\u00e9 \u00fadaje, ktor\u00e9 sa sprac\u00favaj\u00fa na \u00fa\u010dely priameho marketingu. V takom pr\u00edpade m\u00e1te pr\u00e1vo odmietnu\u0165 pou\u017e\u00edvanie svojich osobn\u00fdch \u00fadajov.<\/p>\n\n\n\n<h2 class=\"wp-block-heading\">Pr\u00e1vo na prenosnos\u0165<\/h2>\n\n\n\n<p>M\u00e1te pr\u00e1vo z\u00edska\u0165 sp\u00e4\u0165 svoje osobn\u00e9 \u00fadaje, ktor\u00e9 ste poskytli prev\u00e1dzkovate\u013eovi, a prenies\u0165 ich in\u00e9mu prev\u00e1dzkovate\u013eovi, ak:<\/p>\n\n\n\n<ul class=\"wp-block-list\"><li>sprac\u00favanie je zalo\u017een\u00e9 na s\u00fahlase so sprac\u00favan\u00edm osobn\u00fdch \u00fadajov alebo na sprac\u00favan\u00ed osobn\u00fdch \u00fadajov na \u00fa\u010dely uzatvorenia a plnenia zmluvy s dotknutou osobou a<\/li><li>spracovanie sa vykon\u00e1va automatizovan\u00fdmi prostriedkami.<\/li><\/ul>\n\n\n\n<p>Ak sa domnievate, \u017ee spracovan\u00edm va\u0161ich osobn\u00fdch \u00fadajov bol alebo je poru\u0161en\u00fd z\u00e1kon, m\u00e1te okrem in\u00e9ho mo\u017enos\u0165 poda\u0165 s\u0165a\u017enos\u0165 dozorn\u00e9mu org\u00e1nu, ktor\u00fdm je \u00darad na ochranu osobn\u00fdch \u00fadajov.<\/p>\n\n\n\n<p>Nie ste povinn\u00ed poskytn\u00fa\u0165 n\u00e1m svoje osobn\u00e9 \u00fadaje.<\/p>\n\n\n\n<p>Poskytnutie t\u00fdchto \u00fadajov je v\u0161ak nevyhnutnou po\u017eiadavkou na uzavretie a plnenie zmluvy a bez ich poskytnutia nie je mo\u017en\u00e9 zmluvu uzavrie\u0165 a plni\u0165.<\/p>\n\n\n\n<p>Tieto podmienky nadob\u00fadaj\u00fa \u00fa\u010dinnos\u0165 25.5.2018.<\/p>\n","protected":false},"excerpt":{"rendered":"<p>Stru\u010dne povedan\u00e9&#8230; Oce\u0148ujeme va\u0161u vstr\u00edcnos\u0165 a s\u00fakromie. S osobn\u00fdmi \u00fadajmi, ktor\u00e9 od v\u00e1s z\u00edskame, neobchodujeme. Osobn\u00e9 \u00fadaje potrebujeme len na plnenie zmluvy &#8211; inform\u00e1cie o priebehu objedn\u00e1vky a komunik\u00e1ciu medzi nami.&nbsp; So spamom sa nepriatel\u00edme &#8211; naozaj by ste ho od n\u00e1s nemali o\u010dak\u00e1va\u0165. Nanajv\u00fd\u0161 sa v\u00e1s op\u00fdtame na va\u0161u spokojnos\u0165 s na\u0161imi slu\u017ebami, pr\u00edpadne [&hellip;]<\/p>\n","protected":false},"author":1,"featured_media":56,"parent":0,"menu_order":0,"comment_status":"closed","ping_status":"closed","template":"","meta":{"_acf_changed":false,"inline_featured_image":false,"_sitemap_exclude":false,"_sitemap_priority":"","_sitemap_frequency":"","footnotes":""},"class_list":["post-52","page","type-page","status-publish","has-post-thumbnail","hentry"],"acf":[],"_links":{"self":[{"href":"https:\/\/audioacademyeu.eu\/sk\/wp-json\/wp\/v2\/pages\/52","targetHints":{"allow":["GET"]}}],"collection":[{"href":"https:\/\/audioacademyeu.eu\/sk\/wp-json\/wp\/v2\/pages"}],"about":[{"href":"https:\/\/audioacademyeu.eu\/sk\/wp-json\/wp\/v2\/types\/page"}],"author":[{"embeddable":true,"href":"https:\/\/audioacademyeu.eu\/sk\/wp-json\/wp\/v2\/users\/1"}],"replies":[{"embeddable":true,"href":"https:\/\/audioacademyeu.eu\/sk\/wp-json\/wp\/v2\/comments?post=52"}],"version-history":[{"count":2,"href":"https:\/\/audioacademyeu.eu\/sk\/wp-json\/wp\/v2\/pages\/52\/revisions"}],"predecessor-version":[{"id":58,"href":"https:\/\/audioacademyeu.eu\/sk\/wp-json\/wp\/v2\/pages\/52\/revisions\/58"}],"wp:featuredmedia":[{"embeddable":true,"href":"https:\/\/audioacademyeu.eu\/sk\/wp-json\/wp\/v2\/media\/56"}],"wp:attachment":[{"href":"https:\/\/audioacademyeu.eu\/sk\/wp-json\/wp\/v2\/media?parent=52"}],"curies":[{"name":"wp","href":"https:\/\/api.w.org\/{rel}","templated":true}]}}