
{"id":1163,"date":"2025-06-18T22:52:40","date_gmt":"2025-06-18T20:52:40","guid":{"rendered":"https:\/\/audioacademyeu.eu\/sk\/?page_id=1163"},"modified":"2025-09-30T19:10:42","modified_gmt":"2025-09-30T17:10:42","slug":"go-interactive","status":"publish","type":"page","link":"https:\/\/audioacademyeu.eu\/sk\/go-interactive\/","title":{"rendered":"GO Interactive"},"content":{"rendered":"\n<p class=\"has-text-align-center\">Vzdel\u00e1vacie prostredie Interactive je teraz dostupn\u00e9 v\u0161etk\u00fdm, ktor\u00ed si zak\u00fapili jeden z na\u0161ich kurzov. Ak ste kurz k\u00fapili na t\u00fdchto str\u00e1nkach, kliknite pros\u00edm na tla\u010didlo \u201eK\u00fapen\u00e9 tu\u201c. Ak ste kurz k\u00fapili u niektor\u00e9ho z na\u0161ich partnerov, kliknite pros\u00edm na tla\u010didlo vpravo \u2013 \u201eK\u00fapen\u00e9 u partnera\u201c.<\/p>\n\n\n\n<p class=\"has-text-align-center\"><\/p>\n\n\n\n<div class=\"wp-block-columns is-layout-flex wp-container-core-columns-is-layout-28f84493 wp-block-columns-is-layout-flex\">\n<div class=\"wp-block-column is-layout-flow wp-block-column-is-layout-flow\">\n<div class=\"wp-block-buttons is-content-justification-center is-layout-flex wp-container-core-buttons-is-layout-a89b3969 wp-block-buttons-is-layout-flex\" id=\"interactive-redirect\">\n<div class=\"wp-block-button\"><a class=\"wp-block-button__link has-black-color has-vivid-green-cyan-background-color has-text-color has-background has-link-color wp-element-button\">K\u00fapen\u00e9 tu<\/a><\/div>\n<\/div>\n\n\n\n<p class=\"has-text-align-center\">Kliknut\u00edm na tla\u010didlo budete presmerovan\u00ed na str\u00e1nku v\u00e1\u0161ho \u00fa\u010dtu. Ak ste prihl\u00e1sen\u00fd, sta\u010d\u00ed klikn\u00fa\u0165 na logo Interactive a kurz m\u00e1te ihne\u010f bez op\u00e4tovn\u00e9ho prihl\u00e1senia k dispoz\u00edcii. Ak nie ste prihl\u00e1sen\u00fd, pros\u00edm prihl\u00e1ste sa.<\/p>\n\n\n\n<p class=\"has-text-align-center\">Na str\u00e1nku Interactive sa m\u00f4\u017eete preklikn\u00fa\u0165 priamo; prihlasovacie meno a heslo s\u00fa rovnak\u00e9 ako do v\u00e1\u0161ho \u00fa\u010dtu tu.&nbsp;<\/p>\n<\/div>\n\n\n\n<div class=\"wp-block-column is-layout-flow wp-block-column-is-layout-flow\">\n<div class=\"wp-block-buttons is-content-justification-center is-layout-flex wp-container-core-buttons-is-layout-a89b3969 wp-block-buttons-is-layout-flex\">\n<div class=\"wp-block-button\"><a class=\"wp-block-button__link has-luminous-vivid-orange-background-color has-background wp-element-button\" href=\"https:\/\/audioacademyeu.eu\/sk\/registracia-u-partnera\/\">K\u00fapen\u00e9 u partnera<\/a><\/div>\n<\/div>\n\n\n\n<p class=\"has-text-align-center\">Kliknut\u00edm na tla\u010didlo budete presmerovan\u00ed na registra\u010dn\u00fa str\u00e1nku. Bude potrebn\u00e9 si na t\u00fdchto str\u00e1nkach vytvori\u0165 \u00fa\u010det.<br>Na registr\u00e1ciu potrebujeme iba va\u0161e meno a priezvisko, e-mail a n\u00e1zov kurzu, ktor\u00fd ste si zak\u00fapili.<\/p>\n\n\n\n<p class=\"has-text-align-center\"><\/p>\n<\/div>\n<\/div>\n\n\n\n<p><a role=\"button\"><br><\/a><\/p>\n\n\n\n<p class=\"has-text-align-center\"><\/p>\n\n\n\n<figure class=\"wp-block-embed is-type-video is-provider-youtube wp-block-embed-youtube wp-embed-aspect-16-9 wp-has-aspect-ratio\"><div class=\"wp-block-embed__wrapper\">\n<div class=\"video-container\"><iframe title=\"Audioacademy Interactive\" width=\"1170\" height=\"658\" src=\"https:\/\/www.youtube.com\/embed\/qmjAciT9Ru4?feature=oembed\" frameborder=\"0\" allow=\"accelerometer; autoplay; clipboard-write; encrypted-media; gyroscope; picture-in-picture; web-share\" referrerpolicy=\"strict-origin-when-cross-origin\" allowfullscreen><\/iframe><\/div>\n<\/div><\/figure>\n\n\n\n<p><\/p>\n","protected":false},"excerpt":{"rendered":"<p>Vzdel\u00e1vacie prostredie Interactive je teraz dostupn\u00e9 v\u0161etk\u00fdm, ktor\u00ed si zak\u00fapili jeden z na\u0161ich kurzov. Ak ste kurz k\u00fapili na t\u00fdchto str\u00e1nkach, kliknite pros\u00edm na tla\u010didlo \u201eK\u00fapen\u00e9 tu\u201c. Ak ste kurz k\u00fapili u niektor\u00e9ho z na\u0161ich partnerov, kliknite pros\u00edm na tla\u010didlo vpravo \u2013 \u201eK\u00fapen\u00e9 u partnera\u201c. Kliknut\u00edm na tla\u010didlo budete presmerovan\u00ed na str\u00e1nku v\u00e1\u0161ho \u00fa\u010dtu. Ak [&hellip;]<\/p>\n","protected":false},"author":1976,"featured_media":0,"parent":0,"menu_order":0,"comment_status":"closed","ping_status":"closed","template":"","meta":{"_acf_changed":false,"inline_featured_image":false,"_sitemap_exclude":false,"_sitemap_priority":"","_sitemap_frequency":"","footnotes":""},"class_list":["post-1163","page","type-page","status-publish","hentry"],"acf":[],"_links":{"self":[{"href":"https:\/\/audioacademyeu.eu\/sk\/wp-json\/wp\/v2\/pages\/1163","targetHints":{"allow":["GET"]}}],"collection":[{"href":"https:\/\/audioacademyeu.eu\/sk\/wp-json\/wp\/v2\/pages"}],"about":[{"href":"https:\/\/audioacademyeu.eu\/sk\/wp-json\/wp\/v2\/types\/page"}],"author":[{"embeddable":true,"href":"https:\/\/audioacademyeu.eu\/sk\/wp-json\/wp\/v2\/users\/1976"}],"replies":[{"embeddable":true,"href":"https:\/\/audioacademyeu.eu\/sk\/wp-json\/wp\/v2\/comments?post=1163"}],"version-history":[{"count":4,"href":"https:\/\/audioacademyeu.eu\/sk\/wp-json\/wp\/v2\/pages\/1163\/revisions"}],"predecessor-version":[{"id":1245,"href":"https:\/\/audioacademyeu.eu\/sk\/wp-json\/wp\/v2\/pages\/1163\/revisions\/1245"}],"wp:attachment":[{"href":"https:\/\/audioacademyeu.eu\/sk\/wp-json\/wp\/v2\/media?parent=1163"}],"curies":[{"name":"wp","href":"https:\/\/api.w.org\/{rel}","templated":true}]}}