
{"id":990,"date":"2019-08-27T22:12:58","date_gmt":"2019-08-27T20:12:58","guid":{"rendered":"https:\/\/audioacademyeu.pl\/?post_type=product&#038;p=990"},"modified":"2024-07-31T20:15:29","modified_gmt":"2024-07-31T18:15:29","slug":"niemiecki-slowka-dla-poczatkujacych-a1-a2","status":"publish","type":"product","link":"https:\/\/audioacademyeu.eu\/pl\/item\/niemiecki-slowka-dla-poczatkujacych-a1-a2\/","title":{"rendered":"Niemiecki \u2013 s\u0142\u00f3wka dla pocz\u0105tkuj\u0105cych A1, A2"},"content":{"rendered":"<p>Kurs Niemiecki dla pocz\u0105tkuj\u0105cych A1-A2 przeznaczony jest dla os\u00f3b ca\u0142kowicie i fa\u0142szywie pocz\u0105tkuj\u0105cych, wi\u0119c je\u015bli uczysz si\u0119 niemieckiego od jakiego\u015b czasu i chcesz podszlifowa\u0107 podstawy, to jest to kurs dla Ciebie.<\/p>\n<p>Kurs oparty jest na nauce kontekstowej, co oznacza, \u017ce poznasz nie tylko s\u0142\u00f3wka, ale tak\u017ce zdania, w\u00a0kt\u00f3rych mo\u017cesz ich u\u017cy\u0107. W tym kursie znajdziesz \u0142\u0105cznie 2500 s\u0142\u00f3wek i zda\u0144 \u0107wiczeniowych.<\/p>\n<p>Poszczeg\u00f3lne lekcje podzielone s\u0105 tematycznie, ka\u017cda zawiera inn\u0105 liczb\u0119 s\u0142\u00f3w i zda\u0144. Poziom A1, A2 to poziom pocz\u0105tkuj\u0105cy, wi\u0119c wi\u0119kszo\u015b\u0107 miejsca po\u015bwi\u0119cona jest tematom takim jak podstawy, podr\u00f3\u017ce, wypoczynek, rodzina, kt\u00f3rych s\u0142ownictwo i utrwalone zwroty pomog\u0105 Ci w uzyskaniu podstawowej wiedzy na temat podr\u00f3\u017cy i og\u00f3lnej komunikacji z osobami angielskoj\u0119zycznymi.<\/p>\n<p>Jaki jest najlepszy spos\u00f3b pracy z kursem? Wybierz lekcj\u0119, od kt\u00f3rej chcesz zacz\u0105\u0107. Ka\u017cda lekcja zawiera sze\u015b\u0107 \u015bcie\u017cek d\u017awi\u0119kowych. Najpierw, w ka\u017cdej lekcji, zapoznaj si\u0119 z samym s\u0142ownictwem (\u015bcie\u017cki 1 i 2). Aby lepiej zapami\u0119ta\u0107 dane s\u0142owo, wys\u0142uchasz go dwukrotnie. Nast\u0119pnie masz s\u0142owo ze s\u0142ownictwa, po kt\u00f3rym nast\u0119puje przyk\u0142adowe zdanie, ponownie w obu opcjach t\u0142umaczenia (\u015bcie\u017cka 3 i 4). Nast\u0119pnie przechodzisz do pe\u0142nych zda\u0144 (\u015bcie\u017cki 5 i 6). W \u015bcie\u017cce 5 us\u0142yszysz zdanie w j\u0119zyku niemieckim ponownie dwukrotnie. Uda Ci si\u0119 osi\u0105gn\u0105\u0107 cel kursu, gdy opanujesz t\u0142umaczenie zda\u0144 z j\u0119zyka polskiego na niemiecki (lekcja 6) w luce czasowej przed t\u0142umaczeniem na niemiecki. Same s\u0142owa pomog\u0105 Ci tylko w zrozumieniu znaczenia, ale u\u017cywanie opanowanych pe\u0142nych zda\u0144 pomo\u017ce Ci porozumie\u0107 si\u0119 znacznie lepiej.<\/p>\n<p>Kurz ten ma do dyspozycii skrypty, kt\u00f3re mo\u017cesz pobra\u0107 za darmo i kt\u00f3re znacznie usprawnia Twoja twoj\u0105 prac\u0119 z kursem. W skryptach znajdziesz przewodnik po nauce z przydatnymi wskaz\u00f3wkami, jak uczyni\u0107 nauk\u0119 bardziej efektywn\u0105, plan nauki, aby zapisa\u0107 swoje post\u0119py, list\u0119 \u015bcie\u017cek do s\u0142uchania (na wypadek, gdyby\u015b czego\u015b nie rozumia\u0142) oraz dwustronne fiszki (flashcards), dzi\u0119ki kt\u00f3rym mo\u017cesz uczy\u0107 si\u0119 i przegl\u0105da\u0107 je nawet wtedy, gdy nie mo\u017cesz s\u0142ucha\u0107 mp3. Dla tych, kt\u00f3rzy lubi\u0105 si\u0119 sprawdza\u0107, w ka\u017cdej lekcji znajduje si\u0119 test t\u0142umaczeniowy z kluczem zawieraj\u0105cym poprawne odpowiedzi.<\/p>\n<ul>\n<li>Lekcja 01_Mieszkanie<\/li>\n<li>Lekcja 02_Podr\u00f3\u017ce<\/li>\n<li>Lekcja 03_Czas<\/li>\n<li>Lekcja 04_Liczby<\/li>\n<li>Lekcja 05_Hotel_Restauracja<\/li>\n<li>Lekcja 06_Jedzenie<\/li>\n<li>Lekcja 07_Komunikacja_01<\/li>\n<li>Lekcja 08_Komunikacja_02<\/li>\n<li>Lekcja 09_Miasto<\/li>\n<li>Lekcja 10_Zakupy<\/li>\n<li>Lekcja 11_Pozdrowienia<\/li>\n<li>Lekcja 12_Praca_01<\/li>\n<li>Lekcja 13_Praca_02<\/li>\n<li>Lekcja 14_Przyroda<\/li>\n<li>Lekcja 15_Rodzina<\/li>\n<li>Lekcja 16_Spo\u0142ecze\u0144stwo<\/li>\n<li>Lekcja 17_W\u0142a\u015bciwo\u015bci<\/li>\n<li>Lekcja 18_Czas wolny<\/li>\n<li>Lekcja 19_Podstawy<\/li>\n<\/ul>\n","protected":false},"excerpt":{"rendered":"<p>Kurs Niemiecki dla pocz\u0105tkuj\u0105cych A1-A2 przeznaczony jest dla os\u00f3b ca\u0142kowicie i fa\u0142szywie pocz\u0105tkuj\u0105cych, wi\u0119c je\u015bli uczysz si\u0119 niemieckiego od jakiego\u015b czasu i chcesz podszlifowa\u0107 podstawy, to jest to kurs dla Ciebie.<\/p>\n","protected":false},"featured_media":1686,"comment_status":"open","ping_status":"closed","template":"","meta":{"_acf_changed":false,"inline_featured_image":false,"_sitemap_exclude":false,"_sitemap_priority":"","_sitemap_frequency":""},"product_brand":[],"product_cat":[60,23],"product_tag":[],"class_list":{"0":"post-990","1":"product","2":"type-product","3":"status-publish","4":"has-post-thumbnail","6":"product_cat-ogolny-niemiecki","7":"product_cat-niemiecki","9":"first","10":"instock","11":"downloadable","12":"virtual","13":"purchasable","14":"product-type-simple"},"acf":[],"_links":{"self":[{"href":"https:\/\/audioacademyeu.eu\/pl\/wp-json\/wp\/v2\/product\/990","targetHints":{"allow":["GET"]}}],"collection":[{"href":"https:\/\/audioacademyeu.eu\/pl\/wp-json\/wp\/v2\/product"}],"about":[{"href":"https:\/\/audioacademyeu.eu\/pl\/wp-json\/wp\/v2\/types\/product"}],"replies":[{"embeddable":true,"href":"https:\/\/audioacademyeu.eu\/pl\/wp-json\/wp\/v2\/comments?post=990"}],"wp:featuredmedia":[{"embeddable":true,"href":"https:\/\/audioacademyeu.eu\/pl\/wp-json\/wp\/v2\/media\/1686"}],"wp:attachment":[{"href":"https:\/\/audioacademyeu.eu\/pl\/wp-json\/wp\/v2\/media?parent=990"}],"wp:term":[{"taxonomy":"product_brand","embeddable":true,"href":"https:\/\/audioacademyeu.eu\/pl\/wp-json\/wp\/v2\/product_brand?post=990"},{"taxonomy":"product_cat","embeddable":true,"href":"https:\/\/audioacademyeu.eu\/pl\/wp-json\/wp\/v2\/product_cat?post=990"},{"taxonomy":"product_tag","embeddable":true,"href":"https:\/\/audioacademyeu.eu\/pl\/wp-json\/wp\/v2\/product_tag?post=990"}],"curies":[{"name":"wp","href":"https:\/\/api.w.org\/{rel}","templated":true}]}}