
{"id":971,"date":"2019-08-27T21:08:06","date_gmt":"2019-08-27T19:08:06","guid":{"rendered":"https:\/\/audioacademyeu.pl\/?post_type=product&#038;p=971"},"modified":"2022-10-29T20:58:33","modified_gmt":"2022-10-29T18:58:33","slug":"gramatyka-angielska-a1-a2","status":"publish","type":"product","link":"https:\/\/audioacademyeu.eu\/pl\/item\/gramatyka-angielska-a1-a2\/","title":{"rendered":"Gramatyka angielska A1\/A2"},"content":{"rendered":"<p>Masz przed sob\u0105 kurs Gramatyka angielska na poziomie A1, A2 dla pocz\u0105tkuj\u0105cych i lekko zaawansowanych. Zawarto\u015b\u0107 kursu jest dostosowana do osoby, kt\u00f3ra nigdy nie uczy\u0142a si\u0119 angielskiego lub takiej, kt\u00f3ra opanowa\u0142a minimum.<\/p>\n<p>Kurs powsta\u0142 w oparciu o nauczanie kontekstowe, co oznacza, \u017ce nie b\u0119dziesz uczy\u0142 si\u0119 tylko s\u0142\u00f3wek, ale r\u00f3wnie\u017c i zda\u0144, w kt\u00f3rych mo\u017cna zastosowa\u0107 dane s\u0142ownictwo. W tym kursie znajdziesz ponad 1700 s\u0142\u00f3wek i \u0107wicze\u0144 sprawdzaj\u0105cych.<\/p>\n<p>Poszczeg\u00f3lne lekcje gramatyki podzielone tematycznie zosta\u0142y u\u0142o\u017cone od naj\u0142atwiejszych po trudniejsze. W kursie tym zaznajomisz si\u0119 mi\u0119dzy innymi z liczebnikami, czasownikiem by\u0107, podstawowymi przyimkami, z czasem tera\u017aniejszym, zaimkami, przymiotnikami i przys\u0142\u00f3wkami, okre\u015blaniem ilo\u015bci, wst\u0119pem do czasu przesz\u0142ego.<\/p>\n<p>Jak najlepiej korzysta\u0107 z kursu? Wybierz sobie lekcj\u0119, od kt\u00f3rej chcesz rozpocz\u0105\u0107. Ka\u017cda lekcja posiada 6 \u015bcie\u017cek d\u017awi\u0119kowych. W ka\u017cdej lekcji zapoznasz si\u0119 najpierw ze s\u0142\u00f3wkami (d\u017awi\u0119k 1. i 2.). Potem powt\u00f3rz kr\u00f3tko zasady gramatyczne danego tematu (d\u017awi\u0119k 3.). Nast\u0119pnie przejd\u017a do ca\u0142ych zda\u0144 (d\u017awi\u0119k 4. i 5.). Kiedy ju\u017c b\u0119dziesz potrafi\u0142 t\u0142umaczy\u0107 zdania z angielskiego do polskiego (d\u017awi\u0119k 5.) w trakcie przerwy przed polskim t\u0142umaczeniem, osi\u0105gn\u0105\u0142e\u015b wyznaczony cel.<\/p>\n<p>\u017beby\u015b przyzwyczai\u0142 si\u0119 do angielskiego tekstu m\u00f3wionego, ka\u017cda 6. \u015bcie\u017cka d\u017awi\u0119kowa posiada tylko zdania w j\u0119zyku angielskim. Po ca\u0142ym bloku \u0107wicze\u0144 powiniene\u015b je rozumie\u0107, je\u017celi tak nie b\u0119dzie, w tym skrypcie znajdziesz cz\u0119\u015b\u0107 tekstow\u0105.<\/p>\n<p>W ka\u017cdej cz\u0119\u015bci panuje taka zasada, \u017ce w momencie opanowania s\u0142uchania d\u017awi\u0119k\u00f3w z angielskiego do polskiego (lekcja 1, 4- \u0107wiczenia s\u0142uchajcie) przechodzisz do t\u0142umaczenia z polskiego do angielskiego (lekcja 2, 5 \u2013 \u0107wiczenia przet\u0142umacz).<\/p>\n<p>W ramach jednej lekcji nie trzeba korzysta\u0107 ze wszystkich d\u017awi\u0119k\u00f3w, mo\u017cesz po\u015bwi\u0119ci\u0107 uwag\u0119 na s\u0142uchanie tego, kt\u00f3ry najbardziej Ci odpowiada. Lecz radz\u0119, by w danej lekcji przynajmniej raz wys\u0142ucha\u0107 wszystkich \u015bcie\u017cek audio.<\/p>\n<p>W skrypcie znajdziesz spis do playlisty (je\u017celi czego\u015b nie zrozumiesz), fiszki obustronne, dzi\u0119ki kt\u00f3rym mo\u017cna si\u0119 uczy\u0107 i powtarza\u0107 nawet wtedy, kiedy nie mo\u017cna s\u0142ucha\u0107 d\u017awi\u0119k\u00f3w. A dla tych, kt\u00f3rzy ch\u0119tnie si\u0119 sprawdzaj\u0105, przygotowany jest test z ka\u017cdej lekcji z kluczem odpowiedzi.<\/p>\n<ul>\n<li>Lekcja 01 \u2013 liczebniki g\u0142\u00f3wne<\/li>\n<li>Lekcja 02_czasownik by\u0107<\/li>\n<li>Lekcja 03_zaimki<\/li>\n<li>Lekcja 04_liczebniki 100-niesko\u0144czono\u015b\u0107<\/li>\n<li>Lekcja 05_przyimki<\/li>\n<li>Lekcja 06_czas tera\u017aniejszy prosty<\/li>\n<li>Lekcja 07_tryb rozkazuj\u0105cy<\/li>\n<li>Lekcja 08_czas tera\u017aniejszy ci\u0105g\u0142y<\/li>\n<li>Lekcja 09_liczebniki porz\u0105dkowe<\/li>\n<li>Lekcja 10 -CAN<\/li>\n<li>Lekcja 10 -CAN<\/li>\n<li>Lekcja 11 -MAY, HAVE TO<\/li>\n<li>Lekcja 12 -zaimki nieokre\u015blone<\/li>\n<li>Lekcja 13 -there is, there are<\/li>\n<li>Lekcja 14 -ilo\u015b\u0107<\/li>\n<li>Lekcja 15 -LIKE<\/li>\n<li>Lekcja 16 -was,were<\/li>\n<li>Lekcja 17 -czas przesz\u0142y czasowniki regularne<\/li>\n<li>Lekcja 18. \u2013 Czas przesz\u0142y \u2013 czasowniki nieregularne<\/li>\n<li>Lekcja 19. \u2013 negacja oraz pytanie w czasie przesz\u0142ym<\/li>\n<li>Lekcja 20. \u2013 bezokolicznik z TO<\/li>\n<li>Lekcja 21. \u2013 przymiotniki, przys\u0142\u00f3wki i ich stopniowanie<\/li>\n<\/ul>\n","protected":false},"excerpt":{"rendered":"<p>Masz przed sob\u0105 kurs Gramatyka angielska na poziomie A1, A2 dla pocz\u0105tkuj\u0105cych i lekko zaawansowanych. Zawarto\u015b\u0107 kursu jest dostosowana do osoby, kt\u00f3ra nigdy nie uczy\u0142a si\u0119 angielskiego lub takiej, kt\u00f3ra opanowa\u0142a minimum.<\/p>\n","protected":false},"featured_media":1034,"comment_status":"open","ping_status":"closed","template":"","meta":{"_acf_changed":false,"inline_featured_image":false,"_sitemap_exclude":false,"_sitemap_priority":"","_sitemap_frequency":""},"product_brand":[],"product_cat":[63,29],"product_tag":[],"class_list":{"0":"post-971","1":"product","2":"type-product","3":"status-publish","4":"has-post-thumbnail","6":"product_cat-ogolny-angielski","7":"product_cat-angielski","9":"first","10":"instock","11":"downloadable","12":"virtual","13":"purchasable","14":"product-type-simple"},"acf":[],"_links":{"self":[{"href":"https:\/\/audioacademyeu.eu\/pl\/wp-json\/wp\/v2\/product\/971","targetHints":{"allow":["GET"]}}],"collection":[{"href":"https:\/\/audioacademyeu.eu\/pl\/wp-json\/wp\/v2\/product"}],"about":[{"href":"https:\/\/audioacademyeu.eu\/pl\/wp-json\/wp\/v2\/types\/product"}],"replies":[{"embeddable":true,"href":"https:\/\/audioacademyeu.eu\/pl\/wp-json\/wp\/v2\/comments?post=971"}],"wp:featuredmedia":[{"embeddable":true,"href":"https:\/\/audioacademyeu.eu\/pl\/wp-json\/wp\/v2\/media\/1034"}],"wp:attachment":[{"href":"https:\/\/audioacademyeu.eu\/pl\/wp-json\/wp\/v2\/media?parent=971"}],"wp:term":[{"taxonomy":"product_brand","embeddable":true,"href":"https:\/\/audioacademyeu.eu\/pl\/wp-json\/wp\/v2\/product_brand?post=971"},{"taxonomy":"product_cat","embeddable":true,"href":"https:\/\/audioacademyeu.eu\/pl\/wp-json\/wp\/v2\/product_cat?post=971"},{"taxonomy":"product_tag","embeddable":true,"href":"https:\/\/audioacademyeu.eu\/pl\/wp-json\/wp\/v2\/product_tag?post=971"}],"curies":[{"name":"wp","href":"https:\/\/api.w.org\/{rel}","templated":true}]}}