
{"id":966,"date":"2019-08-27T20:50:22","date_gmt":"2019-08-27T18:50:22","guid":{"rendered":"https:\/\/audioacademyeu.pl\/?post_type=product&#038;p=966"},"modified":"2022-10-29T20:58:44","modified_gmt":"2022-10-29T18:58:44","slug":"gramatika-angielska-b1","status":"publish","type":"product","link":"https:\/\/audioacademyeu.eu\/pl\/item\/gramatika-angielska-b1\/","title":{"rendered":"Gramatyka angielska B1"},"content":{"rendered":"<p>Masz przed sob\u0105 kurs audio Gramatyka angielska na poziomie B1 dla \u015brednio zaawansowanych. Za\u0142o\u017ceniem zawarto\u015bci kursu jest znajomo\u015b\u0107 angielskiego na poziomie A2 \u2013 powiniene\u015b absolwowa\u0107 nauk\u0119 angielskiego 1-2 lata i porozumiewa\u0107 si\u0119 na poziomie podstawowym.<\/p>\n<p>Kurs powsta\u0142 w oparciu o nauczanie kontekstowe, co oznacza, \u017ce nie b\u0119dziesz uczy\u0142 si\u0119 tylko s\u0142\u00f3wek, ale r\u00f3wnie\u017c i zda\u0144, w kt\u00f3rych mo\u017cna zastosowa\u0107 dane s\u0142ownictwo. W tym kursie znajdziesz ponad 1200 s\u0142\u00f3wek i \u0107wicze\u0144 sprawdzaj\u0105cych.<\/p>\n<p>Poszczeg\u00f3lne lekcje gramatyki podzielone tematycznie zosta\u0142y u\u0142o\u017cone od naj\u0142atwiejszych po trudniejsze.<\/p>\n<p>Jak najlepiej korzysta\u0107 z kursu? Wybierz sobie lekcj\u0119, od kt\u00f3rej chcesz rozpocz\u0105\u0107. Ka\u017cda lekcja posiada 6 \u015bcie\u017cek d\u017awi\u0119kowych. W ka\u017cdej lekcji zapoznasz si\u0119 najpierw ze s\u0142\u00f3wkami (d\u017awi\u0119k 1. i 2.). Potem powt\u00f3rz kr\u00f3tko zasady gramatyczne danego tematu (d\u017awi\u0119k 3.). Nast\u0119pnie przejd\u017a do ca\u0142ych zda\u0144 (d\u017awi\u0119k 4. i 5.). Kiedy ju\u017c b\u0119dziesz potrafi\u0142 t\u0142umaczy\u0107 zdania z angielskiego do polskiego (d\u017awi\u0119k 5.) w trakcie przerwy przed polskim t\u0142umaczeniem, osi\u0105gn\u0105\u0142e\u015b wyznaczony cel.<\/p>\n<p>\u017beby\u015b przyzwyczai\u0142 si\u0119 do angielskiego tekstu m\u00f3wionego, ka\u017cda 6. \u015bcie\u017cka d\u017awi\u0119kowa posiada tylko zdania w j\u0119zyku angielskim. Po ca\u0142ym bloku \u0107wicze\u0144 powiniene\u015b je rozumie\u0107, je\u017celi tak nie b\u0119dzie, w tym skrypcie znajdziesz cz\u0119\u015b\u0107 tekstow\u0105.<\/p>\n<p>W ka\u017cdej cz\u0119\u015bci panuje taka zasada, \u017ce w momencie opanowania s\u0142uchania d\u017awi\u0119k\u00f3w z angielskiego do polskiego (lekcja 1, 4- \u0107wiczenia s\u0142uchajcie) przechodzisz do t\u0142umaczenia z polskiego do angielskiego (lekcja 2, 5 \u2013 \u0107wiczenia przet\u0142umacz).<\/p>\n<p>W ramach jednej lekcji nie trzeba korzysta\u0107 ze wszystkich d\u017awi\u0119k\u00f3w, mo\u017cesz po\u015bwi\u0119ci\u0107 uwag\u0119 na s\u0142uchanie tego, kt\u00f3ry najbardziej Ci odpowiada. Lecz radz\u0119, by w danej lekcji przynajmniej raz wys\u0142ucha\u0107 wszystkich \u015bcie\u017cek audio.<\/p>\n<p>W skrypcie znajdziesz spis do playlisty (je\u017celi czego\u015b nie zrozumiesz), fiszki obustronne, dzi\u0119ki kt\u00f3rym mo\u017cna si\u0119 uczy\u0107 i powtarza\u0107 nawet wtedy, kiedy nie mo\u017cna s\u0142ucha\u0107 d\u017awi\u0119k\u00f3w. A dla tych, kt\u00f3rzy ch\u0119tnie si\u0119 sprawdzaj\u0105, przygotowany jest test z ka\u017cdej lekcji z kluczem odpowiedzi.<\/p>\n<ul>\n<li>Lekcja 01.-podsumowanie czasu tera\u017aniejszego<\/li>\n<li>Lekcja 02.-przyimki zaawansowane<\/li>\n<li>Lekcja 03-czas przysz\u0142y<\/li>\n<li>Lekcja 04.-zaimki nieokre\u015blone<\/li>\n<li>Lekcja 05.-there is_there are<\/li>\n<li>Lekcja 06. -czasownik LET<\/li>\n<li>Lekcja 07.-czas_przesz\u0142y<\/li>\n<li>Lekcja 08. -czas tera\u017aniejszy dokonany<\/li>\n<li>Lekcja 09. -tryb przypuszczaj\u0105cy<\/li>\n<li>Lekcja 10. -strona bierna<\/li>\n<li>Lekcja 11. -przymiotniki<\/li>\n<li>Lekcja 12. &#8211; przyimek na konc_bezokolicznik_ing<\/li>\n<\/ul>\n","protected":false},"excerpt":{"rendered":"<p>Masz przed sob\u0105 kurs audio Gramatyka angielska na poziomie B1 dla \u015brednio zaawansowanych. Za\u0142o\u017ceniem zawarto\u015bci kursu jest znajomo\u015b\u0107 angielskiego na poziomie A2 \u2013 powiniene\u015b absolwowa\u0107 nauk\u0119 angielskiego 1-2 lata i porozumiewa\u0107 si\u0119 na poziomie podstawowym.<\/p>\n","protected":false},"featured_media":1033,"comment_status":"open","ping_status":"closed","template":"","meta":{"_acf_changed":false,"inline_featured_image":false,"_sitemap_exclude":false,"_sitemap_priority":"","_sitemap_frequency":""},"product_brand":[],"product_cat":[63,29],"product_tag":[],"class_list":{"0":"post-966","1":"product","2":"type-product","3":"status-publish","4":"has-post-thumbnail","6":"product_cat-ogolny-angielski","7":"product_cat-angielski","9":"first","10":"instock","11":"downloadable","12":"virtual","13":"purchasable","14":"product-type-simple"},"acf":[],"_links":{"self":[{"href":"https:\/\/audioacademyeu.eu\/pl\/wp-json\/wp\/v2\/product\/966","targetHints":{"allow":["GET"]}}],"collection":[{"href":"https:\/\/audioacademyeu.eu\/pl\/wp-json\/wp\/v2\/product"}],"about":[{"href":"https:\/\/audioacademyeu.eu\/pl\/wp-json\/wp\/v2\/types\/product"}],"replies":[{"embeddable":true,"href":"https:\/\/audioacademyeu.eu\/pl\/wp-json\/wp\/v2\/comments?post=966"}],"wp:featuredmedia":[{"embeddable":true,"href":"https:\/\/audioacademyeu.eu\/pl\/wp-json\/wp\/v2\/media\/1033"}],"wp:attachment":[{"href":"https:\/\/audioacademyeu.eu\/pl\/wp-json\/wp\/v2\/media?parent=966"}],"wp:term":[{"taxonomy":"product_brand","embeddable":true,"href":"https:\/\/audioacademyeu.eu\/pl\/wp-json\/wp\/v2\/product_brand?post=966"},{"taxonomy":"product_cat","embeddable":true,"href":"https:\/\/audioacademyeu.eu\/pl\/wp-json\/wp\/v2\/product_cat?post=966"},{"taxonomy":"product_tag","embeddable":true,"href":"https:\/\/audioacademyeu.eu\/pl\/wp-json\/wp\/v2\/product_tag?post=966"}],"curies":[{"name":"wp","href":"https:\/\/api.w.org\/{rel}","templated":true}]}}