
{"id":964,"date":"2019-08-27T20:39:30","date_gmt":"2019-08-27T18:39:30","guid":{"rendered":"https:\/\/audioacademyeu.pl\/?post_type=product&#038;p=964"},"modified":"2023-12-11T19:05:46","modified_gmt":"2023-12-11T18:05:46","slug":"angielski-techniczny","status":"publish","type":"product","link":"https:\/\/audioacademyeu.eu\/pl\/item\/angielski-techniczny\/","title":{"rendered":"Angielski techniczny"},"content":{"rendered":"<p>Masz przed sob\u0105 kurs audio Angielski techniczny. Kurs przeznaczony jest dla os\u00f3b pocz\u0105tkuj\u0105cych do \u015brednio zaawansowanych i koncentruje si\u0119 na s\u0142ownictwie, kt\u00f3re mo\u017cna wykorzysta\u0107 w dziedzinie techniki.<\/p>\n<p>Kurs oparty jest na nauce kontekstowej, co oznacza, \u017ce nauczysz si\u0119 nie tylko s\u0142\u00f3wek, ale tak\u017ce zda\u0144, w kt\u00f3rych mo\u017cesz ich u\u017cy\u0107. W tym kursie znajdziesz \u0142\u0105cznie 1000 s\u0142\u00f3wek i przyk\u0142adowych zda\u0144.<\/p>\n<p>Poszczeg\u00f3lne lekcje podzielone s\u0105 wed\u0142ug temat\u00f3w: <strong>czynno\u015bci, jako\u015b\u0107, logistyka, narz\u0119dzia, wymiary i w\u0142a\u015bciwo\u015bci.<\/strong> Zawieraj\u0105 one s\u0142ownictwo i przyk\u0142adowe zdania, kt\u00f3re powiniene\u015b umie\u0107 wykorzysta\u0107 w pracy i poza ni\u0105 ka\u017cdego dnia.<\/p>\n<p>Jaki jest najlepszy spos\u00f3b pracy z kursem? Wybierz lekcj\u0119, od kt\u00f3rej chcesz zacz\u0105\u0107. Ka\u017cda lekcja zawiera sze\u015b\u0107 \u015bcie\u017cek d\u017awi\u0119kowych. Najpierw, w ka\u017cdej z lekcji, zapoznaj si\u0119 z samym s\u0142ownictwem (\u015bcie\u017cka 1 i 2). Nast\u0119pnie podajemy s\u0142\u00f3wka, po kt\u00f3rych nast\u0119puje przyk\u0142adowe zdanie, r\u00f3wnie\u017c w obu wariantach t\u0142umaczenia (\u015bcie\u017cka 3 i 4).\u00a0 Nast\u0119pnie przechodzimy do pe\u0142nych zda\u0144 (\u015bcie\u017cka 5 i 6). Je\u015bli opanujesz t\u0142umaczenie zda\u0144 z polskiego na angielski (lekcja 6) w czasie poprzedzaj\u0105cym t\u0142umaczenie na angielski, to wygra\u0142e\u015b. Same s\u0142owa pomog\u0105 Ci zrozumie\u0107 znaczenie, ale u\u017cywaj\u0105c opanowanych pe\u0142nych zda\u0144 b\u0119dziesz komunikowa\u0142 si\u0119 znacznie lepiej.<\/p>\n<p>Dzi\u0119ki pobraniu skrypt\u00f3w b\u0119dziesz m\u00f3g\u0142 w znacznie szerszym zakresie korzysta\u0107 z ca\u0142ego kursu. W skryptach znajdziesz przewodnik do nauki z przydatnymi wskaz\u00f3wkami, jak uczyni\u0107 nauk\u0119 bardziej efektywn\u0105, plan lekcji, aby zapisa\u0107 swoje post\u0119py, list\u0119 utwor\u00f3w do s\u0142uchania (na wypadek, gdyby\u015b czego\u015b nie rozumia\u0142) oraz dwustronne fiszki, aby\u015b m\u00f3g\u0142 uczy\u0107 si\u0119 i powtarza\u0107 nawet wtedy, gdy nie mo\u017cesz s\u0142ucha\u0107 d\u017awi\u0119k\u00f3w. Dla tych, kt\u00f3rzy lubi\u0105 si\u0119 sprawdzi\u0107, w ka\u017cdej lekcji znajduje si\u0119 test t\u0142umaczeniowy wraz z kluczem zawieraj\u0105cym prawid\u0142owe odpowiedzi. G\u0142osy, kt\u00f3re us\u0142yszycie to Krystyna Berki i Jeffry Short.<\/p>\n<ul>\n<li>Lekcja pierwsza &#8211; Czynno\u015b\u0107i<\/li>\n<li>Lekcja druga &#8211; Jako\u015b\u0107_logistyka<\/li>\n<li>Lekcja trzecia &#8211; Materia\u0142y<\/li>\n<li>Lekcja czwarta &#8211; Narz\u0119dzia<\/li>\n<li>Lekcja pi\u0105ta &#8211; Wymiar<\/li>\n<li>Lekcja sz\u00f3sta &#8211; W\u0142a\u015bciwo\u015bci<\/li>\n<\/ul>\n","protected":false},"excerpt":{"rendered":"<p>Niniejszy kurs przeznaczony jest dla lekko lub \u015brednio zaawansowanych (poziom A2 &#8211; B1). Kurs angielski techniczny podzielony jest na lekcje pt. produkcja, logistyka, wymiary, materia\u0142y, jako\u015b\u0107, w\u0142a\u015bciwo\u015bci i narz\u0119dzia pracy. Ca\u0142o\u015b\u0107 zawiera 500 s\u0142\u00f3wek i 500 zda\u0144 do prze\u0107wiczenia (razem 1000 jednostek do wys\u0142uchania).<\/p>\n","protected":false},"featured_media":1248,"comment_status":"open","ping_status":"closed","template":"","meta":{"_acf_changed":false,"inline_featured_image":false,"_sitemap_exclude":false,"_sitemap_priority":"","_sitemap_frequency":""},"product_brand":[],"product_cat":[62,29],"product_tag":[],"class_list":{"0":"post-964","1":"product","2":"type-product","3":"status-publish","4":"has-post-thumbnail","6":"product_cat-specjalistyczny-angielski","7":"product_cat-angielski","9":"first","10":"instock","11":"downloadable","12":"virtual","13":"purchasable","14":"product-type-simple"},"acf":[],"_links":{"self":[{"href":"https:\/\/audioacademyeu.eu\/pl\/wp-json\/wp\/v2\/product\/964","targetHints":{"allow":["GET"]}}],"collection":[{"href":"https:\/\/audioacademyeu.eu\/pl\/wp-json\/wp\/v2\/product"}],"about":[{"href":"https:\/\/audioacademyeu.eu\/pl\/wp-json\/wp\/v2\/types\/product"}],"replies":[{"embeddable":true,"href":"https:\/\/audioacademyeu.eu\/pl\/wp-json\/wp\/v2\/comments?post=964"}],"wp:featuredmedia":[{"embeddable":true,"href":"https:\/\/audioacademyeu.eu\/pl\/wp-json\/wp\/v2\/media\/1248"}],"wp:attachment":[{"href":"https:\/\/audioacademyeu.eu\/pl\/wp-json\/wp\/v2\/media?parent=964"}],"wp:term":[{"taxonomy":"product_brand","embeddable":true,"href":"https:\/\/audioacademyeu.eu\/pl\/wp-json\/wp\/v2\/product_brand?post=964"},{"taxonomy":"product_cat","embeddable":true,"href":"https:\/\/audioacademyeu.eu\/pl\/wp-json\/wp\/v2\/product_cat?post=964"},{"taxonomy":"product_tag","embeddable":true,"href":"https:\/\/audioacademyeu.eu\/pl\/wp-json\/wp\/v2\/product_tag?post=964"}],"curies":[{"name":"wp","href":"https:\/\/api.w.org\/{rel}","templated":true}]}}