
{"id":462,"date":"2018-10-21T09:19:35","date_gmt":"2018-10-21T07:19:35","guid":{"rendered":"https:\/\/audioacademyeu.pl\/?post_type=product&#038;p=462"},"modified":"2024-11-02T13:54:01","modified_gmt":"2024-11-02T12:54:01","slug":"slownictvo-b2-c1","status":"publish","type":"product","link":"https:\/\/audioacademyeu.eu\/pl\/item\/slownictvo-b2-c1\/","title":{"rendered":"Niemiecki &#8211; S\u0142ownictwo B2, C1"},"content":{"rendered":"<p>Zawarto\u015b\u0107 kursu jest odpowiednia do poziomu B1 \u2013 powiniene\u015b absolwowa\u0107 nauk\u0119 angielskiego 2-3 lata, porozumiewa\u0107 si\u0119 w bieg\u0142ych sytuacjach i rozumie\u0107 tekst jak m\u00f3wiony, tak i pisany.<\/p>\n<p>Kurs powsta\u0142 w oparciu o nauczanie kontekstowe, co oznacza, \u017ce nie b\u0119dziesz si\u0119 uczy\u0142 tylko s\u0142\u00f3wek, ale r\u00f3wnie\u017c i zda\u0144, w kt\u00f3rych mo\u017cna dane s\u0142ownictwo zastosowa\u0107. W tym kursie znajdziesz w sumie 1100 s\u0142\u00f3wek i \u0107wicze\u0144 sprawdzaj\u0105cych.<\/p>\n<p>Jak najlepiej korzysta\u0107 z kursu? Wybierz sobie lekcj\u0119, od kt\u00f3rej chcesz rozpocz\u0105\u0107. Ka\u017cda lekcja posiada 6 \u015bcie\u017cek d\u017awi\u0119kowych. W ka\u017cdej lekcji zapoznasz si\u0119 najpierw ze s\u0142\u00f3wkami (d\u017awi\u0119k 1. i 2.). Nast\u0119pnie masz do dyspozycji zdanie przyk\u0142adowe, ponownie w dwu wersjach t\u0142umaczenia (d\u017awi\u0119k 3. i 4.). Nast\u0119pnie przechodzisz do ca\u0142ych zda\u0144 (d\u017awi\u0119k 5. i 6.). Kiedy ju\u017c b\u0119dziesz potrafi\u0142 t\u0142umaczy\u0107 zdania z angielskiego do polskiego (lekcja 6.) w trakcie przerwy przed t\u0142umaczeniem, osi\u0105gn\u0105\u0142e\u015b wyznaczony cel.<\/p>\n<p>W ka\u017cdej cz\u0119\u015bci panuje zasada, \u017ce w momencie opanowania s\u0142uchania z angielskiego do polskiego (lekcja 1., 3., 5. \u2013 \u0107wiczenia wys\u0142uchaj), kontynuujesz \u0107wiczenia z t\u0142umaczenia z polskiego do angielskiego (lekcja 2., 4., 6. \u2013 \u0107wiczenia przet\u0142umacz). W ramach jednej lekcji nie trzeba korzysta\u0107 z wszystkich d\u017awi\u0119k\u00f3w, mo\u017cesz po\u015bwi\u0119ci\u0107 uwag\u0119 na s\u0142uchanie tego, kt\u00f3ry najbardziej Ci odpowiada. Lecz radz\u0119, by w danej lekcji, przynajmniej raz wys\u0142ucha\u0107 wszystkich \u015bcie\u017cek audio.<\/p>\n<p>W skrypcie znajdziesz spis do playlisty (je\u017celi czego\u015b nie zrozumiesz), fiszki obustronne, dzi\u0119ki kt\u00f3rym mo\u017cna si\u0119 uczy\u0107 i powtarza\u0107 nawet wtedy, kiedy nie mo\u017cna s\u0142ucha\u0107 d\u017awi\u0119k\u00f3w. A dla tych, kt\u00f3rzy ch\u0119tnie si\u0119 sprawdzaj\u0105, przygotowany jest test z ka\u017cdej lekcji z kluczem odpowiedzi.<\/p>\n","protected":false},"excerpt":{"rendered":"<p>Zawarto\u015b\u0107 kursu jest odpowiednia do poziomu B1 \u2013 powiniene\u015b absolwowa\u0107 nauk\u0119 angielskiego 2-3 lata, porozumiewa\u0107 si\u0119 w bieg\u0142ych sytuacjach i rozumie\u0107 tekst jak m\u00f3wiony, tak i pisany.<\/p>\n<p>Kurs powsta\u0142 w oparciu o nauczanie kontekstowe, co oznacza, \u017ce nie b\u0119dziesz si\u0119 uczy\u0142 tylko s\u0142\u00f3wek, ale r\u00f3wnie\u017c i zda\u0144, w kt\u00f3rych mo\u017cna dane s\u0142ownictwo zastosowa\u0107. W tym kursie znajdziesz w sumie 1100 s\u0142\u00f3wek i \u0107wicze\u0144 sprawdzaj\u0105cych.<\/p>\n","protected":false},"featured_media":1044,"comment_status":"open","ping_status":"closed","template":"","meta":{"_acf_changed":false,"inline_featured_image":false,"_sitemap_exclude":false,"_sitemap_priority":"","_sitemap_frequency":""},"product_brand":[],"product_cat":[60,23],"product_tag":[],"class_list":{"0":"post-462","1":"product","2":"type-product","3":"status-publish","4":"has-post-thumbnail","6":"product_cat-ogolny-niemiecki","7":"product_cat-niemiecki","9":"first","10":"outofstock","11":"downloadable","12":"virtual","13":"purchasable","14":"product-type-simple"},"acf":[],"_links":{"self":[{"href":"https:\/\/audioacademyeu.eu\/pl\/wp-json\/wp\/v2\/product\/462","targetHints":{"allow":["GET"]}}],"collection":[{"href":"https:\/\/audioacademyeu.eu\/pl\/wp-json\/wp\/v2\/product"}],"about":[{"href":"https:\/\/audioacademyeu.eu\/pl\/wp-json\/wp\/v2\/types\/product"}],"replies":[{"embeddable":true,"href":"https:\/\/audioacademyeu.eu\/pl\/wp-json\/wp\/v2\/comments?post=462"}],"wp:featuredmedia":[{"embeddable":true,"href":"https:\/\/audioacademyeu.eu\/pl\/wp-json\/wp\/v2\/media\/1044"}],"wp:attachment":[{"href":"https:\/\/audioacademyeu.eu\/pl\/wp-json\/wp\/v2\/media?parent=462"}],"wp:term":[{"taxonomy":"product_brand","embeddable":true,"href":"https:\/\/audioacademyeu.eu\/pl\/wp-json\/wp\/v2\/product_brand?post=462"},{"taxonomy":"product_cat","embeddable":true,"href":"https:\/\/audioacademyeu.eu\/pl\/wp-json\/wp\/v2\/product_cat?post=462"},{"taxonomy":"product_tag","embeddable":true,"href":"https:\/\/audioacademyeu.eu\/pl\/wp-json\/wp\/v2\/product_tag?post=462"}],"curies":[{"name":"wp","href":"https:\/\/api.w.org\/{rel}","templated":true}]}}