
{"id":456,"date":"2018-10-21T09:10:59","date_gmt":"2018-10-21T07:10:59","guid":{"rendered":"https:\/\/audioacademyeu.pl\/?post_type=product&#038;p=456"},"modified":"2025-02-14T17:21:20","modified_gmt":"2025-02-14T16:21:20","slug":"slownictvo-a1-a2","status":"publish","type":"product","link":"https:\/\/audioacademyeu.eu\/pl\/item\/slownictvo-a1-a2\/","title":{"rendered":"Angielski &#8211; S\u0142ownictwo A1, A2"},"content":{"rendered":"<p>Masz przed sob\u0105 kurs audio S\u0142\u00f3wka angielskie A1, A2. Kurs jest przeznaczony dla ca\u0142kowicie i tzw. fa\u0142szywych pocz\u0105tkuj\u0105cych, wi\u0119c je\u017celi uczy\u0142e\u015b si\u0119 kiedy\u015b angielskiego i chcia\u0142by\u015b powt\u00f3rzy\u0107 podstawy, kurs jest przeznaczony w\u0142a\u015bnie dla Ciebie.<\/p>\n<p>Kurs oparty jest na nauce kontekstowej, co oznacza, \u017ce nauczysz si\u0119 nie tylko s\u0142\u00f3wek, ale tak\u017ce zda\u0144, w kt\u00f3rych mo\u017cesz ich u\u017cy\u0107. W tym kursie znajdziesz w sumie 2500 s\u0142\u00f3wek i przyk\u0142adowych zda\u0144.<\/p>\n<p>Poszczeg\u00f3lne lekcje s\u0105 podzielone tematycznie, a ka\u017cda z\u00a0nich zawiera inn\u0105 liczb\u0119 s\u0142\u00f3wek i zda\u0144. Poziom A1, A2 jest pocz\u0105tkuj\u0105cy, wi\u0119c najwi\u0119cej miejsca po\u015bwi\u0119cono tematom takim jak pozdrowienia i przedstawianie si\u0119, podr\u00f3\u017cowanie, czas wolny, rodzina, dzi\u0119ki kt\u00f3rym s\u0142\u00f3wka i utarte zwroty pomog\u0105 Ci porozumie\u0107 si\u0119 na poziomie podstawowym w czasie podr\u00f3\u017cy i og\u00f3lnie w kontakcie z osobami angielskoj\u0119zycznymi.<\/p>\n<p>Drugie wydanie ukazuje si\u0119 po pi\u0119ciu latach i sk\u0142ada si\u0119 g\u0142\u00f3wnie z\u00a0uzupe\u0142nienia powszechnie u\u017cywanych zwrot\u00f3w i wyra\u017ce\u0144 oraz s\u0142ownictwa stosowanego w nowych dziedzinach, takich jak na przyk\u0142ad podr\u00f3\u017ce. Podczas uzupe\u0142niania korzystali\u015bmy z\u00a0sugestii u\u017cytkownik\u00f3w pierwszych wyda\u0144, za co serdecznie im dzi\u0119kujemy.<\/p>\n<p>Jaki jest najlepszy spos\u00f3b pracy z kursem? Wybierz lekcj\u0119, od kt\u00f3rej chcesz zacz\u0105\u0107. Ka\u017cda lekcja zawiera sze\u015b\u0107 \u015bcie\u017cek d\u017awi\u0119kowych. Najpierw, w ka\u017cdej z lekcji, zapoznaj si\u0119 z samym s\u0142ownictwem (\u015bcie\u017cka 1 i 2). Nast\u0119pnie podajemy s\u0142\u00f3wka, po kt\u00f3rych nast\u0119puje przyk\u0142adowe zdanie, r\u00f3wnie\u017c w obu wariantach t\u0142umaczenia (\u015bcie\u017cka 3 i 4).\u00a0 Nast\u0119pnie przechodzimy do pe\u0142nych zda\u0144 (\u015bcie\u017cka 5 i 6). Je\u015bli opanujesz t\u0142umaczenie zda\u0144 z polskiego na angielski (lekcja 6) w czasie poprzedzaj\u0105cym t\u0142umaczenie na angielski, to wygra\u0142e\u015b. Same s\u0142owa pomog\u0105 Ci zrozumie\u0107 znaczenie, ale u\u017cywaj\u0105c opanowanych pe\u0142nych zda\u0144 b\u0119dziesz komunikowa\u0142 si\u0119 znacznie lepiej.<\/p>\n<p>Dzi\u0119ki pobraniu skrypt\u00f3w b\u0119dziesz m\u00f3g\u0142 w znacznie szerszym zakresie korzysta\u0107 z ca\u0142ego kursu. W skryptach znajdziesz przewodnik do nauki z przydatnymi wskaz\u00f3wkami, jak uczyni\u0107 nauk\u0119 bardziej efektywn\u0105, plan lekcji, aby zapisa\u0107 swoje post\u0119py, list\u0119 utwor\u00f3w do s\u0142uchania (na wypadek, gdyby\u015b czego\u015b nie rozumia\u0142) oraz dwustronne fiszki, aby\u015b m\u00f3g\u0142 uczy\u0107 si\u0119 i powtarza\u0107 nawet wtedy, gdy nie mo\u017cesz s\u0142ucha\u0107 d\u017awi\u0119k\u00f3w. Dla tych, kt\u00f3rzy lubi\u0105 si\u0119 sprawdzi\u0107, w ka\u017cdej lekcji znajduje si\u0119 test t\u0142umaczeniowy wraz z kluczem zawieraj\u0105cym prawid\u0142owe odpowiedzi. G\u0142osy, kt\u00f3re us\u0142yszycie to Krystyna Berki i Jeffry Short.<\/p>\n<ul>\n<li>Lekcja pierwsza &#8211; Mieszkanie<\/li>\n<li>Lekcja druga &#8211; Podr\u00f3\u017ce 01<\/li>\n<li>Lekcja trzecia &#8211; Podr\u00f3\u017ce 02<\/li>\n<li>Lekcja czwarta &#8211; Czas<\/li>\n<li>Lekcja pi\u0105ta &#8211; Liczby 1-100<\/li>\n<li>Lekcja sz\u00f3sta &#8211; Liczby 100 plus<\/li>\n<li>Lekcja si\u00f3dma &#8211; Liczebniki porz\u0105dkowe<\/li>\n<li>Lekcja \u00f3sma &#8211; Hotel &#8211; Restauracja<\/li>\n<li>Lekcja dziewi\u0105ta &#8211; Jedzenie<\/li>\n<li>Lekcja dziesi\u0105ta &#8211; Komunikacja 01<\/li>\n<li>Lekcja jedenasta &#8211; Komunikacja 02<\/li>\n<li>Lekcja dwunasta &#8211; Miasto<\/li>\n<li>Lekcja trzynasta &#8211; Zakupy<\/li>\n<li>Lekcja czternasta &#8211; Pozdrowienia<\/li>\n<li>Lekcja pi\u0119tnasta &#8211; Praca 01<\/li>\n<li>Lekcja szesnasta &#8211; Praca 02<\/li>\n<li>Lekcja siedemnasta &#8211; Przyroda<\/li>\n<li>Lekcja osiemnasta &#8211; Rodzina<\/li>\n<li>Lekcja devietnasta &#8211; Spo\u0142ecze\u0144stwo<\/li>\n<li>Lekcja dwudziesta &#8211; W\u0142a\u015bciwo\u015bci<\/li>\n<li>Lekcja dwudziesta pierwsza &#8211; Czas wolny 01<\/li>\n<li>Lekcja dwudziesta druga &#8211; Czas wolny 02<\/li>\n<\/ul>\n","protected":false},"excerpt":{"rendered":"<p>Masz przed sob\u0105 kurs audio S\u0142\u00f3wka angielskie A1, A2. Kurs jest przeznaczony dla ca\u0142kowicie i tzw. fa\u0142szywych pocz\u0105tkuj\u0105cych, wi\u0119c je\u017celi uczy\u0142e\u015b si\u0119 kiedy\u015b angielskiego i chcia\u0142by\u015b powt\u00f3rzy\u0107 podstawy, kurs jest przeznaczony w\u0142a\u015bnie dla Ciebie.<\/p>\n","protected":false},"featured_media":1713,"comment_status":"open","ping_status":"closed","template":"","meta":{"_acf_changed":false,"inline_featured_image":false,"_sitemap_exclude":false,"_sitemap_priority":"","_sitemap_frequency":""},"product_brand":[],"product_cat":[63,29],"product_tag":[],"class_list":{"0":"post-456","1":"product","2":"type-product","3":"status-publish","4":"has-post-thumbnail","6":"product_cat-ogolny-angielski","7":"product_cat-angielski","9":"first","10":"instock","11":"downloadable","12":"virtual","13":"purchasable","14":"product-type-simple"},"acf":[],"_links":{"self":[{"href":"https:\/\/audioacademyeu.eu\/pl\/wp-json\/wp\/v2\/product\/456","targetHints":{"allow":["GET"]}}],"collection":[{"href":"https:\/\/audioacademyeu.eu\/pl\/wp-json\/wp\/v2\/product"}],"about":[{"href":"https:\/\/audioacademyeu.eu\/pl\/wp-json\/wp\/v2\/types\/product"}],"replies":[{"embeddable":true,"href":"https:\/\/audioacademyeu.eu\/pl\/wp-json\/wp\/v2\/comments?post=456"}],"wp:featuredmedia":[{"embeddable":true,"href":"https:\/\/audioacademyeu.eu\/pl\/wp-json\/wp\/v2\/media\/1713"}],"wp:attachment":[{"href":"https:\/\/audioacademyeu.eu\/pl\/wp-json\/wp\/v2\/media?parent=456"}],"wp:term":[{"taxonomy":"product_brand","embeddable":true,"href":"https:\/\/audioacademyeu.eu\/pl\/wp-json\/wp\/v2\/product_brand?post=456"},{"taxonomy":"product_cat","embeddable":true,"href":"https:\/\/audioacademyeu.eu\/pl\/wp-json\/wp\/v2\/product_cat?post=456"},{"taxonomy":"product_tag","embeddable":true,"href":"https:\/\/audioacademyeu.eu\/pl\/wp-json\/wp\/v2\/product_tag?post=456"}],"curies":[{"name":"wp","href":"https:\/\/api.w.org\/{rel}","templated":true}]}}