
{"id":1774,"date":"2024-08-01T23:46:08","date_gmt":"2024-08-01T21:46:08","guid":{"rendered":"https:\/\/audioacademyeu.eu\/pl\/?post_type=product&#038;p=1774"},"modified":"2025-06-17T20:06:56","modified_gmt":"2025-06-17T18:06:56","slug":"pack-angielski-maxi-2","status":"publish","type":"product","link":"https:\/\/audioacademyeu.eu\/pl\/item\/pack-angielski-maxi-2\/","title":{"rendered":"Pack &#8211; Angielski maxi"},"content":{"rendered":"<ul>\n<li>Kurs S\u0142\u00f3wka angielskie A1, A2 jest przeznaczony dla ca\u0142kowicie i tzw. fa\u0142szywych pocz\u0105tkuj\u0105cych, wi\u0119c je\u017celi uczy\u0142e\u015b si\u0119 kiedy\u015b angielskiego i chcia\u0142by\u015b powt\u00f3rzy\u0107 podstawy, kurs jest przeznaczony w\u0142a\u015bnie dla Ciebie.<\/li>\n<li>Kurs Angielski dla \u015brednio zaawansowanych B1 &#8211; cz\u0119\u015b\u0107 01 przeznaczony jest dla os\u00f3b \u015brednio zaawansowanych i zaawansowanych, wi\u0119c aby w pe\u0142ni wykorzysta\u0107 jego mo\u017cliwo\u015bci powiniene\u015b mie\u0107 za sob\u0105 rok lub dwa lata nauki j\u0119zyka angielskiego i opanowane podstawy.<\/li>\n<li>Kurs Angielski dla \u015brednio zaawansowanych B1 &#8211; cz\u0119\u015b\u0107 02 przeznaczony jest dla os\u00f3b \u015brednio zaawansowanych i zaawansowanych, wi\u0119c aby w pe\u0142ni wykorzysta\u0107 jego mo\u017cliwo\u015bci powiniene\u015b mie\u0107 za sob\u0105 rok lub dwa lata nauki j\u0119zyka angielskiego i opanowane podstawy.<\/li>\n<li>Kurs Angielski dla zaawansowanych B2 przeznaczony jest dla os\u00f3b zaawansowanych, wi\u0119c aby w pe\u0142ni wykorzysta\u0107 jego mo\u017cliwo\u015bci powiniene\u015b mie\u0107 za sob\u0105 dwa lub trzy lata nauki j\u0119zyka angielskiego i opanowane podstawy.<\/li>\n<li>Kurs S\u0142ownictwo angielskie C1\/C2 przeznaczony jest zaawansowanym u\u017cytkownikom. Za jego pomoc\u0105 poszerzysz sobie zaawansowany zas\u00f3b s\u0142\u00f3w i umocnisz lub poszerzysz sobie znajomo\u015b\u0107 bardziej z\u0142o\u017conych temat\u00f3w gramatycznych.<\/li>\n<\/ul>\n","protected":false},"excerpt":{"rendered":"<p>Pack &#8211; Angielski maxi &#8211; S\u0142\u00f3wka angielskie A1, A2, B1 &#8211; cz\u0119\u015b\u0107 01, 02, B2, C1\/C2<\/p>\n","protected":false},"featured_media":1773,"comment_status":"open","ping_status":"closed","template":"","meta":{"_acf_changed":true,"inline_featured_image":false,"_sitemap_exclude":false,"_sitemap_priority":"","_sitemap_frequency":""},"product_brand":[],"product_cat":[106,65],"product_tag":[],"class_list":{"0":"post-1774","1":"product","2":"type-product","3":"status-publish","4":"has-post-thumbnail","6":"product_cat-angielski-korzystny-pakiet","7":"product_cat-korzystny-pakiet","9":"first","10":"instock","11":"downloadable","12":"virtual","13":"purchasable","14":"product-type-simple"},"acf":[],"_links":{"self":[{"href":"https:\/\/audioacademyeu.eu\/pl\/wp-json\/wp\/v2\/product\/1774","targetHints":{"allow":["GET"]}}],"collection":[{"href":"https:\/\/audioacademyeu.eu\/pl\/wp-json\/wp\/v2\/product"}],"about":[{"href":"https:\/\/audioacademyeu.eu\/pl\/wp-json\/wp\/v2\/types\/product"}],"replies":[{"embeddable":true,"href":"https:\/\/audioacademyeu.eu\/pl\/wp-json\/wp\/v2\/comments?post=1774"}],"wp:featuredmedia":[{"embeddable":true,"href":"https:\/\/audioacademyeu.eu\/pl\/wp-json\/wp\/v2\/media\/1773"}],"wp:attachment":[{"href":"https:\/\/audioacademyeu.eu\/pl\/wp-json\/wp\/v2\/media?parent=1774"}],"wp:term":[{"taxonomy":"product_brand","embeddable":true,"href":"https:\/\/audioacademyeu.eu\/pl\/wp-json\/wp\/v2\/product_brand?post=1774"},{"taxonomy":"product_cat","embeddable":true,"href":"https:\/\/audioacademyeu.eu\/pl\/wp-json\/wp\/v2\/product_cat?post=1774"},{"taxonomy":"product_tag","embeddable":true,"href":"https:\/\/audioacademyeu.eu\/pl\/wp-json\/wp\/v2\/product_tag?post=1774"}],"curies":[{"name":"wp","href":"https:\/\/api.w.org\/{rel}","templated":true}]}}