
{"id":1766,"date":"2024-08-01T23:00:35","date_gmt":"2024-08-01T21:00:35","guid":{"rendered":"https:\/\/audioacademyeu.eu\/pl\/?post_type=product&#038;p=1766"},"modified":"2025-06-17T20:07:42","modified_gmt":"2025-06-17T18:07:42","slug":"pack-niemiecki-dla-srednio-zaawansowanych-2","status":"publish","type":"product","link":"https:\/\/audioacademyeu.eu\/pl\/item\/pack-niemiecki-dla-srednio-zaawansowanych-2\/","title":{"rendered":"Pack &#8211; Niemiecki dla \u015brednio zaawansowanych"},"content":{"rendered":"<ul>\n<li>Kurs Niemiecki dla \u015brednio zaawansowanych B1 &#8211; cz\u0119\u015b\u0107 01 przeznaczony jest dla os\u00f3b \u015brednio zaawansowanych i zaawansowanych, wi\u0119c aby w pe\u0142ni wykorzysta\u0107 jego mo\u017cliwo\u015bci powiniene\u015b mie\u0107 za sob\u0105 rok lub dwa lata nauki j\u0119zyka niemieckiego i opanowane podstawy.<\/li>\n<li>Kurs Niemiecki dla \u015brednio zaawansowanych B1 &#8211; cz\u0119\u015b\u0107 02 przeznaczony jest dla os\u00f3b \u015brednio zaawansowanych i zaawansowanych, wi\u0119c aby w pe\u0142ni wykorzysta\u0107 jego mo\u017cliwo\u015bci powiniene\u015b mie\u0107 za sob\u0105 rok lub dwa lata nauki j\u0119zyka niemieckiego i opanowane podstawy.<\/li>\n<li>Kurs Niemiecki techniczny A1-B1 przeznaczony jest dla os\u00f3b pocz\u0105tkuj\u0105cych i \u015brednio zaawansowanych i skupia si\u0119 na s\u0142ownictwie, kt\u00f3re mo\u017cesz wykorzysta\u0107 w dziedzinie technicznej.<\/li>\n<\/ul>\n","protected":false},"excerpt":{"rendered":"<p>Pack &#8211; Niemiecki dla \u015brednio zaawansowanych &#8211; Niemiecki dla \u015brednio zaawansowanych B1 &#8211; cz\u0119\u015b\u0107 01,02, Niemiecki techniczny<\/p>\n","protected":false},"featured_media":1762,"comment_status":"open","ping_status":"closed","template":"","meta":{"_acf_changed":true,"inline_featured_image":false,"_sitemap_exclude":false,"_sitemap_priority":"","_sitemap_frequency":""},"product_brand":[],"product_cat":[109,65],"product_tag":[],"class_list":{"0":"post-1766","1":"product","2":"type-product","3":"status-publish","4":"has-post-thumbnail","6":"product_cat-niemiecki-korzystny-pakiet","7":"product_cat-korzystny-pakiet","9":"first","10":"instock","11":"downloadable","12":"virtual","13":"purchasable","14":"product-type-simple"},"acf":[],"_links":{"self":[{"href":"https:\/\/audioacademyeu.eu\/pl\/wp-json\/wp\/v2\/product\/1766","targetHints":{"allow":["GET"]}}],"collection":[{"href":"https:\/\/audioacademyeu.eu\/pl\/wp-json\/wp\/v2\/product"}],"about":[{"href":"https:\/\/audioacademyeu.eu\/pl\/wp-json\/wp\/v2\/types\/product"}],"replies":[{"embeddable":true,"href":"https:\/\/audioacademyeu.eu\/pl\/wp-json\/wp\/v2\/comments?post=1766"}],"wp:featuredmedia":[{"embeddable":true,"href":"https:\/\/audioacademyeu.eu\/pl\/wp-json\/wp\/v2\/media\/1762"}],"wp:attachment":[{"href":"https:\/\/audioacademyeu.eu\/pl\/wp-json\/wp\/v2\/media?parent=1766"}],"wp:term":[{"taxonomy":"product_brand","embeddable":true,"href":"https:\/\/audioacademyeu.eu\/pl\/wp-json\/wp\/v2\/product_brand?post=1766"},{"taxonomy":"product_cat","embeddable":true,"href":"https:\/\/audioacademyeu.eu\/pl\/wp-json\/wp\/v2\/product_cat?post=1766"},{"taxonomy":"product_tag","embeddable":true,"href":"https:\/\/audioacademyeu.eu\/pl\/wp-json\/wp\/v2\/product_tag?post=1766"}],"curies":[{"name":"wp","href":"https:\/\/api.w.org\/{rel}","templated":true}]}}