
{"id":1673,"date":"2024-06-07T21:04:26","date_gmt":"2024-06-07T19:04:26","guid":{"rendered":"https:\/\/audioacademyeu.eu\/pl\/?post_type=product&#038;p=1673"},"modified":"2025-06-17T20:08:01","modified_gmt":"2025-06-17T18:08:01","slug":"pack-gramatyka-wloska","status":"publish","type":"product","link":"https:\/\/audioacademyeu.eu\/pl\/item\/pack-gramatyka-wloska\/","title":{"rendered":"Pack &#8211; Gramatyka w\u0142oska"},"content":{"rendered":"<p>W tym kursie Gramatyka w\u0142oska A1, A2 dla pocz\u0105tkuj\u0105cych i lekko zaawansowanych nauczysz si\u0119 podstaw j\u0119zyka w\u0142oskiego zaczynaj\u0105c od wymowy, poprzez rodzajniki, powszechnie u\u017cywane czasowniki i wyra\u017cenia przyimkowe a\u017c po zwroty konwersacyjne.<\/p>\n<p>W tym kursie Gramatyka w\u0142oska B1 dla lekko zaawansowanych i \u015brednio zaawansowanych mo\u017cesz zapozna\u0107 si\u0119 z podstawami, ale tak\u017ce mo\u017cesz doskonali\u0107 si\u0119 w bardziej skomplikowanych tematach takich jak: czasy przesz\u0142e, tryb warunkowy, tryb \u0142\u0105cz\u0105cy, czas przysz\u0142y i strona bierna.<\/p>\n","protected":false},"excerpt":{"rendered":"<p>Pack &#8211; Gramatyka w\u0142oska &#8211; Gramatyka w\u0142oska A1, A2 a B1<\/p>\n","protected":false},"featured_media":1672,"comment_status":"open","ping_status":"closed","template":"","meta":{"_acf_changed":true,"inline_featured_image":false,"_sitemap_exclude":false,"_sitemap_priority":"","_sitemap_frequency":""},"product_brand":[],"product_cat":[98,65],"product_tag":[],"class_list":{"0":"post-1673","1":"product","2":"type-product","3":"status-publish","4":"has-post-thumbnail","6":"product_cat-wloski-korzystny-pakiet","7":"product_cat-korzystny-pakiet","9":"first","10":"instock","11":"downloadable","12":"virtual","13":"purchasable","14":"product-type-simple"},"acf":[],"_links":{"self":[{"href":"https:\/\/audioacademyeu.eu\/pl\/wp-json\/wp\/v2\/product\/1673","targetHints":{"allow":["GET"]}}],"collection":[{"href":"https:\/\/audioacademyeu.eu\/pl\/wp-json\/wp\/v2\/product"}],"about":[{"href":"https:\/\/audioacademyeu.eu\/pl\/wp-json\/wp\/v2\/types\/product"}],"replies":[{"embeddable":true,"href":"https:\/\/audioacademyeu.eu\/pl\/wp-json\/wp\/v2\/comments?post=1673"}],"wp:featuredmedia":[{"embeddable":true,"href":"https:\/\/audioacademyeu.eu\/pl\/wp-json\/wp\/v2\/media\/1672"}],"wp:attachment":[{"href":"https:\/\/audioacademyeu.eu\/pl\/wp-json\/wp\/v2\/media?parent=1673"}],"wp:term":[{"taxonomy":"product_brand","embeddable":true,"href":"https:\/\/audioacademyeu.eu\/pl\/wp-json\/wp\/v2\/product_brand?post=1673"},{"taxonomy":"product_cat","embeddable":true,"href":"https:\/\/audioacademyeu.eu\/pl\/wp-json\/wp\/v2\/product_cat?post=1673"},{"taxonomy":"product_tag","embeddable":true,"href":"https:\/\/audioacademyeu.eu\/pl\/wp-json\/wp\/v2\/product_tag?post=1673"}],"curies":[{"name":"wp","href":"https:\/\/api.w.org\/{rel}","templated":true}]}}