
{"id":1669,"date":"2024-06-07T20:51:45","date_gmt":"2024-06-07T18:51:45","guid":{"rendered":"https:\/\/audioacademyeu.eu\/pl\/?post_type=product&#038;p=1669"},"modified":"2025-06-17T20:08:28","modified_gmt":"2025-06-17T18:08:28","slug":"pack-wloski-dla-poczatkujacych-gramatyka","status":"publish","type":"product","link":"https:\/\/audioacademyeu.eu\/pl\/item\/pack-wloski-dla-poczatkujacych-gramatyka\/","title":{"rendered":"Pack &#8211; W\u0142oski dla pocz\u0105tkuj\u0105cych"},"content":{"rendered":"<ul>\n<li>Kurs W\u0142oski dla pocz\u0105tkuj\u0105cych A1-A2 przeznaczony jest dla os\u00f3b ca\u0142kowicie i fa\u0142szywie pocz\u0105tkuj\u0105cych, wi\u0119c je\u015bli uczysz si\u0119 w\u0142oskiego od jakiego\u015b czasu i chcesz podszlifowa\u0107 podstawy, to jest to kurs dla Ciebie.<\/li>\n<li>Kurs W\u0142oski na urlopie A1-B1 przeznaczony jest dla os\u00f3b pocz\u0105tkuj\u0105cych i \u015brednio zaawansowanych i skupia si\u0119 na s\u0142ownictwie i zwrotach, kt\u00f3re mo\u017cesz wykorzysta\u0107 w podr\u00f3\u017cy, a zw\u0142aszcza na wakacjach.<\/li>\n<li>W tym kursie Gramatyka w\u0142oska A1, A2 dla pocz\u0105tkuj\u0105cych i lekko zaawansowanych nauczysz si\u0119 podstaw j\u0119zyka w\u0142oskiego zaczynaj\u0105c od wymowy, poprzez rodzajniki, powszechnie u\u017cywane czasowniki i wyra\u017cenia przyimkowe a\u017c po zwroty konwersacyjne.<\/li>\n<\/ul>\n","protected":false},"excerpt":{"rendered":"<p>Pack &#8211; W\u0142oski dla pocz\u0105tkuj\u0105cych &#8211; W\u0142oski dla pocz\u0105tkuj\u0105cych A1-A2, W\u0142oski na urlopie A1-B1, Gramatyka w\u0142oska A1, A2<\/p>\n","protected":false},"featured_media":1671,"comment_status":"open","ping_status":"closed","template":"","meta":{"_acf_changed":true,"inline_featured_image":false,"_sitemap_exclude":false,"_sitemap_priority":"","_sitemap_frequency":""},"product_brand":[],"product_cat":[98,65],"product_tag":[],"class_list":{"0":"post-1669","1":"product","2":"type-product","3":"status-publish","4":"has-post-thumbnail","6":"product_cat-wloski-korzystny-pakiet","7":"product_cat-korzystny-pakiet","9":"first","10":"instock","11":"downloadable","12":"virtual","13":"purchasable","14":"product-type-simple"},"acf":[],"_links":{"self":[{"href":"https:\/\/audioacademyeu.eu\/pl\/wp-json\/wp\/v2\/product\/1669","targetHints":{"allow":["GET"]}}],"collection":[{"href":"https:\/\/audioacademyeu.eu\/pl\/wp-json\/wp\/v2\/product"}],"about":[{"href":"https:\/\/audioacademyeu.eu\/pl\/wp-json\/wp\/v2\/types\/product"}],"replies":[{"embeddable":true,"href":"https:\/\/audioacademyeu.eu\/pl\/wp-json\/wp\/v2\/comments?post=1669"}],"wp:featuredmedia":[{"embeddable":true,"href":"https:\/\/audioacademyeu.eu\/pl\/wp-json\/wp\/v2\/media\/1671"}],"wp:attachment":[{"href":"https:\/\/audioacademyeu.eu\/pl\/wp-json\/wp\/v2\/media?parent=1669"}],"wp:term":[{"taxonomy":"product_brand","embeddable":true,"href":"https:\/\/audioacademyeu.eu\/pl\/wp-json\/wp\/v2\/product_brand?post=1669"},{"taxonomy":"product_cat","embeddable":true,"href":"https:\/\/audioacademyeu.eu\/pl\/wp-json\/wp\/v2\/product_cat?post=1669"},{"taxonomy":"product_tag","embeddable":true,"href":"https:\/\/audioacademyeu.eu\/pl\/wp-json\/wp\/v2\/product_tag?post=1669"}],"curies":[{"name":"wp","href":"https:\/\/api.w.org\/{rel}","templated":true}]}}