
{"id":1668,"date":"2024-06-07T20:51:42","date_gmt":"2024-06-07T18:51:42","guid":{"rendered":"https:\/\/audioacademyeu.eu\/pl\/?post_type=product&#038;p=1668"},"modified":"2025-06-17T20:08:53","modified_gmt":"2025-06-17T18:08:53","slug":"pack-wloski-dla-sredniozaawansowanych-gramatyka","status":"publish","type":"product","link":"https:\/\/audioacademyeu.eu\/pl\/item\/pack-wloski-dla-sredniozaawansowanych-gramatyka\/","title":{"rendered":"Pack &#8211; W\u0142oski dla \u015bredniozaawansowanych"},"content":{"rendered":"<ul>\n<li>Kurs W\u0142oski dla \u015brednio zaawansowanych B1 &#8211; cz\u0119\u015b\u0107 01 przeznaczony jest dla os\u00f3b \u015brednio zaawansowanych i zaawansowanych, wi\u0119c aby w pe\u0142ni wykorzysta\u0107 jego mo\u017cliwo\u015bci powiniene\u015b mie\u0107 za sob\u0105 rok lub dwa lata nauki j\u0119zyka w\u0142oskiego i opanowane podstawy.<\/li>\n<li>Kurs W\u0142oski dla \u015brednio zaawansowanych B1 &#8211; cz\u0119\u015b\u0107 02 przeznaczony jest dla os\u00f3b \u015brednio zaawansowanych i zaawansowanych, wi\u0119c aby w pe\u0142ni wykorzysta\u0107 jego mo\u017cliwo\u015bci powiniene\u015b mie\u0107 za sob\u0105 rok lub dwa lata nauki j\u0119zyka w\u0142oskiego i opanowane podstawy.<\/li>\n<li>W tym kursie Gramatyka w\u0142oska B1 dla lekko zaawansowanych i \u015brednio zaawansowanych mo\u017cesz zapozna\u0107 si\u0119 z podstawami, ale tak\u017ce mo\u017cesz doskonali\u0107 si\u0119 w bardziej skomplikowanych tematach takich jak: czasy przesz\u0142e, tryb warunkowy, tryb \u0142\u0105cz\u0105cy, czas przysz\u0142y i strona bierna.<\/li>\n<\/ul>\n","protected":false},"excerpt":{"rendered":"<p>Pack &#8211; W\u0142oski dla \u015bredniozaawansowanych &#8211; W\u0142oski dla \u015brednio zaawansowanych B1 &#8211; cz\u0119\u015b\u0107 01, W\u0142oski dla \u015brednio zaawansowanych B1 &#8211; cz\u0119\u015b\u0107 02, Gramatyka w\u0142oska B1<\/p>\n","protected":false},"featured_media":1670,"comment_status":"open","ping_status":"closed","template":"","meta":{"_acf_changed":true,"inline_featured_image":false,"_sitemap_exclude":false,"_sitemap_priority":"","_sitemap_frequency":""},"product_brand":[],"product_cat":[98,65],"product_tag":[],"class_list":{"0":"post-1668","1":"product","2":"type-product","3":"status-publish","4":"has-post-thumbnail","6":"product_cat-wloski-korzystny-pakiet","7":"product_cat-korzystny-pakiet","9":"first","10":"instock","11":"downloadable","12":"virtual","13":"purchasable","14":"product-type-simple"},"acf":[],"_links":{"self":[{"href":"https:\/\/audioacademyeu.eu\/pl\/wp-json\/wp\/v2\/product\/1668","targetHints":{"allow":["GET"]}}],"collection":[{"href":"https:\/\/audioacademyeu.eu\/pl\/wp-json\/wp\/v2\/product"}],"about":[{"href":"https:\/\/audioacademyeu.eu\/pl\/wp-json\/wp\/v2\/types\/product"}],"replies":[{"embeddable":true,"href":"https:\/\/audioacademyeu.eu\/pl\/wp-json\/wp\/v2\/comments?post=1668"}],"wp:featuredmedia":[{"embeddable":true,"href":"https:\/\/audioacademyeu.eu\/pl\/wp-json\/wp\/v2\/media\/1670"}],"wp:attachment":[{"href":"https:\/\/audioacademyeu.eu\/pl\/wp-json\/wp\/v2\/media?parent=1668"}],"wp:term":[{"taxonomy":"product_brand","embeddable":true,"href":"https:\/\/audioacademyeu.eu\/pl\/wp-json\/wp\/v2\/product_brand?post=1668"},{"taxonomy":"product_cat","embeddable":true,"href":"https:\/\/audioacademyeu.eu\/pl\/wp-json\/wp\/v2\/product_cat?post=1668"},{"taxonomy":"product_tag","embeddable":true,"href":"https:\/\/audioacademyeu.eu\/pl\/wp-json\/wp\/v2\/product_tag?post=1668"}],"curies":[{"name":"wp","href":"https:\/\/api.w.org\/{rel}","templated":true}]}}