
{"id":1659,"date":"2024-05-30T10:33:23","date_gmt":"2024-05-30T08:33:23","guid":{"rendered":"https:\/\/audioacademyeu.eu\/pl\/?post_type=product&#038;p=1659"},"modified":"2025-02-20T09:19:20","modified_gmt":"2025-02-20T08:19:20","slug":"gramatyka-wloska-a1-a2","status":"publish","type":"product","link":"https:\/\/audioacademyeu.eu\/pl\/item\/gramatyka-wloska-a1-a2\/","title":{"rendered":"Gramatyka w\u0142oska A1, A2"},"content":{"rendered":"<p>W tym kursie Gramatyka w\u0142oska A1, A2 dla pocz\u0105tkuj\u0105cych i lekko zaawansowanych nauczysz si\u0119 podstaw j\u0119zyka w\u0142oskiego zaczynaj\u0105c od wymowy, poprzez rodzajniki, powszechnie u\u017cywane czasowniki i wyra\u017cenia przyimkowe a\u017c po zwroty konwersacyjne.<\/p>\n<p>Kurs obejmuje r\u00f3wnie\u017c tematy konwersacyjne, w kt\u00f3rych znajdziesz najcz\u0119\u015bciej u\u017cywane zwroty i\u00a0wyra\u017cenia do komunikowania si\u0119 o sobie i swojej rodzinie, pracy i czasie wolnym.<\/p>\n<p>Kurs oparty jest na nauce kontekstowej, co oznacza, \u017ce poznasz nie tylko s\u0142\u00f3wka, ale tak\u017ce zdania, w kt\u00f3rych mo\u017cesz ich u\u017cy\u0107. W tym kursie znajdziesz \u0142\u0105cznie 1200 s\u0142\u00f3wek i zda\u0144 \u0107wiczeniowych.<\/p>\n<p>Kurs ten ma do dyspozycji skrypty, kt\u00f3re mo\u017cesz pobra\u0107 za darmo i kt\u00f3re znacznie usprawniaj\u0105 Twoj\u0105 prac\u0119 z kursem.\u00a0 W skryptach znajdziesz przewodnik po nauce z przydatnymi wskaz\u00f3wkami, jak uczyni\u0107 nauk\u0119 bardziej efektywn\u0105, plan nauki, aby zapisa\u0107 swoje post\u0119py, list\u0119 \u015bcie\u017cek do s\u0142uchania (na wypadek, gdyby\u015b czego\u015b nie rozumia\u0142) oraz dwustronne fiszki (flashcards), dzi\u0119ki kt\u00f3rym mo\u017cesz uczy\u0107 si\u0119 i przegl\u0105da\u0107 je nawet wtedy, gdy nie mo\u017cesz s\u0142ucha\u0107 mp3. Dla tych, kt\u00f3rzy lubi\u0105 si\u0119 sprawdza\u0107, w ka\u017cdej lekcji znajduje si\u0119 test t\u0142umaczeniowy z kluczem zawieraj\u0105cym poprawne odpowiedzi.<\/p>\n<p>Po w\u0142osku czyta Elisa Ciravegna i Matteo Bianchi, po polsku Krystyna Berki.<\/p>\n<ul>\n<li>00_ Lekcja \u00a0wprowadzaj\u0105ca_s\u0142ownictwo podstawowe<\/li>\n<li>Lekcja 01 &#8211; rzeczowniki, czasownik ESSERE &#8211; by\u0107, liczebniki g\u0142\u00f3wne &#8211; s\u0142ownictwo &#8211; s\u0142uchaj!<\/li>\n<li>Lekcja 02 &#8211; czasownik AVERE, rodzajnik okre\u015blony i nieokre\u015blony, czasowniki koniugacji pierwszej zako\u0144czone na -ARE<\/li>\n<li>Lekcja 03 &#8211; czasowniki koniugacji drugiej i trzeciej, przymiotniki, podstawowe zwroty grzeczno\u015bciowe<\/li>\n<li>Lekcja 04 \u2013 Czasowniki nieregularne cz\u0119\u015b\u0107 01, wyra\u017cenia mi piace i ho bisogno, okre\u015blanie czasu, m\u00f3j dzie\u0144<\/li>\n<li>Lekcja 05 &#8211; Czasowniki nieregularne cz\u0119\u015b\u0107 02, ESSERE i STARE, zaimki dzier\u017cawcze, moja rodzina<\/li>\n<li>Lekcja 06 &#8211; Czasowniki nieregularne cz\u0119\u015b\u0107 03, czasowniki modalne, dni tygodnia, wyra\u017cenia PRIMA i DOPO DI<\/li>\n<li>Lekcja 07 &#8211; Czasowniki nieregularne cz\u0119\u015b\u0107 04, liczby od 20 do 1000, liczebniki porz\u0105dkowe<\/li>\n<li>Lekcja 08 &#8211; Wybrane czasowniki koniugacji drugiej i trzeciej, wyra\u017cenia c&#8217;\u00e8 i ci sono, przyimki podstawowe<\/li>\n<li>Lekcja 09 &#8211; Pozosta\u0142e czasowniki koniugacji pierwszej, przyimki z rodzajnikiem okre\u015blonym, przyimki miejsca, moje mieszkanie<\/li>\n<li>Lekcja 10 &#8211; Czas ci\u0105g\u0142y, przyimki z rodzajnikiem okre\u015blonym, czas przesz\u0142y passato prossimo, miesi\u0105ce<\/li>\n<\/ul>\n","protected":false},"excerpt":{"rendered":"<p>W tym kursie Gramatyka w\u0142oska A1, A2 dla pocz\u0105tkuj\u0105cych i lekko zaawansowanych nauczysz si\u0119 podstaw j\u0119zyka w\u0142oskiego zaczynaj\u0105c od wymowy, poprzez rodzajniki, powszechnie u\u017cywane czasowniki i wyra\u017cenia przyimkowe a\u017c po zwroty konwersacyjne.<\/p>\n","protected":false},"featured_media":1664,"comment_status":"open","ping_status":"closed","template":"","meta":{"_acf_changed":false,"inline_featured_image":false,"_sitemap_exclude":false,"_sitemap_priority":"","_sitemap_frequency":""},"product_brand":[],"product_cat":[90,89],"product_tag":[],"class_list":{"0":"post-1659","1":"product","2":"type-product","3":"status-publish","4":"has-post-thumbnail","6":"product_cat-specjalistyczny-wloski","7":"product_cat-wloski","9":"first","10":"instock","11":"downloadable","12":"virtual","13":"purchasable","14":"product-type-simple"},"acf":[],"_links":{"self":[{"href":"https:\/\/audioacademyeu.eu\/pl\/wp-json\/wp\/v2\/product\/1659","targetHints":{"allow":["GET"]}}],"collection":[{"href":"https:\/\/audioacademyeu.eu\/pl\/wp-json\/wp\/v2\/product"}],"about":[{"href":"https:\/\/audioacademyeu.eu\/pl\/wp-json\/wp\/v2\/types\/product"}],"replies":[{"embeddable":true,"href":"https:\/\/audioacademyeu.eu\/pl\/wp-json\/wp\/v2\/comments?post=1659"}],"wp:featuredmedia":[{"embeddable":true,"href":"https:\/\/audioacademyeu.eu\/pl\/wp-json\/wp\/v2\/media\/1664"}],"wp:attachment":[{"href":"https:\/\/audioacademyeu.eu\/pl\/wp-json\/wp\/v2\/media?parent=1659"}],"wp:term":[{"taxonomy":"product_brand","embeddable":true,"href":"https:\/\/audioacademyeu.eu\/pl\/wp-json\/wp\/v2\/product_brand?post=1659"},{"taxonomy":"product_cat","embeddable":true,"href":"https:\/\/audioacademyeu.eu\/pl\/wp-json\/wp\/v2\/product_cat?post=1659"},{"taxonomy":"product_tag","embeddable":true,"href":"https:\/\/audioacademyeu.eu\/pl\/wp-json\/wp\/v2\/product_tag?post=1659"}],"curies":[{"name":"wp","href":"https:\/\/api.w.org\/{rel}","templated":true}]}}