
{"id":1654,"date":"2024-05-30T10:24:04","date_gmt":"2024-05-30T08:24:04","guid":{"rendered":"https:\/\/audioacademyeu.eu\/pl\/?post_type=product&#038;p=1654"},"modified":"2024-05-31T20:16:22","modified_gmt":"2024-05-31T18:16:22","slug":"gramatyka-wloska-b1","status":"publish","type":"product","link":"https:\/\/audioacademyeu.eu\/pl\/item\/gramatyka-wloska-b1\/","title":{"rendered":"Gramatyka w\u0142oska B1"},"content":{"rendered":"<p>W tym kursie Gramatyka w\u0142oska B1 dla lekko zaawansowanych i \u015brednio zaawansowanych mo\u017cesz zapozna\u0107 si\u0119 z podstawami, ale tak\u017ce mo\u017cesz doskonali\u0107 si\u0119 w bardziej skomplikowanych tematach takich jak: czasy przesz\u0142e, tryb warunkowy, tryb \u0142\u0105cz\u0105cy, czas przysz\u0142y i strona bierna.<\/p>\n<p>Kurs obejmuje r\u00f3wnie\u017c tematy konwersacyjne, w kt\u00f3rych znajdziesz najcz\u0119\u015bciej u\u017cywane zwroty i wyra\u017cenia potrzebne do komunikacji w hotelu, w mie\u015bcie, w gabinecie lekarskim i w sklepie.<\/p>\n<p>Kurs oparty jest na nauce kontekstowej, co oznacza, \u017ce poznasz nie tylko s\u0142\u00f3wka, ale tak\u017ce zdania, w kt\u00f3rych mo\u017cesz ich u\u017cy\u0107. W tym kursie znajdziesz \u0142\u0105cznie 1600 s\u0142\u00f3wek i zda\u0144 \u0107wiczeniowych.<\/p>\n<p>Kurs ten ma do dyspozycji skrypty, kt\u00f3re mo\u017cesz pobra\u0107 za darmo i kt\u00f3re znacznie usprawniaj\u0105 Twoj\u0105 prac\u0119 z kursem.\u00a0 W skryptach znajdziesz przewodnik po nauce z przydatnymi wskaz\u00f3wkami, jak uczyni\u0107 nauk\u0119 bardziej efektywn\u0105, plan nauki, aby zapisa\u0107 swoje post\u0119py, list\u0119 \u015bcie\u017cek do s\u0142uchania (na wypadek, gdyby\u015b czego\u015b nie rozumia\u0142) oraz dwustronne fiszki (flashcards), dzi\u0119ki kt\u00f3rym mo\u017cesz uczy\u0107 si\u0119 i przegl\u0105da\u0107 je nawet wtedy, gdy nie mo\u017cesz s\u0142ucha\u0107 mp3. Dla tych, kt\u00f3rzy lubi\u0105 si\u0119 sprawdza\u0107, w ka\u017cdej lekcji znajduje si\u0119 test t\u0142umaczeniowy z kluczem zawieraj\u0105cym poprawne odpowiedzi.<\/p>\n<p>Po w\u0142osku czyta Elisa Ciravegna i Matteo Bianchi, po polsku Krystyna Berki.<\/p>\n<ul>\n<li>Lekcja 11 &#8211; Powt\u00f3rzenie &#8211; Odmiana czasownik\u00f3w regularnych i nieregularnych &#8211; s\u0142uchanie<\/li>\n<li>Lekcja 12 &#8211; Powt\u00f3rzenie &#8211; Wyra\u017cenia mi piace, c&#8217;\u00e9, ho bisogno, czas tera\u017aniejszy ci\u0105g\u0142y.<\/li>\n<li>Lekcja 13 &#8211; Czas przesz\u0142y Passato prossimo z czasownikiem pomocniczym AVERE, czasowniki zwrotne, ci w znaczeniu tam.<\/li>\n<li>Lekcja 14 &#8211; Czas przesz\u0142y Passato prossimo z czasownikiem pomocniczym Essere, w hotelu.<\/li>\n<li>Lekcja 15 &#8211; Czas przysz\u0142y czasownik\u00f3w regularnych i nieregularnych, prognoza pogody.<\/li>\n<li>Lekcja 16 &#8211; Czas przesz\u0142y Imperfektum, zaimki w trzecim przypadku, w restauracji.<\/li>\n<li>Lekcja 17 &#8211; Zaimki w czwartym przypadku, zaimek ne, zakupy.<\/li>\n<li>Lekcja 18 &#8211; Tryb warunkowy czasu tera\u017aniejszego i przesz\u0142ego. Zaimki w trzecim i czwartym przypadku.<\/li>\n<li>Lekcja 19 &#8211; Tryb rozkazuj\u0105cy, przymiotniki i stopniowanie, u lekarza.<\/li>\n<li>Lekcja 20 &#8211; Tryb \u0142\u0105cz\u0105cy, strona bierna, wizyta w mie\u015bcie.<\/li>\n<\/ul>\n<p>&nbsp;<\/p>\n","protected":false},"excerpt":{"rendered":"<p>W tym kursie Gramatyka w\u0142oska B1 dla lekko zaawansowanych i \u015brednio zaawansowanych mo\u017cesz zapozna\u0107 si\u0119 z podstawami, ale tak\u017ce mo\u017cesz doskonali\u0107 si\u0119 w bardziej skomplikowanych tematach takich jak: czasy przesz\u0142e, tryb warunkowy, tryb \u0142\u0105cz\u0105cy, czas przysz\u0142y i strona bierna.<\/p>\n","protected":false},"featured_media":1663,"comment_status":"open","ping_status":"closed","template":"","meta":{"_acf_changed":false,"inline_featured_image":false,"_sitemap_exclude":false,"_sitemap_priority":"","_sitemap_frequency":""},"product_brand":[],"product_cat":[90,89],"product_tag":[],"class_list":{"0":"post-1654","1":"product","2":"type-product","3":"status-publish","4":"has-post-thumbnail","6":"product_cat-specjalistyczny-wloski","7":"product_cat-wloski","9":"first","10":"instock","11":"downloadable","12":"virtual","13":"purchasable","14":"product-type-simple"},"acf":[],"_links":{"self":[{"href":"https:\/\/audioacademyeu.eu\/pl\/wp-json\/wp\/v2\/product\/1654","targetHints":{"allow":["GET"]}}],"collection":[{"href":"https:\/\/audioacademyeu.eu\/pl\/wp-json\/wp\/v2\/product"}],"about":[{"href":"https:\/\/audioacademyeu.eu\/pl\/wp-json\/wp\/v2\/types\/product"}],"replies":[{"embeddable":true,"href":"https:\/\/audioacademyeu.eu\/pl\/wp-json\/wp\/v2\/comments?post=1654"}],"wp:featuredmedia":[{"embeddable":true,"href":"https:\/\/audioacademyeu.eu\/pl\/wp-json\/wp\/v2\/media\/1663"}],"wp:attachment":[{"href":"https:\/\/audioacademyeu.eu\/pl\/wp-json\/wp\/v2\/media?parent=1654"}],"wp:term":[{"taxonomy":"product_brand","embeddable":true,"href":"https:\/\/audioacademyeu.eu\/pl\/wp-json\/wp\/v2\/product_brand?post=1654"},{"taxonomy":"product_cat","embeddable":true,"href":"https:\/\/audioacademyeu.eu\/pl\/wp-json\/wp\/v2\/product_cat?post=1654"},{"taxonomy":"product_tag","embeddable":true,"href":"https:\/\/audioacademyeu.eu\/pl\/wp-json\/wp\/v2\/product_tag?post=1654"}],"curies":[{"name":"wp","href":"https:\/\/api.w.org\/{rel}","templated":true}]}}