
{"id":1612,"date":"2024-04-18T15:17:06","date_gmt":"2024-04-18T13:17:06","guid":{"rendered":"https:\/\/audioacademyeu.eu\/pl\/?post_type=product&#038;p=1612"},"modified":"2025-06-17T20:09:38","modified_gmt":"2025-06-17T18:09:38","slug":"pack-francuski-dla-srednio-zaawansowanych-2","status":"publish","type":"product","link":"https:\/\/audioacademyeu.eu\/pl\/item\/pack-francuski-dla-srednio-zaawansowanych-2\/","title":{"rendered":"Pack &#8211; Francuski dla \u015brednio zaawansowanych"},"content":{"rendered":"<p><strong>Francuski dla \u015brednio zaawansowanych B1 &#8211; cz\u0119\u015b\u0107 01<\/strong><br \/>\nDzi\u0119kujemy za zainteresowanie kursem. Kurs Francuski dla \u015brednio zaawansowanych B1 &#8211; cz\u0119\u015b\u0107 01 przeznaczony jest dla os\u00f3b \u015brednio zaawansowanych i zaawansowanych, wi\u0119c aby w pe\u0142ni wykorzysta\u0107 jego mo\u017cliwo\u015bci powiniene\u015b mie\u0107 za sob\u0105 rok lub dwa lata nauki j\u0119zyka francuskiego i opanowane podstawy.<\/p>\n<p><strong>Francuski dla \u015brednio zaawansowanych B1 &#8211; cz\u0119\u015b\u0107 02<\/strong><br \/>\nKurs Francuski dla \u015brednio zaawansowanych B1 &#8211; cz\u0119\u015b\u0107 02przeznaczony jest dla os\u00f3b \u015brednio zaawansowanych i zaawansowanych, wi\u0119c aby w pe\u0142ni wykorzysta\u0107 jego mo\u017cliwo\u015bci powiniene\u015b mie\u0107 za sob\u0105 rok lub dwa lata nauki j\u0119zyka francuskiego i opanowane podstawy.<\/p>\n<p><strong>Francuski techniczny A1-B1<\/strong><br \/>\nKurs Francuski techniczny A1-B1 przeznaczony jest dla os\u00f3b pocz\u0105tkuj\u0105cych i \u015brednio zaawansowanych i skupia si\u0119 na s\u0142ownictwie, kt\u00f3re mo\u017cesz wykorzysta\u0107 w dziedzinie technicznej.<\/p>\n","protected":false},"excerpt":{"rendered":"<p>Pack &#8211; Hiszpa\u0144ski dla \u015brednio zaawansowanych &#8211; Francuski dla \u015brednio zaawansowanych B1 &#8211; cz\u0119\u015b\u0107 01, Francuski dla \u015brednio zaawansowanych B1 &#8211; cz\u0119\u015b\u0107 02, Francuski techniczny A1-B1<\/p>\n","protected":false},"featured_media":1608,"comment_status":"open","ping_status":"closed","template":"","meta":{"_acf_changed":true,"inline_featured_image":false,"_sitemap_exclude":false,"_sitemap_priority":"","_sitemap_frequency":""},"product_brand":[],"product_cat":[139,65],"product_tag":[],"class_list":{"0":"post-1612","1":"product","2":"type-product","3":"status-publish","4":"has-post-thumbnail","6":"product_cat-francuski-korzystny-pakiet","7":"product_cat-korzystny-pakiet","9":"first","10":"instock","11":"downloadable","12":"virtual","13":"purchasable","14":"product-type-simple"},"acf":[],"_links":{"self":[{"href":"https:\/\/audioacademyeu.eu\/pl\/wp-json\/wp\/v2\/product\/1612","targetHints":{"allow":["GET"]}}],"collection":[{"href":"https:\/\/audioacademyeu.eu\/pl\/wp-json\/wp\/v2\/product"}],"about":[{"href":"https:\/\/audioacademyeu.eu\/pl\/wp-json\/wp\/v2\/types\/product"}],"replies":[{"embeddable":true,"href":"https:\/\/audioacademyeu.eu\/pl\/wp-json\/wp\/v2\/comments?post=1612"}],"wp:featuredmedia":[{"embeddable":true,"href":"https:\/\/audioacademyeu.eu\/pl\/wp-json\/wp\/v2\/media\/1608"}],"wp:attachment":[{"href":"https:\/\/audioacademyeu.eu\/pl\/wp-json\/wp\/v2\/media?parent=1612"}],"wp:term":[{"taxonomy":"product_brand","embeddable":true,"href":"https:\/\/audioacademyeu.eu\/pl\/wp-json\/wp\/v2\/product_brand?post=1612"},{"taxonomy":"product_cat","embeddable":true,"href":"https:\/\/audioacademyeu.eu\/pl\/wp-json\/wp\/v2\/product_cat?post=1612"},{"taxonomy":"product_tag","embeddable":true,"href":"https:\/\/audioacademyeu.eu\/pl\/wp-json\/wp\/v2\/product_tag?post=1612"}],"curies":[{"name":"wp","href":"https:\/\/api.w.org\/{rel}","templated":true}]}}