
{"id":1610,"date":"2024-04-18T15:13:26","date_gmt":"2024-04-18T13:13:26","guid":{"rendered":"https:\/\/audioacademyeu.eu\/pl\/?post_type=product&#038;p=1610"},"modified":"2025-06-17T20:10:08","modified_gmt":"2025-06-17T18:10:08","slug":"pack-francuski-maxi-2","status":"publish","type":"product","link":"https:\/\/audioacademyeu.eu\/pl\/item\/pack-francuski-maxi-2\/","title":{"rendered":"Pack &#8211; Francuski maxi"},"content":{"rendered":"<p><strong>Francuski dla pocz\u0105tkuj\u0105cych A1-A2<\/strong><br \/>\nKurs Francuski dla pocz\u0105tkuj\u0105cych A1-A2 przeznaczony jest dla os\u00f3b ca\u0142kowicie i fa\u0142szywie pocz\u0105tkuj\u0105cych, wi\u0119c je\u015bli uczysz si\u0119 francuskiego od jakiego\u015b czasu i chcesz podszlifowa\u0107 podstawy, to jest to kurs dla Ciebie.<\/p>\n<p><strong>Francuski dla \u015brednio zaawansowanych B1 &#8211; cz\u0119\u015b\u0107 01<\/strong><br \/>\nDzi\u0119kujemy za zainteresowanie kursem. Kurs Francuski dla \u015brednio zaawansowanych B1 &#8211; cz\u0119\u015b\u0107 01 przeznaczony jest dla os\u00f3b \u015brednio zaawansowanych i zaawansowanych, wi\u0119c aby w pe\u0142ni wykorzysta\u0107 jego mo\u017cliwo\u015bci powiniene\u015b mie\u0107 za sob\u0105 rok lub dwa lata nauki j\u0119zyka francuskiego i opanowane podstawy.<\/p>\n<p><strong>Francuski dla \u015brednio zaawansowanych B1 &#8211; cz\u0119\u015b\u0107 02<\/strong><br \/>\nKurs Francuski dla \u015brednio zaawansowanych B1 &#8211; cz\u0119\u015b\u0107 02przeznaczony jest dla os\u00f3b \u015brednio zaawansowanych i zaawansowanych, wi\u0119c aby w pe\u0142ni wykorzysta\u0107 jego mo\u017cliwo\u015bci powiniene\u015b mie\u0107 za sob\u0105 rok lub dwa lata nauki j\u0119zyka francuskiego i opanowane podstawy.<\/p>\n<p><strong>Francuski dla zaawansowanych B2<\/strong><br \/>\nKurs Francuski dla zaawansowanych B2 przeznaczony jest dla os\u00f3b zaawansowanych, wi\u0119c aby w pe\u0142ni wykorzysta\u0107 jego mo\u017cliwo\u015bci powiniene\u015b mie\u0107 za sob\u0105 dwa lub trzy lata nauki j\u0119zyka francuskiego i opanowane podstawy.<\/p>\n","protected":false},"excerpt":{"rendered":"<p>Pack &#8211; Hiszpa\u0144ski maxi &#8211; Francuski dla pocz\u0105tkuj\u0105cych A1-A2, Francuski dla \u015brednio zaawansowanych B1 &#8211; cz\u0119\u015b\u0107 01, 02, Francuski dla zaawansowanych B2<\/p>\n","protected":false},"featured_media":1607,"comment_status":"open","ping_status":"closed","template":"","meta":{"_acf_changed":true,"inline_featured_image":false,"_sitemap_exclude":false,"_sitemap_priority":"","_sitemap_frequency":""},"product_brand":[],"product_cat":[139,65],"product_tag":[],"class_list":{"0":"post-1610","1":"product","2":"type-product","3":"status-publish","4":"has-post-thumbnail","6":"product_cat-francuski-korzystny-pakiet","7":"product_cat-korzystny-pakiet","9":"first","10":"instock","11":"downloadable","12":"virtual","13":"purchasable","14":"product-type-simple"},"acf":[],"_links":{"self":[{"href":"https:\/\/audioacademyeu.eu\/pl\/wp-json\/wp\/v2\/product\/1610","targetHints":{"allow":["GET"]}}],"collection":[{"href":"https:\/\/audioacademyeu.eu\/pl\/wp-json\/wp\/v2\/product"}],"about":[{"href":"https:\/\/audioacademyeu.eu\/pl\/wp-json\/wp\/v2\/types\/product"}],"replies":[{"embeddable":true,"href":"https:\/\/audioacademyeu.eu\/pl\/wp-json\/wp\/v2\/comments?post=1610"}],"wp:featuredmedia":[{"embeddable":true,"href":"https:\/\/audioacademyeu.eu\/pl\/wp-json\/wp\/v2\/media\/1607"}],"wp:attachment":[{"href":"https:\/\/audioacademyeu.eu\/pl\/wp-json\/wp\/v2\/media?parent=1610"}],"wp:term":[{"taxonomy":"product_brand","embeddable":true,"href":"https:\/\/audioacademyeu.eu\/pl\/wp-json\/wp\/v2\/product_brand?post=1610"},{"taxonomy":"product_cat","embeddable":true,"href":"https:\/\/audioacademyeu.eu\/pl\/wp-json\/wp\/v2\/product_cat?post=1610"},{"taxonomy":"product_tag","embeddable":true,"href":"https:\/\/audioacademyeu.eu\/pl\/wp-json\/wp\/v2\/product_tag?post=1610"}],"curies":[{"name":"wp","href":"https:\/\/api.w.org\/{rel}","templated":true}]}}