
{"id":1577,"date":"2024-04-18T13:57:04","date_gmt":"2024-04-18T11:57:04","guid":{"rendered":"https:\/\/audioacademyeu.eu\/pl\/?post_type=product&#038;p=1577"},"modified":"2024-04-18T16:01:27","modified_gmt":"2024-04-18T14:01:27","slug":"francuski-dla-srednio-zaawansowanych-b1-czesc-01","status":"publish","type":"product","link":"https:\/\/audioacademyeu.eu\/pl\/item\/francuski-dla-srednio-zaawansowanych-b1-czesc-01\/","title":{"rendered":"Francuski dla \u015brednio zaawansowanych B1 &#8211; cz\u0119\u015b\u0107 01"},"content":{"rendered":"<p>Dzi\u0119kujemy za zainteresowanie kursem. Kurs Francuski dla \u015brednio zaawansowanych B1 &#8211; cz\u0119\u015b\u0107 01 przeznaczony jest dla os\u00f3b \u015brednio zaawansowanych i zaawansowanych, wi\u0119c aby w pe\u0142ni wykorzysta\u0107 jego mo\u017cliwo\u015bci powiniene\u015b mie\u0107 za sob\u0105 rok lub dwa lata nauki j\u0119zyka francuskiego i opanowane podstawy.<\/p>\n<p>Kurs oparty jest na nauce kontekstowej, co oznacza, \u017ce poznasz nie tylko s\u0142\u00f3wka, ale tak\u017ce zdania, w\u00a0kt\u00f3rych mo\u017cesz ich u\u017cy\u0107. Ze wzgl\u0119du na swoj\u0105 obszerno\u015b\u0107 podzielony jest na dwie cz\u0119\u015bci, a Ty czytasz w\u0142a\u015bnie wst\u0119p do cz\u0119\u015bci pierwszej. W sumie znajdziesz 3000 s\u0142\u00f3wek i zda\u0144 \u0107wiczeniowych.<\/p>\n<p>Poszczeg\u00f3lne lekcje podzielone s\u0105 tematycznie, ka\u017cda zawiera inn\u0105 liczb\u0119 s\u0142\u00f3w i zda\u0144. Poziom B1 jest \u015brednio zaawansowany, wi\u0119c najwi\u0119cej miejsca po\u015bwi\u0119ca si\u0119 tematom takim jak praca, nieruchomo\u015bci, czynno\u015bci, natomiast tematy takie jak podr\u00f3\u017cowanie, wypoczynek, rodzina s\u0105 poruszane w mniejszym stopniu, poniewa\u017c po\u015bwi\u0119cono im wi\u0119cej miejsca w poprzedniej cz\u0119\u015bci kursu.<\/p>\n<p>Jaki jest najlepszy spos\u00f3b pracy z kursem? Wybierz lekcj\u0119, od kt\u00f3rej chcesz zacz\u0105\u0107. Ka\u017cda lekcja zawiera sze\u015b\u0107 \u015bcie\u017cek d\u017awi\u0119kowych. Najpierw, w ka\u017cdej lekcji, zapoznaj si\u0119 z samym s\u0142ownictwem (\u015bcie\u017cki 1 i 2). Aby lepiej zapami\u0119ta\u0107 dane s\u0142owo, wys\u0142uchasz go dwukrotnie. Nast\u0119pnie masz s\u0142owo ze s\u0142ownictwa, po kt\u00f3rym nast\u0119puje przyk\u0142adowe zdanie, ponownie w obu opcjach t\u0142umaczenia (\u015bcie\u017cka 3 i 4). Nast\u0119pnie przechodzisz do pe\u0142nych zda\u0144 (\u015bcie\u017cki 5 i 6). W \u015bcie\u017cce 5 us\u0142yszysz zdanie w j\u0119zyku francuskim ponownie dwukrotnie. Uda Ci si\u0119 osi\u0105gn\u0105\u0107 cel kursu, gdy opanujesz t\u0142umaczenie zda\u0144 z j\u0119zyka polskiego na francuski (lekcja 6) w luce czasowej przed t\u0142umaczeniem na francuski. Same s\u0142owa pomog\u0105 Ci tylko w zrozumieniu znaczenia, ale u\u017cywanie opanowanych pe\u0142nych zda\u0144 pomo\u017ce Ci porozumie\u0107 si\u0119 znacznie lepiej.<\/p>\n<p>Kurz ten ma do dyspozycii skrypty, kt\u00f3re mo\u017cesz pobra\u0107 za darmo i kt\u00f3re znacznie usprawnia Twoja twoj\u0105 prac\u0119 z kursem. W skryptach znajdziesz przewodnik po nauce z przydatnymi wskaz\u00f3wkami, jak uczyni\u0107 nauk\u0119 bardziej efektywn\u0105, plan nauki, aby zapisa\u0107 swoje post\u0119py, list\u0119 \u015bcie\u017cek do s\u0142uchania (na wypadek, gdyby\u015b czego\u015b nie rozumia\u0142) oraz dwustronne fiszki (flashcards), dzi\u0119ki kt\u00f3rym mo\u017cesz uczy\u0107 si\u0119 i przegl\u0105da\u0107 je nawet wtedy, gdy nie mo\u017cesz s\u0142ucha\u0107 mp3. Dla tych, kt\u00f3rzy lubi\u0105 si\u0119 sprawdza\u0107, w ka\u017cdej lekcji znajduje si\u0119 test t\u0142umaczeniowy z kluczem zawieraj\u0105cym poprawne odpowiedzi.<\/p>\n<p>Lekcja 1 &#8211; Czynno\u015b\u0107i &#8211; 01<\/p>\n<p>Lekcja 2 &#8211; Czynno\u015b\u0107i &#8211; 02<\/p>\n<p>Lekcja 3 &#8211; Mieszkanie<\/p>\n<p>Lekcja 4 &#8211; Podr\u00f3\u017ce &#8211; 01<\/p>\n<p>Lekcja 5 -Podr\u00f3\u017ce &#8211; 02<\/p>\n<p>Lekcja 6 &#8211; Dzie\u0144<\/p>\n<p>Lekcja 7 &#8211; Jedzenie<\/p>\n<p>Lekcja 8 -Komunikacja &#8211; 01<\/p>\n<p>Lekcja 9 &#8211; Komunikacja &#8211; 02<\/p>\n<p>Lekcja 10 &#8211; Komunikacja &#8211; 03<\/p>\n<p>Lekcja 11 &#8211; Miasto<\/p>\n","protected":false},"excerpt":{"rendered":"<p>Dzi\u0119kujemy za zainteresowanie kursem. Kurs Francuski dla \u015brednio zaawansowanych B1 &#8211; cz\u0119\u015b\u0107 01 przeznaczony jest dla os\u00f3b \u015brednio zaawansowanych i zaawansowanych, wi\u0119c aby w pe\u0142ni wykorzysta\u0107 jego mo\u017cliwo\u015bci powiniene\u015b mie\u0107 za sob\u0105 rok lub dwa lata nauki j\u0119zyka francuskiego i opanowane podstawy.<\/p>\n","protected":false},"featured_media":1580,"comment_status":"open","ping_status":"closed","template":"","meta":{"_acf_changed":false,"inline_featured_image":false,"_sitemap_exclude":false,"_sitemap_priority":"","_sitemap_frequency":""},"product_brand":[],"product_cat":[130,41],"product_tag":[],"class_list":{"0":"post-1577","1":"product","2":"type-product","3":"status-publish","4":"has-post-thumbnail","6":"product_cat-ogolny-francuski","7":"product_cat-francuski","9":"first","10":"instock","11":"downloadable","12":"virtual","13":"purchasable","14":"product-type-simple"},"acf":[],"_links":{"self":[{"href":"https:\/\/audioacademyeu.eu\/pl\/wp-json\/wp\/v2\/product\/1577","targetHints":{"allow":["GET"]}}],"collection":[{"href":"https:\/\/audioacademyeu.eu\/pl\/wp-json\/wp\/v2\/product"}],"about":[{"href":"https:\/\/audioacademyeu.eu\/pl\/wp-json\/wp\/v2\/types\/product"}],"replies":[{"embeddable":true,"href":"https:\/\/audioacademyeu.eu\/pl\/wp-json\/wp\/v2\/comments?post=1577"}],"wp:featuredmedia":[{"embeddable":true,"href":"https:\/\/audioacademyeu.eu\/pl\/wp-json\/wp\/v2\/media\/1580"}],"wp:attachment":[{"href":"https:\/\/audioacademyeu.eu\/pl\/wp-json\/wp\/v2\/media?parent=1577"}],"wp:term":[{"taxonomy":"product_brand","embeddable":true,"href":"https:\/\/audioacademyeu.eu\/pl\/wp-json\/wp\/v2\/product_brand?post=1577"},{"taxonomy":"product_cat","embeddable":true,"href":"https:\/\/audioacademyeu.eu\/pl\/wp-json\/wp\/v2\/product_cat?post=1577"},{"taxonomy":"product_tag","embeddable":true,"href":"https:\/\/audioacademyeu.eu\/pl\/wp-json\/wp\/v2\/product_tag?post=1577"}],"curies":[{"name":"wp","href":"https:\/\/api.w.org\/{rel}","templated":true}]}}