
{"id":1383,"date":"2023-09-17T17:11:36","date_gmt":"2023-09-17T15:11:36","guid":{"rendered":"https:\/\/audioacademyeu.eu\/pl\/?post_type=product&#038;p=1383"},"modified":"2025-06-17T20:10:58","modified_gmt":"2025-06-17T18:10:58","slug":"pack-rosyjski-maxi","status":"publish","type":"product","link":"https:\/\/audioacademyeu.eu\/pl\/item\/pack-rosyjski-maxi\/","title":{"rendered":"Pack &#8211; Rosyjski maxi"},"content":{"rendered":"<p>Kurs S\u0142ownictwo rosyjskie A1-A2 przeznaczony jest dla os\u00f3b ca\u0142kowicie i fa\u0142szywie pocz\u0105tkuj\u0105cych, wi\u0119c je\u015bli uczysz si\u0119 rosyjskiego od jakiego\u015b czasu i chcesz podszlifowa\u0107 podstawy, to jest to kurs dla Ciebie.<\/p>\n<p>Kurs S\u0142ownictwo rosyjskie B1 przeznaczony jest dla os\u00f3b \u015brednio zaawansowanych i zaawansowanych, wi\u0119c aby w pe\u0142ni wykorzysta\u0107 jego mo\u017cliwo\u015bci powiniene\u015b mie\u0107 za sob\u0105 rok lub dwa lata nauki j\u0119zyka rosyjskiego i opanowane podstawy.<\/p>\n<p>Kurs S\u0142ownictwo rosyjskie B1 &#8211; 02 przeznaczony jest dla os\u00f3b \u015brednio zaawansowanych i zaawansowanych, wi\u0119c aby w pe\u0142ni wykorzysta\u0107 jego mo\u017cliwo\u015bci powiniene\u015b mie\u0107 za sob\u0105 rok lub dwa lata nauki j\u0119zyka rosyjskiego i opanowane podstawy.<\/p>\n","protected":false},"excerpt":{"rendered":"<p>Pack &#8211; Rosyjski maxi &#8211; S\u0142ownictwo rosyjskie A1-A2, S\u0142ownictwo rosyjskie B1 &#8211; 01, S\u0142ownictwo rosyjskie B1 &#8211; 02<\/p>\n","protected":false},"featured_media":1381,"comment_status":"open","ping_status":"closed","template":"","meta":{"_acf_changed":true,"inline_featured_image":false,"_sitemap_exclude":false,"_sitemap_priority":"","_sitemap_frequency":""},"product_brand":[],"product_cat":[115,65],"product_tag":[],"class_list":{"0":"post-1383","1":"product","2":"type-product","3":"status-publish","4":"has-post-thumbnail","6":"product_cat-rosyjski-korzystny-pakiet","7":"product_cat-korzystny-pakiet","9":"first","10":"instock","11":"downloadable","12":"virtual","13":"purchasable","14":"product-type-simple"},"acf":[],"_links":{"self":[{"href":"https:\/\/audioacademyeu.eu\/pl\/wp-json\/wp\/v2\/product\/1383","targetHints":{"allow":["GET"]}}],"collection":[{"href":"https:\/\/audioacademyeu.eu\/pl\/wp-json\/wp\/v2\/product"}],"about":[{"href":"https:\/\/audioacademyeu.eu\/pl\/wp-json\/wp\/v2\/types\/product"}],"replies":[{"embeddable":true,"href":"https:\/\/audioacademyeu.eu\/pl\/wp-json\/wp\/v2\/comments?post=1383"}],"wp:featuredmedia":[{"embeddable":true,"href":"https:\/\/audioacademyeu.eu\/pl\/wp-json\/wp\/v2\/media\/1381"}],"wp:attachment":[{"href":"https:\/\/audioacademyeu.eu\/pl\/wp-json\/wp\/v2\/media?parent=1383"}],"wp:term":[{"taxonomy":"product_brand","embeddable":true,"href":"https:\/\/audioacademyeu.eu\/pl\/wp-json\/wp\/v2\/product_brand?post=1383"},{"taxonomy":"product_cat","embeddable":true,"href":"https:\/\/audioacademyeu.eu\/pl\/wp-json\/wp\/v2\/product_cat?post=1383"},{"taxonomy":"product_tag","embeddable":true,"href":"https:\/\/audioacademyeu.eu\/pl\/wp-json\/wp\/v2\/product_tag?post=1383"}],"curies":[{"name":"wp","href":"https:\/\/api.w.org\/{rel}","templated":true}]}}